{"id":11892,"date":"2026-03-03T13:49:00","date_gmt":"2026-03-03T13:49:00","guid":{"rendered":"https:\/\/tehnikabacko.rs\/?post_type=product&#038;p=11892"},"modified":"2026-03-03T13:49:00","modified_gmt":"2026-03-03T13:49:00","slug":"ingco-aku-kosacica-40v-lmli20185","status":"publish","type":"product","link":"https:\/\/tehnikabacko.rs\/index.php\/product\/ingco-aku-kosacica-40v-lmli20185\/","title":{"rendered":"Ingco aku kosa\u010dica 40V LMLI20185"},"content":{"rendered":"<p>Karakteristike:<br \/>\nMo\u017ee se uredno \u010duvati nakon sklapanja, preklopiti gornju i donju dr\u0161ku, u\u0161tedeti prostor i odr\u017eavati svoju radnu kuc\u0301u organizovanom.<br \/>\nDizajn ru\u010dnog pritiska na \u010detiri to\u010dkaDizajn ru\u010dnog pritiska na \u010detiri to\u010dka.<br \/>\nBL motor (bez \u010detkica).<br \/>\nNapon: 40V (20V+20V)<br \/>\nBrzina praznog hoda: 2800rpm.<br \/>\nMaksimalni pre\u010dnik se\u010denja: 460 mm.<br \/>\nKapacitet torbe: 60L.<br \/>\nOpseg visine se\u010denja: 30-80 mm.<br \/>\nPolo\u017eaji visine se\u010denja: 8 brzina.<br \/>\nPode\u0161avanje visine se\u010denja sa jednom polugom.<br \/>\n3 funkcije: vre\u0107a \/ zagrtavanje \/ bo\u010dno pra\u017enjenje.<\/p>\n<p>Obim isporuke:<br \/>\nLMLI20185 40V Akumulatorska kosa\u010dica sa BL motorom INGCO;<br \/>\n1 x \u010dep za zagrtavanje;<br \/>\n1 x otvor za bo\u010dno pra\u017enjenje;<br \/>\nUputstvo za upotrebu proizvda;<br \/>\nKartonsko pakovanje.<br \/>\n<b>Ingco aku kosa\u010dica 40V LMLI20185<\/b>\u00a0isporu\u010duje se bez baterije i punja\u010da.<\/p>\n","protected":false},"excerpt":{"rendered":"<p><b>Ingco aku kosa\u010dica 40V LMLI20185<\/b>\u00a0je idealna za ba\u0161tenski travnjak, fudbalski teren, travnjak u zajednici, ozelenjavanje vila.<br \/>\n<b>Aku kosa\u010dica 40V Ingco LMLI20185<\/b>\u00a0se mo\u017ee brzo sklopiti bez alata zahvaljujuc\u0301i dizajnu sklopive ru\u010dke.<\/p>\n","protected":false},"featured_media":11893,"comment_status":"open","ping_status":"closed","template":"","meta":{"inline_featured_image":false},"product_brand":[],"product_cat":[274],"product_tag":[],"class_list":{"0":"post-11892","1":"product","2":"type-product","3":"status-publish","4":"has-post-thumbnail","6":"product_cat-akumulatorska-kosilica","8":"first","9":"instock","10":"sale","11":"shipping-taxable","12":"purchasable","13":"product-type-simple"},"_links":{"self":[{"href":"https:\/\/tehnikabacko.rs\/index.php\/wp-json\/wp\/v2\/product\/11892","targetHints":{"allow":["GET"]}}],"collection":[{"href":"https:\/\/tehnikabacko.rs\/index.php\/wp-json\/wp\/v2\/product"}],"about":[{"href":"https:\/\/tehnikabacko.rs\/index.php\/wp-json\/wp\/v2\/types\/product"}],"replies":[{"embeddable":true,"href":"https:\/\/tehnikabacko.rs\/index.php\/wp-json\/wp\/v2\/comments?post=11892"}],"wp:featuredmedia":[{"embeddable":true,"href":"https:\/\/tehnikabacko.rs\/index.php\/wp-json\/wp\/v2\/media\/11893"}],"wp:attachment":[{"href":"https:\/\/tehnikabacko.rs\/index.php\/wp-json\/wp\/v2\/media?parent=11892"}],"wp:term":[{"taxonomy":"product_brand","embeddable":true,"href":"https:\/\/tehnikabacko.rs\/index.php\/wp-json\/wp\/v2\/product_brand?post=11892"},{"taxonomy":"product_cat","embeddable":true,"href":"https:\/\/tehnikabacko.rs\/index.php\/wp-json\/wp\/v2\/product_cat?post=11892"},{"taxonomy":"product_tag","embeddable":true,"href":"https:\/\/tehnikabacko.rs\/index.php\/wp-json\/wp\/v2\/product_tag?post=11892"}],"curies":[{"name":"wp","href":"https:\/\/api.w.org\/{rel}","templated":true}]}}