{"id":11878,"date":"2026-02-26T14:50:29","date_gmt":"2026-02-26T14:50:29","guid":{"rendered":"https:\/\/tehnikabacko.rs\/?post_type=product&#038;p=11878"},"modified":"2026-02-26T14:50:29","modified_gmt":"2026-02-26T14:50:29","slug":"traktorska-kosacica-t92m-lc1p92f-1loncin-125-ks-33614-adk","status":"publish","type":"product","link":"https:\/\/tehnikabacko.rs\/index.php\/product\/traktorska-kosacica-t92m-lc1p92f-1loncin-125-ks-33614-adk\/","title":{"rendered":"Traktorska kosa\u010dica T92M LC1P92F-1Loncin 12,5 KS (33614) ADK"},"content":{"rendered":"<p><strong>Tehni\u010dke karakteristike proizvoda:<\/strong><\/p>\n<ul>\n<li>Brend: ADK<\/li>\n<li>Model: T92M<\/li>\n<li>\u0160ifra modela: 33614<\/li>\n<li>Zapremina motora: 452 cm\u00b3<\/li>\n<li>Snaga motora: 9,2 kW | 12,5 KS<\/li>\n<li>\u0160irina ko\u0161enja: 920 mm<\/li>\n<li>Zapremina korpe za travu: 280 l<\/li>\n<li>Visina ko\u0161nja: 30-90 mm\/ 8 pozicija<\/li>\n<li>Na\u010din ko\u0161nja: Sakupljanje, bo\u010dno izbacivanje, mal\u010diranje<\/li>\n<li>Mogu\u010dnost ko\u0161enja: Unazad<\/li>\n<li>Prenos: Mehani\u010dki<\/li>\n<li>Veli\u010dina to\u010dka (in\u010di): 15\u2019\/18\u2019<\/li>\n<\/ul>\n<p><strong>Obim isporuke proizvoda:<\/strong><\/p>\n<ul>\n<li>T92M Traktorska kosa\u010dica ADK LC1P92F-1Loncin 12,5 KS (33614)<\/li>\n<li>Uputstvo za upotrebu proizvoda<\/li>\n<li>Kartonsko pakovanje<\/li>\n<\/ul>\n<p><strong>Garancija 2+3 godine uz redovan godi\u0161nji servis<\/strong><\/p>\n","protected":false},"excerpt":{"rendered":"<p>Sa \u0161irinom ko\u0161nje od 920 mm, ova kosilica osigurava brzo i u\u010dinkovito pokrivanje va\u0161eg travnjaka.<br \/>\nPokre\u0107e je sna\u017ean i pouzdan Loncin LC1P92F-1 motor, dizajniran za vrhunsku u\u010dinkovitost i dugotrajan rad. Ovaj jednocilindri\u010dni, vazdu\u0161no hla\u0111eni, 4-taktni OHV motor sa zapreminom od 452 cm\u00b3 osigurava izvanredne performanse, nisku potro\u0161nju goriva i pouzdan rad \u010dak i u najzahtjevnijim uslovima.<br \/>\nKorpa za travu od 280 litara, mo\u017eete kositi ve\u0107e povr\u0161ine bez potrebe za \u010destim pra\u017enjenjem.<br \/>\nVisina ko\u0161nje mo\u017ee se jednostavno prilagoditi u 8 razli\u010ditih pozicija, omogu\u0107avaju\u0107i vam precizno pode\u0161avanje visine trave od 30 do 90 mm.<br \/>\nOsim klasi\u010dnog sakupljanja trave, ova kosilica nudi i mogu\u0107nost bo\u010dnog izbacivanja ili mal\u010diranja, prilago\u0111avaju\u0107i se va\u0161im preferencijama i potrebama va\u0161eg travnjaka.<br \/>\nTo\u010dkovi veli\u010dine 15\u2019\/18\u2019, osigurava se stabilnost i vu\u010da \u010dak i na neravnim terenima.<br \/>\nUz ADK traktorsku kosilicu dobijate pouzdanu, svestranu i u\u010dinkovitu kosilicu koja \u0107e va\u0161 travnjak pretvoriti u oazu ljepote i redovitog odr\u017eavanja.<\/p>\n","protected":false},"featured_media":11879,"comment_status":"open","ping_status":"closed","template":"","meta":{"inline_featured_image":false},"product_brand":[],"product_cat":[273],"product_tag":[],"class_list":{"0":"post-11878","1":"product","2":"type-product","3":"status-publish","4":"has-post-thumbnail","6":"product_cat-traktorska-kosilica","8":"first","9":"instock","10":"sale","11":"shipping-taxable","12":"purchasable","13":"product-type-simple"},"_links":{"self":[{"href":"https:\/\/tehnikabacko.rs\/index.php\/wp-json\/wp\/v2\/product\/11878","targetHints":{"allow":["GET"]}}],"collection":[{"href":"https:\/\/tehnikabacko.rs\/index.php\/wp-json\/wp\/v2\/product"}],"about":[{"href":"https:\/\/tehnikabacko.rs\/index.php\/wp-json\/wp\/v2\/types\/product"}],"replies":[{"embeddable":true,"href":"https:\/\/tehnikabacko.rs\/index.php\/wp-json\/wp\/v2\/comments?post=11878"}],"wp:featuredmedia":[{"embeddable":true,"href":"https:\/\/tehnikabacko.rs\/index.php\/wp-json\/wp\/v2\/media\/11879"}],"wp:attachment":[{"href":"https:\/\/tehnikabacko.rs\/index.php\/wp-json\/wp\/v2\/media?parent=11878"}],"wp:term":[{"taxonomy":"product_brand","embeddable":true,"href":"https:\/\/tehnikabacko.rs\/index.php\/wp-json\/wp\/v2\/product_brand?post=11878"},{"taxonomy":"product_cat","embeddable":true,"href":"https:\/\/tehnikabacko.rs\/index.php\/wp-json\/wp\/v2\/product_cat?post=11878"},{"taxonomy":"product_tag","embeddable":true,"href":"https:\/\/tehnikabacko.rs\/index.php\/wp-json\/wp\/v2\/product_tag?post=11878"}],"curies":[{"name":"wp","href":"https:\/\/api.w.org\/{rel}","templated":true}]}}