{"id":11869,"date":"2026-02-26T13:14:36","date_gmt":"2026-02-26T13:14:36","guid":{"rendered":"https:\/\/tehnikabacko.rs\/?post_type=product&#038;p=11869"},"modified":"2026-02-26T13:14:37","modified_gmt":"2026-02-26T13:14:37","slug":"colossus-elekticni-bicikl-crni-css-53q","status":"publish","type":"product","link":"https:\/\/tehnikabacko.rs\/index.php\/product\/colossus-elekticni-bicikl-crni-css-53q\/","title":{"rendered":"COLOSSUS Elekti\u010dni bicikl crni CSS-53Q"},"content":{"rendered":"<h2 class=\"product-content__block-heading\">Opis<\/h2>\n<p>Motor bez \u010detkica<\/p>\n<p>Snaga motora 250W<\/p>\n<p>Volta\u017ea motora 48V<\/p>\n<p>Potro\u0161nja na 100km \u2013 1-2kWh<\/p>\n<p>Brzina 25km\/h<\/p>\n<p>Maksimalna pre\u0111ena distanca 40km<\/p>\n<p>Nosivost do 130kg<\/p>\n<p>Prednja ko\u010dnica- bubanj<\/p>\n<p>Zadnja ko\u010dnica- bubanj<\/p>\n<p>Pedale za vo\u017enju mogu\u0107nost vo\u017enje bez pedala i mogu\u0107nost kombinovane vo\u017enje<\/p>\n<p>vreme punjenja baterije 6-8h<\/p>\n<p>Prednje LED svetlo-kratko\/dugo<\/p>\n<p>Dva retrovizira<\/p>\n<p>Prednja kutija za alat i sli\u010dno<\/p>\n<p>\u0160top svetlo<\/p>\n<p>LED \u017emigavci<\/p>\n<p>Displej -pokaziva\u010d brzine kretanja, prikaz potro\u0161nje baterije<\/p>\n<p>Klju\u010devi za bicikl<\/p>\n","protected":false},"excerpt":{"rendered":"<p>Motor bez \u010detkica<\/p>\n<p>Snaga motora 250W<\/p>\n<p>Volta\u017ea motora 48V<\/p>\n<p>Potro\u0161nja na 100km \u2013 1-2kWh<\/p>\n","protected":false},"featured_media":11870,"comment_status":"open","ping_status":"closed","template":"","meta":{"inline_featured_image":false},"product_brand":[],"product_cat":[355],"product_tag":[],"class_list":{"0":"post-11869","1":"product","2":"type-product","3":"status-publish","4":"has-post-thumbnail","6":"product_cat-elektricni-bicikli","8":"first","9":"instock","10":"sale","11":"shipping-taxable","12":"purchasable","13":"product-type-simple"},"_links":{"self":[{"href":"https:\/\/tehnikabacko.rs\/index.php\/wp-json\/wp\/v2\/product\/11869","targetHints":{"allow":["GET"]}}],"collection":[{"href":"https:\/\/tehnikabacko.rs\/index.php\/wp-json\/wp\/v2\/product"}],"about":[{"href":"https:\/\/tehnikabacko.rs\/index.php\/wp-json\/wp\/v2\/types\/product"}],"replies":[{"embeddable":true,"href":"https:\/\/tehnikabacko.rs\/index.php\/wp-json\/wp\/v2\/comments?post=11869"}],"wp:featuredmedia":[{"embeddable":true,"href":"https:\/\/tehnikabacko.rs\/index.php\/wp-json\/wp\/v2\/media\/11870"}],"wp:attachment":[{"href":"https:\/\/tehnikabacko.rs\/index.php\/wp-json\/wp\/v2\/media?parent=11869"}],"wp:term":[{"taxonomy":"product_brand","embeddable":true,"href":"https:\/\/tehnikabacko.rs\/index.php\/wp-json\/wp\/v2\/product_brand?post=11869"},{"taxonomy":"product_cat","embeddable":true,"href":"https:\/\/tehnikabacko.rs\/index.php\/wp-json\/wp\/v2\/product_cat?post=11869"},{"taxonomy":"product_tag","embeddable":true,"href":"https:\/\/tehnikabacko.rs\/index.php\/wp-json\/wp\/v2\/product_tag?post=11869"}],"curies":[{"name":"wp","href":"https:\/\/api.w.org\/{rel}","templated":true}]}}