{"id":11828,"date":"2026-02-24T14:12:20","date_gmt":"2026-02-24T14:12:20","guid":{"rendered":"https:\/\/tehnikabacko.rs\/?post_type=product&#038;p=11828"},"modified":"2026-02-24T14:12:20","modified_gmt":"2026-02-24T14:12:20","slug":"adk-motorna-kopacica-gt750d-7-ks-55-80cm","status":"publish","type":"product","link":"https:\/\/tehnikabacko.rs\/index.php\/product\/adk-motorna-kopacica-gt750d-7-ks-55-80cm\/","title":{"rendered":"ADK motorna kopa\u010dica GT750D 7 KS, 55-80cm"},"content":{"rendered":"<h2>TEHNI\u010cKE KARAKTERISTIKE<\/h2>\n<p class=\"ealati_row\"><span class=\"ealati_span\">Snaga motora<\/span><span class=\"ealati_span\">7 KS<\/span><\/p>\n<p class=\"ealati_row\"><span class=\"ealati_span\">Motor i zapremina<\/span><span class=\"ealati_span\">ADK OHV, 4-taktni benzinski, 212 cm3, zra\u010dno hla\u0111enje<\/span><\/p>\n<p class=\"ealati_row\"><span class=\"ealati_span\">Kapacitet spremnika goriva<\/span><span class=\"ealati_span\">3,6 L<\/span><\/p>\n<p class=\"ealati_row\"><span class=\"ealati_span\">Kapacitet spremnika ulja motora<\/span><span class=\"ealati_span\">0,6 L<\/span><\/p>\n<p class=\"ealati_row\"><span class=\"ealati_span\">Kapacitet spremnika ulja transmisije<\/span><span class=\"ealati_span\">0,95 L<\/span><\/p>\n<p class=\"ealati_row\"><span class=\"ealati_span\">Broj no\u017eeva<\/span><span class=\"ealati_span\">6<\/span><\/p>\n<p class=\"ealati_row\"><span class=\"ealati_span\">Radna \u0161irina<\/span><span class=\"ealati_span\">55 \/ 80 cm<\/span><\/p>\n<p class=\"ealati_row\"><span class=\"ealati_span\">Radna dubina<\/span><span class=\"ealati_span\">Do 30 cm<\/span><\/p>\n<p class=\"ealati_row\"><span class=\"ealati_span\">Brzine<\/span><span class=\"ealati_span\">2 naprijed \/ 1 nazad<\/span><\/p>\n","protected":false},"excerpt":{"rendered":"<p>Motorna kopa\u010dica ADK GT750D namijenjena je u\u010dinkovitoj obradi tla u vrtovima, povrtnjacima i na manjim poljoprivrednim povr\u0161inama. Sna\u017ean \u010detverotaktni benzinski motor s maksimalnih 7 KS osigurava pouzdan rad i dovoljno snage za zahtjevnije uvjete tla. Podesiva radna \u0161irina omogu\u0107uje prilagodbu razli\u010ditim vrstama poslova, dok radna dubina do 30 cm osigurava kvalitetno usitnjavanje i prozra\u010divanje zemlje. Vi\u0161e brzina kretanja, uklju\u010duju\u0107i hod unazad, olak\u0161ava upravljanje i pove\u0107ava kontrolu tijekom rada. Robusna konstrukcija \u010dini ovu kopa\u010dicu prakti\u010dnim i pouzdanim izborom za svakodnevne poljoprivredne zadatke.<\/p>\n","protected":false},"featured_media":11829,"comment_status":"open","ping_status":"closed","template":"","meta":{"inline_featured_image":false},"product_brand":[],"product_cat":[282,301],"product_tag":[],"class_list":{"0":"post-11828","1":"product","2":"type-product","3":"status-publish","4":"has-post-thumbnail","6":"product_cat-kultivatori","7":"product_cat-motorni-kultivator","9":"first","10":"instock","11":"sale","12":"shipping-taxable","13":"purchasable","14":"product-type-simple"},"_links":{"self":[{"href":"https:\/\/tehnikabacko.rs\/index.php\/wp-json\/wp\/v2\/product\/11828","targetHints":{"allow":["GET"]}}],"collection":[{"href":"https:\/\/tehnikabacko.rs\/index.php\/wp-json\/wp\/v2\/product"}],"about":[{"href":"https:\/\/tehnikabacko.rs\/index.php\/wp-json\/wp\/v2\/types\/product"}],"replies":[{"embeddable":true,"href":"https:\/\/tehnikabacko.rs\/index.php\/wp-json\/wp\/v2\/comments?post=11828"}],"wp:featuredmedia":[{"embeddable":true,"href":"https:\/\/tehnikabacko.rs\/index.php\/wp-json\/wp\/v2\/media\/11829"}],"wp:attachment":[{"href":"https:\/\/tehnikabacko.rs\/index.php\/wp-json\/wp\/v2\/media?parent=11828"}],"wp:term":[{"taxonomy":"product_brand","embeddable":true,"href":"https:\/\/tehnikabacko.rs\/index.php\/wp-json\/wp\/v2\/product_brand?post=11828"},{"taxonomy":"product_cat","embeddable":true,"href":"https:\/\/tehnikabacko.rs\/index.php\/wp-json\/wp\/v2\/product_cat?post=11828"},{"taxonomy":"product_tag","embeddable":true,"href":"https:\/\/tehnikabacko.rs\/index.php\/wp-json\/wp\/v2\/product_tag?post=11828"}],"curies":[{"name":"wp","href":"https:\/\/api.w.org\/{rel}","templated":true}]}}