{"id":11808,"date":"2026-02-12T14:18:48","date_gmt":"2026-02-12T14:18:48","guid":{"rendered":"https:\/\/tehnikabacko.rs\/?post_type=product&#038;p=11808"},"modified":"2026-02-12T14:18:48","modified_gmt":"2026-02-12T14:18:48","slug":"motorni-trimer-za-travu-gtb5207u-145kw-197ks","status":"publish","type":"product","link":"https:\/\/tehnikabacko.rs\/index.php\/product\/motorni-trimer-za-travu-gtb5207u-145kw-197ks\/","title":{"rendered":"Motorni trimer za travu GTB5207U 1,45kW \/ 1,97KS"},"content":{"rendered":"<p><strong>Tehni\u010dke karakteristike proizvoda:<\/strong><\/p>\n<ul>\n<li>Brend: ADK<\/li>\n<li>Model: GTB5207U<\/li>\n<li>Tip motora: vazdu\u0161no hladjenje, dvotaktni benzin<\/li>\n<li>Odnos me\u0161anja goriva (benzin) \/ ulja za 2-taktne motore: 25:1) -4%<\/li>\n<li>Snaga: 1,45kW \/ 1,97KS<\/li>\n<li>Zapremina: 52cc<\/li>\n<li>Brzina praznog hoda: 3000r \/ min<\/li>\n<li>Maksimalna brzina: 9500r \/ min<\/li>\n<li>Tip no\u0161enja: Bo\u010dno<\/li>\n<li>Vrsta ru\u010dke: U-tip<\/li>\n<\/ul>\n<p><strong>Obim isporuke proizvoda:<\/strong><\/p>\n<ul>\n<li>GTB5207U Motorni trimer za travu 1,45kW \/ 1,97KS (32808) ADK<\/li>\n<li>Glava trimera sa strunom<\/li>\n<li>Trokraki no\u017e<\/li>\n<li>Uputstvo za upotrebu proizvoda<\/li>\n<\/ul>\n<p><strong>Saobraznost 24 meseci<\/strong><\/p>\n","protected":false},"excerpt":{"rendered":"<p>Benzinski motorni trimer kojeg pokrec\u0301e motor od 25cc i isporu\u010duje 1,97 KS.<br \/>\nADK GTB5207U \u00a0je dizajniran posebno za mesta gde su kosilice na to\u010dkovima neefikasne, uklju\u010dujuc\u0301i padine, podru\u010dja sa gustim drvec\u0301em i \u017ebunjem, travnate povr\u0161ine oko zgrada, ograde i jo\u0161 mnogo toga.<br \/>\nDizajn modela je u potpunosti prilago\u0111en udobnosti rukovaoca tokom du\u017ee radne aktivnosti.<br \/>\nBo\u010dno no\u0161enje omoguc\u0301ava kontrolu nad ma\u0161inom u svakom trenutku upotrebe.<br \/>\nO\u0161trica je raznovrsna i besprekorno radi sa razli\u010ditim tipovima no\u017eeva, kao i sa glavom sa strunom koja je uklju\u010dena u set.<br \/>\nTo ga \u010dini idealnim za razli\u010dite zadatke, kao \u0161to su ko\u0161enje, podrezivanje i \u010di\u0161c\u0301enje ba\u0161te.<br \/>\nADK GTB5207U nudi pouzdanu funkcionalnost i pogodnost za operatera koji tra\u017ei efikasnost pri radu u razli\u010ditim uslovima.<\/p>\n","protected":false},"featured_media":11809,"comment_status":"open","ping_status":"closed","template":"","meta":{"inline_featured_image":false},"product_brand":[],"product_cat":[320,290],"product_tag":[],"class_list":{"0":"post-11808","1":"product","2":"type-product","3":"status-publish","4":"has-post-thumbnail","6":"product_cat-motorni-trimeri","7":"product_cat-trimeri-za-travu","9":"first","10":"instock","11":"sale","12":"shipping-taxable","13":"purchasable","14":"product-type-simple"},"_links":{"self":[{"href":"https:\/\/tehnikabacko.rs\/index.php\/wp-json\/wp\/v2\/product\/11808","targetHints":{"allow":["GET"]}}],"collection":[{"href":"https:\/\/tehnikabacko.rs\/index.php\/wp-json\/wp\/v2\/product"}],"about":[{"href":"https:\/\/tehnikabacko.rs\/index.php\/wp-json\/wp\/v2\/types\/product"}],"replies":[{"embeddable":true,"href":"https:\/\/tehnikabacko.rs\/index.php\/wp-json\/wp\/v2\/comments?post=11808"}],"wp:featuredmedia":[{"embeddable":true,"href":"https:\/\/tehnikabacko.rs\/index.php\/wp-json\/wp\/v2\/media\/11809"}],"wp:attachment":[{"href":"https:\/\/tehnikabacko.rs\/index.php\/wp-json\/wp\/v2\/media?parent=11808"}],"wp:term":[{"taxonomy":"product_brand","embeddable":true,"href":"https:\/\/tehnikabacko.rs\/index.php\/wp-json\/wp\/v2\/product_brand?post=11808"},{"taxonomy":"product_cat","embeddable":true,"href":"https:\/\/tehnikabacko.rs\/index.php\/wp-json\/wp\/v2\/product_cat?post=11808"},{"taxonomy":"product_tag","embeddable":true,"href":"https:\/\/tehnikabacko.rs\/index.php\/wp-json\/wp\/v2\/product_tag?post=11808"}],"curies":[{"name":"wp","href":"https:\/\/api.w.org\/{rel}","templated":true}]}}