{"id":11804,"date":"2026-02-12T14:09:03","date_gmt":"2026-02-12T14:09:03","guid":{"rendered":"https:\/\/tehnikabacko.rs\/?post_type=product&#038;p=11804"},"modified":"2026-02-12T14:09:04","modified_gmt":"2026-02-12T14:09:04","slug":"ikon-motorna-testera-gs5800z-51cm-29ks","status":"publish","type":"product","link":"https:\/\/tehnikabacko.rs\/index.php\/product\/ikon-motorna-testera-gs5800z-51cm-29ks\/","title":{"rendered":"IKON motorna TESTERA GS5800Z 51cm 2,9KS"},"content":{"rendered":"<h2>TEHNI\u010cKE KARAKTERISTIKE<\/h2>\n<p class=\"ealati_row\"><span class=\"ealati_span\">Tip motora<\/span><span class=\"ealati_span\">Zra\u010dno hla\u0111enje, Dvotaktni, 1 cilindar<\/span><\/p>\n<p class=\"ealati_row\"><span class=\"ealati_span\">Snaga motora<\/span><span class=\"ealati_span\">2,15 kW l 2,90 KS<\/span><\/p>\n<p class=\"ealati_row\"><span class=\"ealati_span\">Broj okretaja<\/span><span class=\"ealati_span\">8.500 rpm<\/span><\/p>\n<p class=\"ealati_row\"><span class=\"ealati_span\">Zapremina motora<\/span><span class=\"ealati_span\">58 cc<\/span><\/p>\n<p class=\"ealati_row\"><span class=\"ealati_span\">Rasplinja\u010d<\/span><span class=\"ealati_span\">sa pumpom<\/span><\/p>\n<p class=\"ealati_row\"><span class=\"ealati_span\">Brzina praznog hoda<\/span><span class=\"ealati_span\">3.000 r\/min<\/span><\/p>\n<p class=\"ealati_row\"><span class=\"ealati_span\">Omjer mje\u0161anja goriva (benzin) \/ ulja za 2-taktne motora<\/span><span class=\"ealati_span\">25<\/span><\/p>\n<p class=\"ealati_row\"><span class=\"ealati_span\">Du\u017eina vodilice<\/span><span class=\"ealati_span\">51 cm<\/span><\/p>\n","protected":false},"excerpt":{"rendered":"<p>TEHNI\u010cKE KARAKTERISTIKE Tip motoraZra\u010dno hla\u0111enje, Dvotaktni, 1 cilindar Snaga motora2,15 kW l 2,90 KS Broj okretaja8.500 rpm Zapremina motora58 cc Rasplinja\u010dsa pumpom Brzina praznog hoda3.000 r\/min Omjer mje\u0161anja goriva (benzin) \/ ulja za 2-taktne motora25 Du\u017eina vodilice51 cm<\/p>\n","protected":false},"featured_media":11805,"comment_status":"open","ping_status":"closed","template":"","meta":{"inline_featured_image":false},"product_brand":[],"product_cat":[283,287],"product_tag":[],"class_list":{"0":"post-11804","1":"product","2":"type-product","3":"status-publish","4":"has-post-thumbnail","6":"product_cat-motorna-testera","7":"product_cat-testere","9":"first","10":"instock","11":"sale","12":"shipping-taxable","13":"purchasable","14":"product-type-simple"},"_links":{"self":[{"href":"https:\/\/tehnikabacko.rs\/index.php\/wp-json\/wp\/v2\/product\/11804","targetHints":{"allow":["GET"]}}],"collection":[{"href":"https:\/\/tehnikabacko.rs\/index.php\/wp-json\/wp\/v2\/product"}],"about":[{"href":"https:\/\/tehnikabacko.rs\/index.php\/wp-json\/wp\/v2\/types\/product"}],"replies":[{"embeddable":true,"href":"https:\/\/tehnikabacko.rs\/index.php\/wp-json\/wp\/v2\/comments?post=11804"}],"wp:featuredmedia":[{"embeddable":true,"href":"https:\/\/tehnikabacko.rs\/index.php\/wp-json\/wp\/v2\/media\/11805"}],"wp:attachment":[{"href":"https:\/\/tehnikabacko.rs\/index.php\/wp-json\/wp\/v2\/media?parent=11804"}],"wp:term":[{"taxonomy":"product_brand","embeddable":true,"href":"https:\/\/tehnikabacko.rs\/index.php\/wp-json\/wp\/v2\/product_brand?post=11804"},{"taxonomy":"product_cat","embeddable":true,"href":"https:\/\/tehnikabacko.rs\/index.php\/wp-json\/wp\/v2\/product_cat?post=11804"},{"taxonomy":"product_tag","embeddable":true,"href":"https:\/\/tehnikabacko.rs\/index.php\/wp-json\/wp\/v2\/product_tag?post=11804"}],"curies":[{"name":"wp","href":"https:\/\/api.w.org\/{rel}","templated":true}]}}