{"id":11801,"date":"2026-02-12T14:02:36","date_gmt":"2026-02-12T14:02:36","guid":{"rendered":"https:\/\/tehnikabacko.rs\/?post_type=product&#038;p=11801"},"modified":"2026-02-12T14:02:36","modified_gmt":"2026-02-12T14:02:36","slug":"motorna-kosacica-x42p-a1-1-6ks","status":"publish","type":"product","link":"https:\/\/tehnikabacko.rs\/index.php\/product\/motorna-kosacica-x42p-a1-1-6ks\/","title":{"rendered":"Motorna kosa\u010dica X42P-A1 1.6KS"},"content":{"rendered":"<p><strong>Tehni\u010dke karakteristike proizvoda:<\/strong><\/p>\n<ul>\n<li>Brend: ADK<\/li>\n<li>Model: X42P-A1<\/li>\n<li>\u0160irina ko\u0161enja: 17\u2033 (420 mm).<\/li>\n<li>Na\u010din upravljanja: na guranje<\/li>\n<li>Motor: ADK Y80V OHV<\/li>\n<li>Zapremina: 79,8 cc<\/li>\n<li>Snaga: 1,2 KW \/ 1,6 KS<\/li>\n<li>Ko\u0161enje: podesivo 6 pozicija<\/li>\n<li>Pode\u0161avanje visine: 25mm-75mm.<\/li>\n<li>Veli\u010dina prednjeg to\u010dka: 6\u2033 (154 mm).<\/li>\n<li>Veli\u010dina zadnjeg to\u010dka: 7\u201d (178 mm).<\/li>\n<li>Kontejner za travu: Hibridni (tekstil+pvc) 45L.<\/li>\n<li>To\u010dkovi sa le\u017eajevima<\/li>\n<li>Zadnje izbacivanje<\/li>\n<\/ul>\n<p><strong>Obim isporuke proizvoda:<\/strong><\/p>\n<ul>\n<li>X42P-A1 Motorna kosa\u010dica 1.6KS (32823) ADK<\/li>\n<li>Uputstvo za upotrebu proizvoda<\/li>\n<\/ul>\n<p><strong>Saobraznost 24 meseci<\/strong><\/p>\n","protected":false},"excerpt":{"rendered":"<p>ADK motorna kosilica X42P-A1 pru\u017ea efikasno ko\u0161enje s \u0161irinom ko\u0161nje od 42 cm.<br \/>\nOpremljena je sna\u017enim ADK Y80V OHV motorom od 79,8 cc, koji generira 1,2 KW \/ 1,6 KS snage za besprekoran rad.<br \/>\nNudi prakti\u010dno upravljanje na guranje i jednostavno pode\u0161avanje visine ko\u0161nje s jednom ru\u010dicom i 6 pozicija pode\u0161avanja (25mm-75mm).<br \/>\nOva kosilica dolazi s kvalitetnim to\u010dkovima sa le\u017eajevima, pru\u017eaju\u0107i stabilnost i lako\u0107u manevriranja.<br \/>\nPrednji to\u010dkovi su veli\u010dine 6\u201d (154 mm), dok suzadnji 7\u201d (178 mm). Korpa za travu je kapaciteta 45 litara i izra\u0111en je od hibridnog materijala (tekstil + PVC) za izdr\u017eljivost i prakti\u010dnost.<br \/>\nDodatno oblo\u017eena ru\u010dka pru\u017ea udobno rukovanje tokom du\u017eeg kori\u0161tenja.<br \/>\nUz ADK motornu kosilicu, va\u0161 travnjak \u0107e uvijek izgledati uredno i njegovano.<\/p>\n","protected":false},"featured_media":11802,"comment_status":"open","ping_status":"closed","template":"","meta":{"inline_featured_image":false},"product_brand":[],"product_cat":[244,272],"product_tag":[],"class_list":{"0":"post-11801","1":"product","2":"type-product","3":"status-publish","4":"has-post-thumbnail","6":"product_cat-kosacice","7":"product_cat-motorna-kosilica","9":"first","10":"instock","11":"sale","12":"shipping-taxable","13":"purchasable","14":"product-type-simple"},"_links":{"self":[{"href":"https:\/\/tehnikabacko.rs\/index.php\/wp-json\/wp\/v2\/product\/11801","targetHints":{"allow":["GET"]}}],"collection":[{"href":"https:\/\/tehnikabacko.rs\/index.php\/wp-json\/wp\/v2\/product"}],"about":[{"href":"https:\/\/tehnikabacko.rs\/index.php\/wp-json\/wp\/v2\/types\/product"}],"replies":[{"embeddable":true,"href":"https:\/\/tehnikabacko.rs\/index.php\/wp-json\/wp\/v2\/comments?post=11801"}],"wp:featuredmedia":[{"embeddable":true,"href":"https:\/\/tehnikabacko.rs\/index.php\/wp-json\/wp\/v2\/media\/11802"}],"wp:attachment":[{"href":"https:\/\/tehnikabacko.rs\/index.php\/wp-json\/wp\/v2\/media?parent=11801"}],"wp:term":[{"taxonomy":"product_brand","embeddable":true,"href":"https:\/\/tehnikabacko.rs\/index.php\/wp-json\/wp\/v2\/product_brand?post=11801"},{"taxonomy":"product_cat","embeddable":true,"href":"https:\/\/tehnikabacko.rs\/index.php\/wp-json\/wp\/v2\/product_cat?post=11801"},{"taxonomy":"product_tag","embeddable":true,"href":"https:\/\/tehnikabacko.rs\/index.php\/wp-json\/wp\/v2\/product_tag?post=11801"}],"curies":[{"name":"wp","href":"https:\/\/api.w.org\/{rel}","templated":true}]}}