{"id":11799,"date":"2026-02-12T13:52:03","date_gmt":"2026-02-12T13:52:03","guid":{"rendered":"https:\/\/tehnikabacko.rs\/?post_type=product&#038;p=11799"},"modified":"2026-02-12T13:52:03","modified_gmt":"2026-02-12T13:52:03","slug":"samohodna-motorna-kosacica-wr65828abks-224cc","status":"publish","type":"product","link":"https:\/\/tehnikabacko.rs\/index.php\/product\/samohodna-motorna-kosacica-wr65828abks-224cc\/","title":{"rendered":"Samohodna motorna kosa\u010dica WR65828ABKS 224CC"},"content":{"rendered":"<p><strong>Tehni\u010dke karakteristike proizvoda:<\/strong><\/p>\n<ul>\n<li>\u0160irina ko\u0161enja: 21\u2033 (530 mm)<\/li>\n<li>Na\u010din upravljanja: samohodna<\/li>\n<li>Snaga: 5,2 KW \/ 7 KS<\/li>\n<li>Motor i zapremina: OHV ADK 224cc<\/li>\n<li>Visina ko\u0161enja: jedna ru\u010dica za pode\u0161avanje, 8 pozicija<\/li>\n<li>Pode\u0161avanje visine: 30mm \u2013 80mm<\/li>\n<li>Radni broj obrtaja: \u00a02800RPM<\/li>\n<li>Kapacitet rezervoara goriva: 1,4L<\/li>\n<li>Kapacitet rezervoara ulja: 0,6L<\/li>\n<li>Veli\u010dina prednjih to\u010dkova: \u00a08\u201d (200 mm)<\/li>\n<li>Veli\u010dina zadnjih to\u010dkova: \u00a010\u201d (250 mm)<\/li>\n<li>Rezervoar za travu: Hibridni (tekstil+pvc) 60L<\/li>\n<li>Te\u017eina: 39 kg.<\/li>\n<\/ul>\n<p><strong>Obim isporuke proizvoda:<\/strong><\/p>\n<ul>\n<li>WR65828ABKS Samohodna motorna kosa\u010dica 224cc (31621)ADK<\/li>\n<li>Uputstvo za upotrebu proizvoda<\/li>\n<\/ul>\n<p><strong>Saobraznost 24 meseci<\/strong><\/p>\n","protected":false},"excerpt":{"rendered":"<p>Samohodna motorna kosilica WR65828ABKS je pouzdan alat za odr\u017eavanje travnjaka, posebno dizajniran za velike povr\u0161ine.<br \/>\nPogodna za povr\u0161ine do 2000m\u00b2 , \u0161to je \u010dini idealnim izborom za vlasnike ve\u0107ih travnjaka koji tra\u017ee pouzdan alat za odr\u017eavanje.<br \/>\nOpremljena benzinskim \u010detverotaktnim motorom OHV ADK od 224 cm\u00b3 , ova kosilica nudi dovoljno snage za svako optere\u0107enje, \u010dine\u0107i je idealnim izborom za vlasnike ve\u0107ih travnjaka.<br \/>\nPosebno dizajnirana sa tri to\u010dka radi lak\u0161eg upravljanja oko prepreka, ova kosilica omogu\u0107ava ve\u0107u fleksibilnost i manevriranje na terenu.<br \/>\nOva kosilica nudi mogu\u0107nost izbacivanja trave sa strane, mal\u010diranja ili sakupljanja, prilago\u0111avaju\u0107i se va\u0161im potrebama i preferencijama.<br \/>\nPode\u0161avanje visine ko\u0161enja u 8 pozicija omogu\u0107ava pode\u0161avanje visine ko\u0161enja od 30 mm do 80 mm, prilago\u0111avaju\u0107i se razli\u010ditim uslovima travnjaka.<br \/>\n\u010cvrsto metalno ku\u0107i\u0161te i \u010dvrsta ru\u010dka osiguravaju dugotrajnost i pouzdanost, dok pogon na zadnje to\u010dkove osigurava izuzetan komfor pri radu.<br \/>\nKvalitetna izrada kosilice izra\u0111ena je od visokokvalitetnih materijala i komponenti, \u0161to garantuje dugotrajnost i pouzdanost \u010dak i pri intenzivnom kori\u0161tenju.<\/p>\n","protected":false},"featured_media":11800,"comment_status":"open","ping_status":"closed","template":"","meta":{"inline_featured_image":false},"product_brand":[],"product_cat":[244,272],"product_tag":[],"class_list":{"0":"post-11799","1":"product","2":"type-product","3":"status-publish","4":"has-post-thumbnail","6":"product_cat-kosacice","7":"product_cat-motorna-kosilica","9":"first","10":"instock","11":"sale","12":"shipping-taxable","13":"purchasable","14":"product-type-simple"},"_links":{"self":[{"href":"https:\/\/tehnikabacko.rs\/index.php\/wp-json\/wp\/v2\/product\/11799","targetHints":{"allow":["GET"]}}],"collection":[{"href":"https:\/\/tehnikabacko.rs\/index.php\/wp-json\/wp\/v2\/product"}],"about":[{"href":"https:\/\/tehnikabacko.rs\/index.php\/wp-json\/wp\/v2\/types\/product"}],"replies":[{"embeddable":true,"href":"https:\/\/tehnikabacko.rs\/index.php\/wp-json\/wp\/v2\/comments?post=11799"}],"wp:featuredmedia":[{"embeddable":true,"href":"https:\/\/tehnikabacko.rs\/index.php\/wp-json\/wp\/v2\/media\/11800"}],"wp:attachment":[{"href":"https:\/\/tehnikabacko.rs\/index.php\/wp-json\/wp\/v2\/media?parent=11799"}],"wp:term":[{"taxonomy":"product_brand","embeddable":true,"href":"https:\/\/tehnikabacko.rs\/index.php\/wp-json\/wp\/v2\/product_brand?post=11799"},{"taxonomy":"product_cat","embeddable":true,"href":"https:\/\/tehnikabacko.rs\/index.php\/wp-json\/wp\/v2\/product_cat?post=11799"},{"taxonomy":"product_tag","embeddable":true,"href":"https:\/\/tehnikabacko.rs\/index.php\/wp-json\/wp\/v2\/product_tag?post=11799"}],"curies":[{"name":"wp","href":"https:\/\/api.w.org\/{rel}","templated":true}]}}