{"id":11797,"date":"2026-02-12T13:47:21","date_gmt":"2026-02-12T13:47:21","guid":{"rendered":"https:\/\/tehnikabacko.rs\/?post_type=product&#038;p=11797"},"modified":"2026-03-31T06:15:31","modified_gmt":"2026-03-31T06:15:31","slug":"samohodna-motorna-kosacica-wr65355abk-7hp","status":"publish","type":"product","link":"https:\/\/tehnikabacko.rs\/index.php\/product\/samohodna-motorna-kosacica-wr65355abk-7hp\/","title":{"rendered":"Samohodna motorna kosa\u010dica WR65355ABK 7HP"},"content":{"rendered":"<p><strong>Tehni\u010dke karakteristike proizvoda:<\/strong><\/p>\n<ul>\n<li>\u0160irina ko\u0161nja: 20\u2033 (510 mm)<\/li>\n<li>Na\u010din upravljanja: samohodna<\/li>\n<li>Snaga: 5,2 KW \/ 7 KS<\/li>\n<li>Prijenos: GT (general transmission)<\/li>\n<li>Motor i zapremina: OHV ADK 224cc<\/li>\n<li>Visina ko\u0161nje: jedna ru\u010dica za pode\u0161avanje, 8 pozicija<\/li>\n<li>Pode\u0161avanje visina: 30mm-80mm<\/li>\n<li>Radni broj okretaja: 2800RPM<\/li>\n<li>Kapacitet rezervoara goriva: 1,4L<\/li>\n<li>Kapacitet rezervoara ulja: 0,6L<\/li>\n<li>Veli\u010dina prednjeg to\u010dka: 8\u201d (200 mm)<\/li>\n<li>Veli\u010dina zadneg to\u010dka: 10\u201d (250 mm)<\/li>\n<li>Kontenjer za travu: Hibridni (tekstil+pvc) 60L<\/li>\n<li>Brzo zaklju\u010davanje upravlja\u010dke ru\u010dke<\/li>\n<\/ul>\n<p><strong>Obim isporuke proizvoda:<\/strong><\/p>\n<ul>\n<li>WR65355ABK Samohodna motorna kosa\u010dica 7HP ADK<\/li>\n<li>Uputstvo za upotrebu proizvoda<\/li>\n<\/ul>\n<p><strong>Saobraznost 24 meseci<\/strong><\/p>\n","protected":false},"excerpt":{"rendered":"<p>Uz kori\u0161c\u0301enje ADK kamohodne kosilice, mo\u017eete odr\u017eavati ba\u0161tu u savr\u0161enom stanju, a precizno poko\u0161enom travnjaku c\u0301e se diviti svi koji prolaze.<br \/>\nPonu\u0111ena opcija ima pogon, pa c\u0301e vam skratiti vreme ko\u0161enja i ne morate da koristite toliku silu.<br \/>\nOva kosilica je jedna od rotacionih kosa\u010dica koja kosi travu pomoc\u0301u horizontalno postavljenog rotacionog no\u017ea.<br \/>\nSavr\u0161eno poko\u0161en travnjak obezbe\u0111uje jedno o\u0161tro se\u010divo i metalna \u0161asija.<br \/>\nKosilica sme\u0161ta poko\u0161enu travu u plasti\u010dnu korpu zapremine 60 l.<br \/>\nKada kosite bez korpe, ne morate da brinete da c\u0301e vam trava pasti pod noge, jer ima bo\u010dno pra\u017enjenje.<br \/>\nKosilica tako\u0111e mo\u017ee da mal\u010dira, tako da ne morate da brinete o skladi\u0161tenju trave, vec\u0301 je vratite na zemlju kako biste podr\u017eali gusti travnjak<\/p>\n","protected":false},"featured_media":11798,"comment_status":"open","ping_status":"closed","template":"","meta":{"inline_featured_image":false},"product_brand":[],"product_cat":[244,272],"product_tag":[],"class_list":{"0":"post-11797","1":"product","2":"type-product","3":"status-publish","4":"has-post-thumbnail","6":"product_cat-kosacice","7":"product_cat-motorna-kosilica","9":"first","10":"instock","11":"sale","12":"shipping-taxable","13":"purchasable","14":"product-type-simple"},"_links":{"self":[{"href":"https:\/\/tehnikabacko.rs\/index.php\/wp-json\/wp\/v2\/product\/11797","targetHints":{"allow":["GET"]}}],"collection":[{"href":"https:\/\/tehnikabacko.rs\/index.php\/wp-json\/wp\/v2\/product"}],"about":[{"href":"https:\/\/tehnikabacko.rs\/index.php\/wp-json\/wp\/v2\/types\/product"}],"replies":[{"embeddable":true,"href":"https:\/\/tehnikabacko.rs\/index.php\/wp-json\/wp\/v2\/comments?post=11797"}],"wp:featuredmedia":[{"embeddable":true,"href":"https:\/\/tehnikabacko.rs\/index.php\/wp-json\/wp\/v2\/media\/11798"}],"wp:attachment":[{"href":"https:\/\/tehnikabacko.rs\/index.php\/wp-json\/wp\/v2\/media?parent=11797"}],"wp:term":[{"taxonomy":"product_brand","embeddable":true,"href":"https:\/\/tehnikabacko.rs\/index.php\/wp-json\/wp\/v2\/product_brand?post=11797"},{"taxonomy":"product_cat","embeddable":true,"href":"https:\/\/tehnikabacko.rs\/index.php\/wp-json\/wp\/v2\/product_cat?post=11797"},{"taxonomy":"product_tag","embeddable":true,"href":"https:\/\/tehnikabacko.rs\/index.php\/wp-json\/wp\/v2\/product_tag?post=11797"}],"curies":[{"name":"wp","href":"https:\/\/api.w.org\/{rel}","templated":true}]}}