{"id":11792,"date":"2026-02-12T13:34:09","date_gmt":"2026-02-12T13:34:09","guid":{"rendered":"https:\/\/tehnikabacko.rs\/?post_type=product&#038;p=11792"},"modified":"2026-02-12T13:34:09","modified_gmt":"2026-02-12T13:34:09","slug":"motorna-kosacica-wr65492n-139-cc-29885-adk","status":"publish","type":"product","link":"https:\/\/tehnikabacko.rs\/index.php\/product\/motorna-kosacica-wr65492n-139-cc-29885-adk\/","title":{"rendered":"Motorna kosa\u010dica WR65492N 139 cc (29885) ADK"},"content":{"rendered":"<p><strong>Tehni\u010dke karakteristike proizvoda:<\/strong><\/p>\n<ul>\n<li>Brend: ADK<\/li>\n<li>Model: WR65492N<\/li>\n<li>Motor i zapremina: ADK \u2013 139 cc.<\/li>\n<li>Radni broj okretaaja: 2800 \u2013 3000RPM<\/li>\n<li>\u0160irina ko\u0161enja: 20\u2033 (510 mm)<\/li>\n<li>Na\u010din upravljanja: Ru\u010dno guranje<\/li>\n<li>Postolje kosa\u010dice: \u010celik<\/li>\n<li>Visina ko\u0161nje: jedna ru\u010dica za pode\u0161avanje,5 pozicija<\/li>\n<li>Pode\u0161avanje visina: 25mm-75mm<\/li>\n<li>To\u010dkovi sa le\u017eajevima<\/li>\n<li>Veli\u010dina prednjeg to\u010dka: 7\u201d (180 mm)<\/li>\n<li>Veli\u010dina zadneg to\u010dka: 7\u201c (180 mm)<\/li>\n<li>Mogu\u0107nost mal\u010dirana: DA<\/li>\n<li>Mogu\u0107nost izabacivanje sa strane: DA<\/li>\n<li>Tezina: 25 kg.<\/li>\n<\/ul>\n<p><strong>Obim isporuke proizvoda:<\/strong><\/p>\n<ul>\n<li>WR65492N Motorna kosa\u010dica 139 cc (29885) ADK<\/li>\n<li>Uputstvo za upotrebu proizvoda<\/li>\n<li>Kartonsko pakovanje<\/li>\n<\/ul>\n<p><strong>Saobraznost 24 meseci<\/strong><\/p>\n","protected":false},"excerpt":{"rendered":"<p>ADK motorna kosilica WR65492N pru\u017ea efikasno ko\u0161enje s \u0161irinom ko\u0161nje od 510 mm.<br \/>\nOpremljena je sna\u017enim benzinskim \u010detverotaktnim motorom od 139 cc.<br \/>\nOva kosilica nudi dovoljno snage za svako optere\u0107enje, \u010dine\u0107i je idealnim izborom za vlasnike ve\u0107ih travnjaka do 1000m2.<br \/>\nNudi prakti\u010dno upravljanje na guranje i jednostavno pode\u0161avanje visine ko\u0161nje s jednom ru\u010dicom i 5 pozicija pode\u0161avanja (25mm-75mm).<br \/>\nOsim izbacivanja sa strane, ova kosilica nudi i opciju mal\u010diranja, prilago\u0111avaju\u0107i se razli\u010ditim uslovima ko\u0161enja, dodatnu udobnost pru\u017ea podstavljena ru\u010dka.<br \/>\nOva kosilica dolazi s kvalitetnim to\u010dkovima sa le\u017eajevima, pru\u017eaju\u0107i stabilnost i lako\u0107u manevriranja.<br \/>\nOva kosilica dolazi s kvalitetnim to\u010dkovima sa le\u017eajevima, pru\u017eaju\u0107i stabilnost i lako\u0107u manevriranja.<br \/>\nPrednji to\u010dkovi su veli\u010dine 7\u201d (180 mm), dok suzadnji takodje 7\u201d (180mm).<br \/>\nUz ADK motornu kosilicu, va\u0161 travnjak \u0107e uvijek izgledati uredno i njegovano.<\/p>\n","protected":false},"featured_media":11793,"comment_status":"open","ping_status":"closed","template":"","meta":{"inline_featured_image":false},"product_brand":[],"product_cat":[272],"product_tag":[],"class_list":{"0":"post-11792","1":"product","2":"type-product","3":"status-publish","4":"has-post-thumbnail","6":"product_cat-motorna-kosilica","8":"first","9":"instock","10":"sale","11":"shipping-taxable","12":"purchasable","13":"product-type-simple"},"_links":{"self":[{"href":"https:\/\/tehnikabacko.rs\/index.php\/wp-json\/wp\/v2\/product\/11792","targetHints":{"allow":["GET"]}}],"collection":[{"href":"https:\/\/tehnikabacko.rs\/index.php\/wp-json\/wp\/v2\/product"}],"about":[{"href":"https:\/\/tehnikabacko.rs\/index.php\/wp-json\/wp\/v2\/types\/product"}],"replies":[{"embeddable":true,"href":"https:\/\/tehnikabacko.rs\/index.php\/wp-json\/wp\/v2\/comments?post=11792"}],"wp:featuredmedia":[{"embeddable":true,"href":"https:\/\/tehnikabacko.rs\/index.php\/wp-json\/wp\/v2\/media\/11793"}],"wp:attachment":[{"href":"https:\/\/tehnikabacko.rs\/index.php\/wp-json\/wp\/v2\/media?parent=11792"}],"wp:term":[{"taxonomy":"product_brand","embeddable":true,"href":"https:\/\/tehnikabacko.rs\/index.php\/wp-json\/wp\/v2\/product_brand?post=11792"},{"taxonomy":"product_cat","embeddable":true,"href":"https:\/\/tehnikabacko.rs\/index.php\/wp-json\/wp\/v2\/product_cat?post=11792"},{"taxonomy":"product_tag","embeddable":true,"href":"https:\/\/tehnikabacko.rs\/index.php\/wp-json\/wp\/v2\/product_tag?post=11792"}],"curies":[{"name":"wp","href":"https:\/\/api.w.org\/{rel}","templated":true}]}}