{"id":11790,"date":"2026-02-11T15:48:05","date_gmt":"2026-02-11T15:48:05","guid":{"rendered":"https:\/\/tehnikabacko.rs\/?post_type=product&#038;p=11790"},"modified":"2026-02-11T15:48:05","modified_gmt":"2026-02-11T15:48:05","slug":"aparat-za-sladoled-dop145j-domo-clip","status":"publish","type":"product","link":"https:\/\/tehnikabacko.rs\/index.php\/product\/aparat-za-sladoled-dop145j-domo-clip\/","title":{"rendered":"APARAT ZA SLADOLED DOP145J DOMO CLIP"},"content":{"rendered":"","protected":false},"excerpt":{"rendered":"<ul>\n<li>Domo Clip<\/li>\n<li>Aparat za sladoled<\/li>\n<li>kapacitet 500ml<\/li>\n<li>brz i jednostavan za upotrebu<\/li>\n<li>transparentni poklopac<\/li>\n<li>posuda od ner\u0111aju\u0107eg \u010delika<\/li>\n<li>dugme on\/off<\/li>\n<li>Ku\u0107i\u0161te mora da se ohladi u frizu ili zamrziva\u010du, pre pravljenja sladoleda<\/li>\n<\/ul>\n","protected":false},"featured_media":11791,"comment_status":"open","ping_status":"closed","template":"","meta":{"inline_featured_image":false},"product_brand":[],"product_cat":[447],"product_tag":[],"class_list":{"0":"post-11790","1":"product","2":"type-product","3":"status-publish","4":"has-post-thumbnail","6":"product_cat-aparat-za-sladoled","8":"first","9":"instock","10":"sale","11":"shipping-taxable","12":"purchasable","13":"product-type-simple"},"_links":{"self":[{"href":"https:\/\/tehnikabacko.rs\/index.php\/wp-json\/wp\/v2\/product\/11790","targetHints":{"allow":["GET"]}}],"collection":[{"href":"https:\/\/tehnikabacko.rs\/index.php\/wp-json\/wp\/v2\/product"}],"about":[{"href":"https:\/\/tehnikabacko.rs\/index.php\/wp-json\/wp\/v2\/types\/product"}],"replies":[{"embeddable":true,"href":"https:\/\/tehnikabacko.rs\/index.php\/wp-json\/wp\/v2\/comments?post=11790"}],"wp:featuredmedia":[{"embeddable":true,"href":"https:\/\/tehnikabacko.rs\/index.php\/wp-json\/wp\/v2\/media\/11791"}],"wp:attachment":[{"href":"https:\/\/tehnikabacko.rs\/index.php\/wp-json\/wp\/v2\/media?parent=11790"}],"wp:term":[{"taxonomy":"product_brand","embeddable":true,"href":"https:\/\/tehnikabacko.rs\/index.php\/wp-json\/wp\/v2\/product_brand?post=11790"},{"taxonomy":"product_cat","embeddable":true,"href":"https:\/\/tehnikabacko.rs\/index.php\/wp-json\/wp\/v2\/product_cat?post=11790"},{"taxonomy":"product_tag","embeddable":true,"href":"https:\/\/tehnikabacko.rs\/index.php\/wp-json\/wp\/v2\/product_tag?post=11790"}],"curies":[{"name":"wp","href":"https:\/\/api.w.org\/{rel}","templated":true}]}}