{"id":11786,"date":"2026-02-11T15:24:30","date_gmt":"2026-02-11T15:24:30","guid":{"rendered":"https:\/\/tehnikabacko.rs\/?post_type=product&#038;p=11786"},"modified":"2026-02-11T15:24:30","modified_gmt":"2026-02-11T15:24:30","slug":"bruslica-elektricna-sa-podesavanjem-broja-obrtaja-1100w-ugaona-125mm-vlp-411","status":"publish","type":"product","link":"https:\/\/tehnikabacko.rs\/index.php\/product\/bruslica-elektricna-sa-podesavanjem-broja-obrtaja-1100w-ugaona-125mm-vlp-411\/","title":{"rendered":"Bruslica elektri\u010dna sa pode\u0161avanjem broja obrtaja 1100W &#8211; ugaona 125mm VLP 411"},"content":{"rendered":"<table class=\"table product-attrbite-table\">\n<thead>\n<tr>\n<th>Karakteristika<\/th>\n<th>Vrednost<\/th>\n<\/tr>\n<\/thead>\n<tbody>\n<tr>\n<td>Kategorija<\/td>\n<td><a title=\"Ugaone brusilice\" href=\"https:\/\/www.agromarket.rs\/ugaone-brusilice\">Ugaone brusilice<\/a><\/td>\n<\/tr>\n<tr class=\"attr-table-product-weight\">\n<td>Te\u017eina pakovanja<\/td>\n<td>2.93 kg<\/td>\n<\/tr>\n<tr class=\"attr-brend\">\n<td>Brend<\/td>\n<td><a title=\"Villager\" href=\"https:\/\/www.agromarket.rs\/proizvodi\/brend-villager\">Villager<\/a><\/td>\n<\/tr>\n<tr class=\"attr-tip-elektromotora\">\n<td>Tip elektromotora<\/td>\n<td>Kolektorski<\/td>\n<\/tr>\n<tr class=\"attr-napon\">\n<td>Napon<\/td>\n<td>230 V ~ 50 Hz<\/td>\n<\/tr>\n<tr class=\"attr-prikljucna-snaga\">\n<td>Priklju\u010dna snaga<\/td>\n<td>1100 W<\/td>\n<\/tr>\n<tr class=\"attr-navoj-vratila\">\n<td>Navoj vratila<\/td>\n<td>M14<\/td>\n<\/tr>\n<tr class=\"attr-precnik-diska\">\n<td>Pre\u010dnik diska<\/td>\n<td>125 mm \/ 22.23 mm<\/td>\n<\/tr>\n<tr class=\"attr-broj-obrtaja-el-aku-uredjaji\">\n<td>Broj obrtaja &#8211; el.\/aku. ure\u0111aji<\/td>\n<td>4500 &#8211; 12000 rpm<\/td>\n<\/tr>\n<tr class=\"attr-produzena-garancija\">\n<td>Produ\u017eena garancija<\/td>\n<td>3 godine<\/td>\n<\/tr>\n<\/tbody>\n<\/table>\n","protected":false},"excerpt":{"rendered":"<p>&#8211; Regulator brzine<br \/>\n&#8211; Bo\u010dna ru\u010dka<br \/>\n&#8211; Klju\u010d za monta\u017eu diska<\/p>\n<div class=\"product-model\">Model ure\u0111aja:\u00a0VLP 411<\/div>\n<div class=\"description  read-more-text less\" data-characters=\"320\" data-characters-mobile=\"250\" data-lesstext=\"Manje detalja\" data-moretext=\"Detaljnije\">Villager nudi \u0161irok spektar ugaonih brusilica za Va\u0161 hobi ili poluprofesionalno kori\u0161\u0107enje. Brusilice imaju lako ku\u0107i\u0161te koje omogu\u0107ava kori\u0161\u0107enje ovih alata sa sigurno\u0161\u0107u i lako\u0107om.<\/div>\n","protected":false},"featured_media":11787,"comment_status":"open","ping_status":"closed","template":"","meta":{"inline_featured_image":false},"product_brand":[],"product_cat":[279],"product_tag":[],"class_list":{"0":"post-11786","1":"product","2":"type-product","3":"status-publish","4":"has-post-thumbnail","6":"product_cat-brusilica-elektricna","8":"first","9":"instock","10":"sale","11":"shipping-taxable","12":"purchasable","13":"product-type-simple"},"_links":{"self":[{"href":"https:\/\/tehnikabacko.rs\/index.php\/wp-json\/wp\/v2\/product\/11786","targetHints":{"allow":["GET"]}}],"collection":[{"href":"https:\/\/tehnikabacko.rs\/index.php\/wp-json\/wp\/v2\/product"}],"about":[{"href":"https:\/\/tehnikabacko.rs\/index.php\/wp-json\/wp\/v2\/types\/product"}],"replies":[{"embeddable":true,"href":"https:\/\/tehnikabacko.rs\/index.php\/wp-json\/wp\/v2\/comments?post=11786"}],"wp:featuredmedia":[{"embeddable":true,"href":"https:\/\/tehnikabacko.rs\/index.php\/wp-json\/wp\/v2\/media\/11787"}],"wp:attachment":[{"href":"https:\/\/tehnikabacko.rs\/index.php\/wp-json\/wp\/v2\/media?parent=11786"}],"wp:term":[{"taxonomy":"product_brand","embeddable":true,"href":"https:\/\/tehnikabacko.rs\/index.php\/wp-json\/wp\/v2\/product_brand?post=11786"},{"taxonomy":"product_cat","embeddable":true,"href":"https:\/\/tehnikabacko.rs\/index.php\/wp-json\/wp\/v2\/product_cat?post=11786"},{"taxonomy":"product_tag","embeddable":true,"href":"https:\/\/tehnikabacko.rs\/index.php\/wp-json\/wp\/v2\/product_tag?post=11786"}],"curies":[{"name":"wp","href":"https:\/\/api.w.org\/{rel}","templated":true}]}}