{"id":11782,"date":"2026-02-06T13:27:13","date_gmt":"2026-02-06T13:27:13","guid":{"rendered":"https:\/\/tehnikabacko.rs\/?post_type=product&#038;p=11782"},"modified":"2026-02-06T13:27:13","modified_gmt":"2026-02-06T13:27:13","slug":"fisher-masinica-za-rezance-br-163","status":"publish","type":"product","link":"https:\/\/tehnikabacko.rs\/index.php\/product\/fisher-masinica-za-rezance-br-163\/","title":{"rendered":"Fisher \u2013 Ma\u0161inica za rezance BR-163"},"content":{"rendered":"","protected":false},"excerpt":{"rendered":"<p>Ma\u0161inica za rezance BR-163 proizvo\u0111a\u010da Fisher.<\/p>\n<ul>\n<li>Karakteristike:\n<ul>\n<li>\u0160irina: 150mm<\/li>\n<li>\u0160irina se\u010diva: 6.6 i 1mm<\/li>\n<\/ul>\n<\/li>\n<\/ul>\n","protected":false},"featured_media":11783,"comment_status":"open","ping_status":"closed","template":"","meta":{"inline_featured_image":false},"product_brand":[],"product_cat":[15],"product_tag":[],"class_list":{"0":"post-11782","1":"product","2":"type-product","3":"status-publish","4":"has-post-thumbnail","6":"product_cat-uncategorized","8":"first","9":"instock","10":"sale","11":"shipping-taxable","12":"purchasable","13":"product-type-simple"},"_links":{"self":[{"href":"https:\/\/tehnikabacko.rs\/index.php\/wp-json\/wp\/v2\/product\/11782","targetHints":{"allow":["GET"]}}],"collection":[{"href":"https:\/\/tehnikabacko.rs\/index.php\/wp-json\/wp\/v2\/product"}],"about":[{"href":"https:\/\/tehnikabacko.rs\/index.php\/wp-json\/wp\/v2\/types\/product"}],"replies":[{"embeddable":true,"href":"https:\/\/tehnikabacko.rs\/index.php\/wp-json\/wp\/v2\/comments?post=11782"}],"wp:featuredmedia":[{"embeddable":true,"href":"https:\/\/tehnikabacko.rs\/index.php\/wp-json\/wp\/v2\/media\/11783"}],"wp:attachment":[{"href":"https:\/\/tehnikabacko.rs\/index.php\/wp-json\/wp\/v2\/media?parent=11782"}],"wp:term":[{"taxonomy":"product_brand","embeddable":true,"href":"https:\/\/tehnikabacko.rs\/index.php\/wp-json\/wp\/v2\/product_brand?post=11782"},{"taxonomy":"product_cat","embeddable":true,"href":"https:\/\/tehnikabacko.rs\/index.php\/wp-json\/wp\/v2\/product_cat?post=11782"},{"taxonomy":"product_tag","embeddable":true,"href":"https:\/\/tehnikabacko.rs\/index.php\/wp-json\/wp\/v2\/product_tag?post=11782"}],"curies":[{"name":"wp","href":"https:\/\/api.w.org\/{rel}","templated":true}]}}