{"id":11774,"date":"2026-02-05T13:40:16","date_gmt":"2026-02-05T13:40:16","guid":{"rendered":"https:\/\/tehnikabacko.rs\/?post_type=product&#038;p=11774"},"modified":"2026-02-05T13:40:16","modified_gmt":"2026-02-05T13:40:16","slug":"hidraulicna-dizalica-cc-tj-2000","status":"publish","type":"product","link":"https:\/\/tehnikabacko.rs\/index.php\/product\/hidraulicna-dizalica-cc-tj-2000\/","title":{"rendered":"Hidrauli\u010dna dizalica CC-TJ 2000"},"content":{"rendered":"<div class=\"content-item module-headline-paragraph headline paragraph -color-headline-black\">\n<h2 class=\"heading delta\">Tehni\u010dke specifikacije<\/h2>\n<\/div>\n<div class=\"content-item module-table -styling-beta -div-based\">\n<div class=\"table__table table\">\n<div class=\"tbody\">\n<div class=\"-show tr tr-odd\">\n<div class=\"td\"><span class=\"bold\">Maks. visina podizanja<\/span><\/div>\n<div class=\"td\">33 cm<\/div>\n<\/div>\n<div class=\"-show tr tr-even\">\n<div class=\"td\"><span class=\"bold\">Min. visina podizanja<\/span><\/div>\n<div class=\"td\">13.5 cm<\/div>\n<\/div>\n<div class=\"-show tr tr-odd\">\n<div class=\"td\"><span class=\"bold\">Nosivost<\/span><\/div>\n<div class=\"td\">2 t<\/div>\n<\/div>\n<div class=\"-show tr tr-even\">\n<div class=\"td\"><span class=\"bold\">Pre\u010dnik oslonca<\/span><\/div>\n<div class=\"td\">47 mm<\/div>\n<\/div>\n<div class=\"-show tr tr-odd\">\n<div class=\"td\"><span class=\"bold\">Te\u017eina proizvoda<\/span><\/div>\n<div class=\"td\">8.4 Kg<\/div>\n<\/div>\n<\/div>\n<\/div>\n<\/div>\n","protected":false},"excerpt":{"rendered":"<p>Hidrauli\u010dna dizalica CC-TJ 2000 je stabilna i pokretna hidrauli\u010dna dizalica sa 2 tone podizne sile. Sa visinom podizanja do 33 cm, raznovrsti radovi se mogu brzo izvr\u0161iti u radionicama i gara\u017eama. Na taj na\u010din, nosec\u0301a plo\u010da i podizna \u0161ipka omoguc\u0301avaju sigurnije i lak\u0161e podizanje tereta. O\u0161tec\u0301enja uzrokovana preopterec\u0301enjem se pouzdano spre\u010davaju zbog integrisanog sigurnosnog ventila. Dva to\u010dkic\u0301a sa kugli\u010dnim le\u017eajevima omoguc\u0301avaju jednostavno manevrisanje, a dizalica se mo\u017ee jednostavno transportovati zbog prakti\u010dne ru\u010dice.<\/p>\n","protected":false},"featured_media":11775,"comment_status":"open","ping_status":"closed","template":"","meta":{"inline_featured_image":false},"product_brand":[],"product_cat":[350],"product_tag":[],"class_list":{"0":"post-11774","1":"product","2":"type-product","3":"status-publish","4":"has-post-thumbnail","6":"product_cat-dizalice","8":"first","9":"instock","10":"sale","11":"shipping-taxable","12":"purchasable","13":"product-type-simple"},"_links":{"self":[{"href":"https:\/\/tehnikabacko.rs\/index.php\/wp-json\/wp\/v2\/product\/11774","targetHints":{"allow":["GET"]}}],"collection":[{"href":"https:\/\/tehnikabacko.rs\/index.php\/wp-json\/wp\/v2\/product"}],"about":[{"href":"https:\/\/tehnikabacko.rs\/index.php\/wp-json\/wp\/v2\/types\/product"}],"replies":[{"embeddable":true,"href":"https:\/\/tehnikabacko.rs\/index.php\/wp-json\/wp\/v2\/comments?post=11774"}],"wp:featuredmedia":[{"embeddable":true,"href":"https:\/\/tehnikabacko.rs\/index.php\/wp-json\/wp\/v2\/media\/11775"}],"wp:attachment":[{"href":"https:\/\/tehnikabacko.rs\/index.php\/wp-json\/wp\/v2\/media?parent=11774"}],"wp:term":[{"taxonomy":"product_brand","embeddable":true,"href":"https:\/\/tehnikabacko.rs\/index.php\/wp-json\/wp\/v2\/product_brand?post=11774"},{"taxonomy":"product_cat","embeddable":true,"href":"https:\/\/tehnikabacko.rs\/index.php\/wp-json\/wp\/v2\/product_cat?post=11774"},{"taxonomy":"product_tag","embeddable":true,"href":"https:\/\/tehnikabacko.rs\/index.php\/wp-json\/wp\/v2\/product_tag?post=11774"}],"curies":[{"name":"wp","href":"https:\/\/api.w.org\/{rel}","templated":true}]}}