{"id":11772,"date":"2026-02-05T13:26:48","date_gmt":"2026-02-05T13:26:48","guid":{"rendered":"https:\/\/tehnikabacko.rs\/?post_type=product&#038;p=11772"},"modified":"2026-02-05T13:26:48","modified_gmt":"2026-02-05T13:26:48","slug":"fg-electronics-trimer-za-kosu-fs-6390","status":"publish","type":"product","link":"https:\/\/tehnikabacko.rs\/index.php\/product\/fg-electronics-trimer-za-kosu-fs-6390\/","title":{"rendered":"FG ELECTRONICS Trimer za kosu FS 6390"},"content":{"rendered":"<div id=\"tab-label-additional\" class=\"data item title active\" tabindex=\"0\" role=\"tab\" data-role=\"collapsible\" data-collapsible=\"true\" aria-controls=\"additional\" aria-selected=\"false\" aria-expanded=\"true\"><a id=\"tab-label-additional-title\" class=\"data switch\" tabindex=\"-1\" href=\"https:\/\/eplaneta.rs\/fg-electronics-trimer-za-kosu-fs-6390-fs6390.html#additional\" data-toggle=\"trigger\">Opis artikla<\/a><\/div>\n<div id=\"additional\" class=\"data item content\" role=\"tabpanel\" aria-labelledby=\"tab-label-additional\" data-role=\"content\" aria-hidden=\"false\">\n<div class=\"product attribute description\">\n<div id=\"zsdev-description\" class=\"value\">\n<div id=\"zsdev-description-content\" class=\"value\">\n<ul>\n<li>Odr\u017eavajte svoj stil uz trimer za kosu i bradu \u2013 prakti\u010dan i pouzdan aparat za precizno oblikovanje.<\/li>\n<li>Vibriraju\u0107e se\u010divo od crnog titanijuma \u2013 o\u0161tro i dugotrajno<\/li>\n<li>\u0160irina se\u010diva 40mm<\/li>\n<li>LCD display<\/li>\n<li>Motor sa 9000 obrtaja ( RPM )<\/li>\n<li>Autonoman rad 240 minuta za potpunu slobodu kretanja<\/li>\n<li>Punjenje baterije na 100% za 2h<\/li>\n<li>Be\u017ei\u010dni rad i rad sa kablom<\/li>\n<li>Integrisana baterija Li-ion od 1500mAh<\/li>\n<li>3 dodatna \u010de\u0161lji\u0107a od 1 \u2013 2 \u2013 3 mm za razli\u010dite du\u017eine \u0161i\u0161anja<\/li>\n<li>Postolje za punjenje sa odvojivim USB kablom<\/li>\n<li>Ergonosmski dizajn za udobno rukovanje<\/li>\n<li>Snaga 10W<\/li>\n<li>Jednostavno \u010di\u0161\u0107enje i odr\u017eavanje<\/li>\n<li>Poklon pakovanje<\/li>\n<\/ul>\n<\/div>\n<\/div>\n<\/div>\n<\/div>\n","protected":false},"excerpt":{"rendered":"<table id=\"product-attribute-specs-table\" class=\"data table additional-attributes\">\n<tbody>\n<tr id=\"spec-attribute-no-1\" class=\"spec-attribute spec-base-attr spec-attribute-no-1\">\n<th class=\"col label\" scope=\"row\">Brend<\/th>\n<td class=\"col data\" data-th=\"Brend\">FG ELECTRONICS<\/td>\n<\/tr>\n<tr id=\"spec-attribute-no-2\" class=\"spec-attribute spec-base-attr spec-attribute-no-2\">\n<th class=\"col label\" scope=\"row\">Napajanje<\/th>\n<td class=\"col data\" data-th=\"Napajanje\">Kabl i baterija<\/td>\n<\/tr>\n<tr id=\"spec-attribute-no-3\" class=\"spec-attribute spec-base-attr spec-attribute-no-3\">\n<th class=\"col label\" scope=\"row\">Tip<\/th>\n<td class=\"col data\" data-th=\"Tip\">Trimeri za kosu<\/td>\n<\/tr>\n<\/tbody>\n<\/table>\n","protected":false},"featured_media":11773,"comment_status":"open","ping_status":"closed","template":"","meta":{"inline_featured_image":false},"product_brand":[],"product_cat":[445],"product_tag":[],"class_list":{"0":"post-11772","1":"product","2":"type-product","3":"status-publish","4":"has-post-thumbnail","6":"product_cat-trimeri-za-kosu","8":"first","9":"instock","10":"sale","11":"shipping-taxable","12":"purchasable","13":"product-type-simple"},"_links":{"self":[{"href":"https:\/\/tehnikabacko.rs\/index.php\/wp-json\/wp\/v2\/product\/11772","targetHints":{"allow":["GET"]}}],"collection":[{"href":"https:\/\/tehnikabacko.rs\/index.php\/wp-json\/wp\/v2\/product"}],"about":[{"href":"https:\/\/tehnikabacko.rs\/index.php\/wp-json\/wp\/v2\/types\/product"}],"replies":[{"embeddable":true,"href":"https:\/\/tehnikabacko.rs\/index.php\/wp-json\/wp\/v2\/comments?post=11772"}],"wp:featuredmedia":[{"embeddable":true,"href":"https:\/\/tehnikabacko.rs\/index.php\/wp-json\/wp\/v2\/media\/11773"}],"wp:attachment":[{"href":"https:\/\/tehnikabacko.rs\/index.php\/wp-json\/wp\/v2\/media?parent=11772"}],"wp:term":[{"taxonomy":"product_brand","embeddable":true,"href":"https:\/\/tehnikabacko.rs\/index.php\/wp-json\/wp\/v2\/product_brand?post=11772"},{"taxonomy":"product_cat","embeddable":true,"href":"https:\/\/tehnikabacko.rs\/index.php\/wp-json\/wp\/v2\/product_cat?post=11772"},{"taxonomy":"product_tag","embeddable":true,"href":"https:\/\/tehnikabacko.rs\/index.php\/wp-json\/wp\/v2\/product_tag?post=11772"}],"curies":[{"name":"wp","href":"https:\/\/api.w.org\/{rel}","templated":true}]}}