{"id":11762,"date":"2026-01-30T14:07:20","date_gmt":"2026-01-30T14:07:20","guid":{"rendered":"https:\/\/tehnikabacko.rs\/?post_type=product&#038;p=11762"},"modified":"2026-01-30T14:07:20","modified_gmt":"2026-01-30T14:07:20","slug":"scheppach-perac-visokim-pritiskom-hpc1400-110-bar","status":"publish","type":"product","link":"https:\/\/tehnikabacko.rs\/index.php\/product\/scheppach-perac-visokim-pritiskom-hpc1400-110-bar\/","title":{"rendered":"Scheppach pera\u010d visokim pritiskom HPC1400 110 bar"},"content":{"rendered":"<div>\u2022 Sna\u017ean motor od 1400 W sa maksimalnim pritiskom od 110 bara i radnim pritiskom od 80 bara<br \/>\n\u2022 Quick-Connect sistem za brze promene priklju\u010dka<br \/>\n\u2022 Automatsko uklju\u010divanje i isklju\u010divanje<br \/>\n\u2022 Transportna ru\u010dka za lak transport<br \/>\n\u2022 \u0160irok radni radijus zahvaljuju\u0107i crijevu visokog pritiska od 3 m<br \/>\n\u2022 Prakti\u010dna samousisna funkcija (potreban je poseban pribor)<br \/>\n\u2022 Posebno brzo i efikasno \u010di\u0161\u0107enje zahvaljuju\u0107i velikom protoku od 390 L\/h<br \/>\n\u2022 Idealno za mobilnu upotrebu zahvaljuju\u0107i te\u017eini od samo 5 kg<br \/>\n\u2022 Integrisanii dr\u017ea\u010d za crijevo pod visokim pritiskom i kabal<br \/>\n\u2022 Uklju\u010duje crijevo visokog pritiska 3m , produ\u017eetak sa pode\u0161avaju\u0107om diznom, pi\u0161tolj i brzu spjnicu sa filterom<\/div>\n<div class=\"product-table-container\">\n<div class=\"dwspecs-product-table-group\">\n<table>\n<tbody>\n<tr>\n<td>Proizvo\u0111a\u010d<\/td>\n<td>Scheppach<\/td>\n<\/tr>\n<tr>\n<td>Model<\/td>\n<td>HPC1400<\/td>\n<\/tr>\n<tr>\n<td>Katalo\u0161ka oznaka<\/td>\n<td>5907736901<\/td>\n<\/tr>\n<tr>\n<td>Snaga<\/td>\n<td>1400 W<\/td>\n<\/tr>\n<tr>\n<td>Napon<\/td>\n<td>230 V \u2013 50 Hz<\/td>\n<\/tr>\n<tr>\n<td>Hla\u0111enje motora<\/td>\n<td>Vodeno<\/td>\n<\/tr>\n<tr>\n<td>Radni pritisak<\/td>\n<td>80 bar<\/td>\n<\/tr>\n<tr>\n<td>Maksimalni pritisak<\/td>\n<td>110 bar<\/td>\n<\/tr>\n<tr>\n<td>Protok vode<\/td>\n<td>330 l\/h<\/td>\n<\/tr>\n<tr>\n<td>Maksimalni protok<\/td>\n<td>390 l\/h<\/td>\n<\/tr>\n<tr>\n<td>Du\u017eina crijeva<\/td>\n<td>3 m<\/td>\n<\/tr>\n<tr>\n<td>Materijal izrade glave pumpe<\/td>\n<td>Aluminijum<\/td>\n<\/tr>\n<tr>\n<td>Dimenzije<\/td>\n<td>245 x 233 x 455 mm<\/td>\n<\/tr>\n<tr>\n<td>Te\u017eina<\/td>\n<td>5 kg<\/td>\n<\/tr>\n<tr>\n<td>Dodatne informacije<\/td>\n<td>Quick-Connect sistem za brze promjene priklju\u010dka<br \/>\nAutomatsko uklju\u010divanje i isklju\u010divanje<\/td>\n<\/tr>\n<tr>\n<td>Isporu\u010deni pribor<\/td>\n<td>Pi\u0161tolj<br \/>\nProdu\u017eetak sa pode\u0161avaju\u0107om diznom<br \/>\nCrijevo visokog pritiska 3m<br \/>\nBrza spojnica za dovod vode sa filterom<\/td>\n<\/tr>\n<\/tbody>\n<\/table>\n<\/div>\n<\/div>\n","protected":false},"excerpt":{"rendered":"<p>Sa sna\u017enim motorom od 1400 W i maksimalnim pritiskom od 110 bara, Scheppach elektri\u010dni pera\u010d visokim pritiskom\u00a0 HPC1400 idealan je za \u010di\u0161\u0107enje ku\u0107a, dvori\u0161ta i vrta. Uz visoku brzinu protoka od 390 L\/min, prljave povr\u0161ine mogu se o\u010distiti brzo i efikasno.\u00a0Zahvaljuju\u0107i svom kompaktnom dizajnu, te\u017eini od samo 5 kg i transportnoj ru\u010dki, pera\u010d visokim pritiskom je jednostavan za transport i \u0161tedi prostor prilikom skladi\u0161tenja.<\/p>\n","protected":false},"featured_media":11763,"comment_status":"open","ping_status":"closed","template":"","meta":{"inline_featured_image":false},"product_brand":[],"product_cat":[289],"product_tag":[],"class_list":{"0":"post-11762","1":"product","2":"type-product","3":"status-publish","4":"has-post-thumbnail","6":"product_cat-perac-pod-pritiskom","8":"first","9":"instock","10":"sale","11":"shipping-taxable","12":"purchasable","13":"product-type-simple"},"_links":{"self":[{"href":"https:\/\/tehnikabacko.rs\/index.php\/wp-json\/wp\/v2\/product\/11762","targetHints":{"allow":["GET"]}}],"collection":[{"href":"https:\/\/tehnikabacko.rs\/index.php\/wp-json\/wp\/v2\/product"}],"about":[{"href":"https:\/\/tehnikabacko.rs\/index.php\/wp-json\/wp\/v2\/types\/product"}],"replies":[{"embeddable":true,"href":"https:\/\/tehnikabacko.rs\/index.php\/wp-json\/wp\/v2\/comments?post=11762"}],"wp:featuredmedia":[{"embeddable":true,"href":"https:\/\/tehnikabacko.rs\/index.php\/wp-json\/wp\/v2\/media\/11763"}],"wp:attachment":[{"href":"https:\/\/tehnikabacko.rs\/index.php\/wp-json\/wp\/v2\/media?parent=11762"}],"wp:term":[{"taxonomy":"product_brand","embeddable":true,"href":"https:\/\/tehnikabacko.rs\/index.php\/wp-json\/wp\/v2\/product_brand?post=11762"},{"taxonomy":"product_cat","embeddable":true,"href":"https:\/\/tehnikabacko.rs\/index.php\/wp-json\/wp\/v2\/product_cat?post=11762"},{"taxonomy":"product_tag","embeddable":true,"href":"https:\/\/tehnikabacko.rs\/index.php\/wp-json\/wp\/v2\/product_tag?post=11762"}],"curies":[{"name":"wp","href":"https:\/\/api.w.org\/{rel}","templated":true}]}}