{"id":11758,"date":"2026-01-30T13:03:18","date_gmt":"2026-01-30T13:03:18","guid":{"rendered":"https:\/\/tehnikabacko.rs\/?post_type=product&#038;p=11758"},"modified":"2026-01-30T13:03:18","modified_gmt":"2026-01-30T13:03:18","slug":"scheppach-ms150-46e-samohodna-kosilica-sa-elektro-startom-46cm","status":"publish","type":"product","link":"https:\/\/tehnikabacko.rs\/index.php\/product\/scheppach-ms150-46e-samohodna-kosilica-sa-elektro-startom-46cm\/","title":{"rendered":"Scheppach MS150-46E samohodna kosilica sa elektro startom 46cm"},"content":{"rendered":"<table id=\"product-attribute-specs-table\" class=\"data table additional-attributes\">\n<caption class=\"table-caption\">Dodatne informacije<\/caption>\n<tbody>\n<tr>\n<th class=\"col label\" scope=\"row\">Product Name<\/th>\n<td class=\"col data\" data-th=\"Product Name\">Scheppach MS150-46E samohodna kosilica sa elektro startom 46cm<\/td>\n<\/tr>\n<\/tbody>\n<tbody>\n<tr>\n<th class=\"col label\" scope=\"row\">Zemlja porekla<\/th>\n<td class=\"col data\" data-th=\"Zemlja porekla\">Kina<\/td>\n<\/tr>\n<\/tbody>\n<tbody>\n<tr>\n<th class=\"col label\" scope=\"row\">Brend<\/th>\n<td class=\"col data\" data-th=\"Brend\">Scheppach<\/td>\n<\/tr>\n<\/tbody>\n<tbody>\n<tr>\n<th class=\"col label\" scope=\"row\">Proizvo\u0111a\u010d<\/th>\n<td class=\"col data\" data-th=\"Proizvo\u0111a\u010d\">Scheppach GmbH<\/td>\n<\/tr>\n<\/tbody>\n<tbody>\n<tr>\n<th class=\"col label\" scope=\"row\">Uvoznik<\/th>\n<td class=\"col data\" data-th=\"Uvoznik\">Tool Experts<\/td>\n<\/tr>\n<\/tbody>\n<\/table>\n","protected":false},"excerpt":{"rendered":"<p>Snaga 3.5 KS<br \/>\nZapremina motora 150 cm\u00b3<br \/>\nMotor 4-taktni zrakom hla\u0111en motor benzin<br \/>\nPogon to\u010dkova Zadnji<br \/>\nStartovanje motora Pritiskom na taster (elektro-start)<br \/>\nPreporu\u010dena povr\u0161ina ko\u0161enja 1000 m\u00b2<br \/>\n\u0160irina ko\u0161enja 46 cm<br \/>\nPode\u0161avanje visine ko\u0161enja 7x centralno<br \/>\nVisina ko\u0161enja (min-max) 25 &#8211; 75 mm<br \/>\nGorivo Bezolovni benzin<br \/>\nKorpa (materijal) Platno<br \/>\nZapremina korpe 55 l<br \/>\nRu\u010dka Sklopiva sa pode\u0161avanjem visine<br \/>\nUklju\u010duju\u0107i funkciju bo\u010dnog izbacivanja i mal\u010diranja<br \/>\nTe\u017eina: 30 kg<br \/>\nVreme isporuke: 2-4 dana<\/p>\n","protected":false},"featured_media":11759,"comment_status":"open","ping_status":"closed","template":"","meta":{"inline_featured_image":false},"product_brand":[],"product_cat":[272],"product_tag":[],"class_list":{"0":"post-11758","1":"product","2":"type-product","3":"status-publish","4":"has-post-thumbnail","6":"product_cat-motorna-kosilica","8":"first","9":"instock","10":"sale","11":"shipping-taxable","12":"purchasable","13":"product-type-simple"},"_links":{"self":[{"href":"https:\/\/tehnikabacko.rs\/index.php\/wp-json\/wp\/v2\/product\/11758","targetHints":{"allow":["GET"]}}],"collection":[{"href":"https:\/\/tehnikabacko.rs\/index.php\/wp-json\/wp\/v2\/product"}],"about":[{"href":"https:\/\/tehnikabacko.rs\/index.php\/wp-json\/wp\/v2\/types\/product"}],"replies":[{"embeddable":true,"href":"https:\/\/tehnikabacko.rs\/index.php\/wp-json\/wp\/v2\/comments?post=11758"}],"wp:featuredmedia":[{"embeddable":true,"href":"https:\/\/tehnikabacko.rs\/index.php\/wp-json\/wp\/v2\/media\/11759"}],"wp:attachment":[{"href":"https:\/\/tehnikabacko.rs\/index.php\/wp-json\/wp\/v2\/media?parent=11758"}],"wp:term":[{"taxonomy":"product_brand","embeddable":true,"href":"https:\/\/tehnikabacko.rs\/index.php\/wp-json\/wp\/v2\/product_brand?post=11758"},{"taxonomy":"product_cat","embeddable":true,"href":"https:\/\/tehnikabacko.rs\/index.php\/wp-json\/wp\/v2\/product_cat?post=11758"},{"taxonomy":"product_tag","embeddable":true,"href":"https:\/\/tehnikabacko.rs\/index.php\/wp-json\/wp\/v2\/product_tag?post=11758"}],"curies":[{"name":"wp","href":"https:\/\/api.w.org\/{rel}","templated":true}]}}