{"id":11750,"date":"2026-01-29T14:53:55","date_gmt":"2026-01-29T14:53:55","guid":{"rendered":"https:\/\/tehnikabacko.rs\/?post_type=product&#038;p=11750"},"modified":"2026-01-29T14:53:55","modified_gmt":"2026-01-29T14:53:55","slug":"friteza-bez-ulja-fs-607-air-fryer-fisher","status":"publish","type":"product","link":"https:\/\/tehnikabacko.rs\/index.php\/product\/friteza-bez-ulja-fs-607-air-fryer-fisher\/","title":{"rendered":"Friteza bez ulja fs 607- AIR FRYER Fisher"},"content":{"rendered":"<h3>Detaljnije o proizvodu<\/h3>\n<p>Pripremite ukusne i zdrave obroke za celu porodicu uz Fritezu bez ulja FS-607! Sa kapacitetom od \u010dak 8 litara i snagom od 1700 W, ovaj ure\u0111aj omogu\u0107ava brzu i ravnomernu pripremu hrane bez potrebe za uljem. Idealan je za pripremu raznovrsnih jela poput pomfrita, mesa, povr\u0107a ili slatki\u0161a \u2013 sve sa minimalnom koli\u010dinom masti.<\/p>\n<p>FS-607 friteza koristi naprednu tehnologiju pr\u017eenja vru\u0107im vazduhom, \u010duvaju\u0107i nutritivne vrednosti hrane, a istovremeno pru\u017eaju\u0107i savr\u0161eno hrskave rezultate. Njen elegantan dizajn i jednostavno \u010di\u0161\u0107enje \u010dine je savr\u0161enim dodatkom svakoj kuhinji.<\/p>\n<p>Dodajte FS-607 u svoju kolekciju ku\u0107nih aparata i u\u017eivajte u brzom, zdravom i prakti\u010dnom kuvanju!<\/p>\n<p>&nbsp;<\/p>\n","protected":false},"excerpt":{"rendered":"<div class=\"col-lg-5 col-md-6 product-details\">Friteza bez ulja fs 607- AIR FRYER Fisher<\/p>\n<p>Snaga: 1700 W<br \/>\nKapacitet: 8 litara<br \/>\nTehnologija: Pr\u017eenje i pe\u010denje na vru\u0107 vazduh bez masti i ulja<br \/>\nEkolo\u0161ka priprema hrane: Zdraviji obroci uz o\u010duvanje ukusa<br \/>\nLako \u010di\u0161\u0107enje: Odvojiva posuda sa nelepljivim premazom&nbsp;<\/p>\n<\/div>\n","protected":false},"featured_media":11751,"comment_status":"open","ping_status":"closed","template":"","meta":{"inline_featured_image":false},"product_brand":[],"product_cat":[341],"product_tag":[],"class_list":{"0":"post-11750","1":"product","2":"type-product","3":"status-publish","4":"has-post-thumbnail","6":"product_cat-friteze","8":"first","9":"instock","10":"sale","11":"shipping-taxable","12":"purchasable","13":"product-type-simple"},"_links":{"self":[{"href":"https:\/\/tehnikabacko.rs\/index.php\/wp-json\/wp\/v2\/product\/11750","targetHints":{"allow":["GET"]}}],"collection":[{"href":"https:\/\/tehnikabacko.rs\/index.php\/wp-json\/wp\/v2\/product"}],"about":[{"href":"https:\/\/tehnikabacko.rs\/index.php\/wp-json\/wp\/v2\/types\/product"}],"replies":[{"embeddable":true,"href":"https:\/\/tehnikabacko.rs\/index.php\/wp-json\/wp\/v2\/comments?post=11750"}],"wp:featuredmedia":[{"embeddable":true,"href":"https:\/\/tehnikabacko.rs\/index.php\/wp-json\/wp\/v2\/media\/11751"}],"wp:attachment":[{"href":"https:\/\/tehnikabacko.rs\/index.php\/wp-json\/wp\/v2\/media?parent=11750"}],"wp:term":[{"taxonomy":"product_brand","embeddable":true,"href":"https:\/\/tehnikabacko.rs\/index.php\/wp-json\/wp\/v2\/product_brand?post=11750"},{"taxonomy":"product_cat","embeddable":true,"href":"https:\/\/tehnikabacko.rs\/index.php\/wp-json\/wp\/v2\/product_cat?post=11750"},{"taxonomy":"product_tag","embeddable":true,"href":"https:\/\/tehnikabacko.rs\/index.php\/wp-json\/wp\/v2\/product_tag?post=11750"}],"curies":[{"name":"wp","href":"https:\/\/api.w.org\/{rel}","templated":true}]}}