{"id":11748,"date":"2026-01-29T13:58:08","date_gmt":"2026-01-29T13:58:08","guid":{"rendered":"https:\/\/tehnikabacko.rs\/?post_type=product&#038;p=11748"},"modified":"2026-01-29T13:58:08","modified_gmt":"2026-01-29T13:58:08","slug":"union-tornado-vc-2436bbl-usisivac","status":"publish","type":"product","link":"https:\/\/tehnikabacko.rs\/index.php\/product\/union-tornado-vc-2436bbl-usisivac\/","title":{"rendered":"UNION Tornado VC-2436BBL Usisiva\u010d"},"content":{"rendered":"<table id=\"prodspec\" class=\"table table-bordered table-hover table-striped\">\n<tbody>\n<tr>\n<td class=\"st\">Model<\/td>\n<td class=\"sc\">VC-2436BBL<\/td>\n<\/tr>\n<tr>\n<td class=\"st\">Tip<\/td>\n<td class=\"sc\">Usisiva\u010d sa kesom<\/td>\n<\/tr>\n<tr>\n<td class=\"st\">Snaga<\/td>\n<td class=\"sc\">2400W<\/td>\n<\/tr>\n<tr>\n<td class=\"st\">Karakteristike<\/td>\n<td class=\"sc\">Kapacitet kese: 4 l<br \/>\nFilter: HEPA filter<br \/>\nDugme za regulaciju snage<br \/>\nMetalna cev<\/td>\n<\/tr>\n<tr>\n<td class=\"st\">Boja<\/td>\n<td class=\"sc\">Crna<\/td>\n<\/tr>\n<tr>\n<td class=\"st\">Ostalo<\/td>\n<td class=\"sc\">Automatsko namotavanje kabla<br \/>\nDu\u017eina kabla: 8 m<br \/>\nDimenzije uredjaja: 480 x 320 x 255 mm<br \/>\nOprema: Velika \u010detka + set malih \u010detki\u00a0 2u1<\/td>\n<\/tr>\n<tr>\n<td class=\"st\">Zakonska saobraznost<\/td>\n<td class=\"sc\">24 meseca<\/td>\n<\/tr>\n<\/tbody>\n<\/table>\n","protected":false},"excerpt":{"rendered":"<p>Model VC-2436BBL Tip Usisiva\u010d sa kesom Snaga 2400W Karakteristike Kapacitet kese: 4 l Filter: HEPA filter Dugme za regulaciju snage Metalna cev Boja Crna Ostalo Automatsko namotavanje kabla Du\u017eina kabla: 8 m Dimenzije uredjaja: 480 x 320 x 255 mm Oprema: Velika \u010detka + set malih \u010detki\u00a0 2u1 Zakonska saobraznost 24 meseca<\/p>\n","protected":false},"featured_media":11749,"comment_status":"open","ping_status":"closed","template":"","meta":{"inline_featured_image":false},"product_brand":[],"product_cat":[307],"product_tag":[],"class_list":{"0":"post-11748","1":"product","2":"type-product","3":"status-publish","4":"has-post-thumbnail","6":"product_cat-usisivaci","8":"first","9":"instock","10":"sale","11":"shipping-taxable","12":"purchasable","13":"product-type-simple"},"_links":{"self":[{"href":"https:\/\/tehnikabacko.rs\/index.php\/wp-json\/wp\/v2\/product\/11748","targetHints":{"allow":["GET"]}}],"collection":[{"href":"https:\/\/tehnikabacko.rs\/index.php\/wp-json\/wp\/v2\/product"}],"about":[{"href":"https:\/\/tehnikabacko.rs\/index.php\/wp-json\/wp\/v2\/types\/product"}],"replies":[{"embeddable":true,"href":"https:\/\/tehnikabacko.rs\/index.php\/wp-json\/wp\/v2\/comments?post=11748"}],"wp:featuredmedia":[{"embeddable":true,"href":"https:\/\/tehnikabacko.rs\/index.php\/wp-json\/wp\/v2\/media\/11749"}],"wp:attachment":[{"href":"https:\/\/tehnikabacko.rs\/index.php\/wp-json\/wp\/v2\/media?parent=11748"}],"wp:term":[{"taxonomy":"product_brand","embeddable":true,"href":"https:\/\/tehnikabacko.rs\/index.php\/wp-json\/wp\/v2\/product_brand?post=11748"},{"taxonomy":"product_cat","embeddable":true,"href":"https:\/\/tehnikabacko.rs\/index.php\/wp-json\/wp\/v2\/product_cat?post=11748"},{"taxonomy":"product_tag","embeddable":true,"href":"https:\/\/tehnikabacko.rs\/index.php\/wp-json\/wp\/v2\/product_tag?post=11748"}],"curies":[{"name":"wp","href":"https:\/\/api.w.org\/{rel}","templated":true}]}}