{"id":11745,"date":"2026-01-29T12:57:29","date_gmt":"2026-01-29T12:57:29","guid":{"rendered":"https:\/\/tehnikabacko.rs\/?post_type=product&#038;p=11745"},"modified":"2026-01-29T12:57:29","modified_gmt":"2026-01-29T12:57:29","slug":"ingco-set-aku-alata-2-1-ckli20277e","status":"publish","type":"product","link":"https:\/\/tehnikabacko.rs\/index.php\/product\/ingco-set-aku-alata-2-1-ckli20277e\/","title":{"rendered":"INGCO Set aku alata 2\/1 CKLI20277E"},"content":{"rendered":"<p>Udarna bu\u0161ilica CIDLI206681<\/p>\n<p>\u2022 Motor: brushless (bez \u010detkica)<\/p>\n<p>\u2022 Brzina praznog hoda: 0\u2013500 \/ 0\u20132000 rpm<\/p>\n<p>\u2022 Maksimalni obrtni moment: 66 Nm<\/p>\n<p>\u2022 Stezna glava: metalna, kapacitet do 13 mm<\/p>\n<p>\u2022 Pode\u0161avanja obrtnog momenta: 22 + 1 + 1<\/p>\n<p>\u2022 Mehani\u010dki 2-brzinski menja\u010d, blokada osovine,LED radna lampa<\/p>\n<p>Udarni odvija\u010d CIRLI20281<\/p>\n<p>\u2022 Motor: brushless (bez \u010detkica)<\/p>\n<p>\u2022 Brzina praznog hoda: 0\u20131600 \/ 0\u20131900 \/ 0\u20132600 rpm<\/p>\n<p>\u2022 Udarci: 0\u20132100 \/ 0\u20132500 \/ 0\u20132900 bpm (udara po minuti)<\/p>\n<p>\u2022 Maksimalni obrtni moment: 285 Nm<\/p>\n<p>\u2022 Prihvat: hex 6.35 mm Oprema i pribor<\/p>\n<p>\u2022 2 \u00d7 baterije: 20 V, 2.0 Ah Li-Ion<\/p>\n<p>\u2022 Punja\u010d uklju\u010den u paket<\/p>\n<p>\u2022 Pribor: ukupno 47 komada dodataka, uklju\u010duju\u0107i bitove za \u0161rafilicu i nasadnice za matice<\/p>\n<p>\u2022 Svi alati i pribor dolaze u transportnom koferu \/ ku\u0107i\u0161tu<\/p>\n","protected":false},"excerpt":{"rendered":"<ul class=\"product-properties\">\n<li>Proizvo\u0111a\u010d:\u00a0<a class=\"product-detail-manufacturer-link\" title=\"INGCO\" href=\"https:\/\/www.zeka.ba\/brendovi\/ingco\/\">INGCO<\/a><\/li>\n<li>Materijal:\u00a0PVC , metal<\/li>\n<li>Model:\u00a0CKLI20277E<\/li>\n<li>Te\u017eina: 2.50 kg<\/li>\n<li>Ingco CKLI20277E aku set 2\/1 predstavlja mo\u0107an i prakti\u010dan komplet koji uklju\u010duje udarno-bu\u0161ilicu 66 Nm i udarni odvija\u010d 285 Nm, oba sa brushless motorima za ve\u0107u efikasnost i dug vijek trajanja.<\/li>\n<\/ul>\n","protected":false},"featured_media":11746,"comment_status":"open","ping_status":"closed","template":"","meta":{"inline_featured_image":false},"product_brand":[],"product_cat":[396],"product_tag":[],"class_list":{"0":"post-11745","1":"product","2":"type-product","3":"status-publish","4":"has-post-thumbnail","6":"product_cat-aku-set-alata","8":"first","9":"instock","10":"sale","11":"shipping-taxable","12":"purchasable","13":"product-type-simple"},"_links":{"self":[{"href":"https:\/\/tehnikabacko.rs\/index.php\/wp-json\/wp\/v2\/product\/11745","targetHints":{"allow":["GET"]}}],"collection":[{"href":"https:\/\/tehnikabacko.rs\/index.php\/wp-json\/wp\/v2\/product"}],"about":[{"href":"https:\/\/tehnikabacko.rs\/index.php\/wp-json\/wp\/v2\/types\/product"}],"replies":[{"embeddable":true,"href":"https:\/\/tehnikabacko.rs\/index.php\/wp-json\/wp\/v2\/comments?post=11745"}],"wp:featuredmedia":[{"embeddable":true,"href":"https:\/\/tehnikabacko.rs\/index.php\/wp-json\/wp\/v2\/media\/11746"}],"wp:attachment":[{"href":"https:\/\/tehnikabacko.rs\/index.php\/wp-json\/wp\/v2\/media?parent=11745"}],"wp:term":[{"taxonomy":"product_brand","embeddable":true,"href":"https:\/\/tehnikabacko.rs\/index.php\/wp-json\/wp\/v2\/product_brand?post=11745"},{"taxonomy":"product_cat","embeddable":true,"href":"https:\/\/tehnikabacko.rs\/index.php\/wp-json\/wp\/v2\/product_cat?post=11745"},{"taxonomy":"product_tag","embeddable":true,"href":"https:\/\/tehnikabacko.rs\/index.php\/wp-json\/wp\/v2\/product_tag?post=11745"}],"curies":[{"name":"wp","href":"https:\/\/api.w.org\/{rel}","templated":true}]}}