{"id":11743,"date":"2026-01-29T12:51:20","date_gmt":"2026-01-29T12:51:20","guid":{"rendered":"https:\/\/tehnikabacko.rs\/?post_type=product&#038;p=11743"},"modified":"2026-01-29T12:51:20","modified_gmt":"2026-01-29T12:51:20","slug":"akumulatorski-set-alata-ckli2059e-20v-2x40ah-super-ingco","status":"publish","type":"product","link":"https:\/\/tehnikabacko.rs\/index.php\/product\/akumulatorski-set-alata-ckli2059e-20v-2x40ah-super-ingco\/","title":{"rendered":"Akumulatorski set alata CKLI2059E 20V 2\u00d74,0Ah SUPER INGCO"},"content":{"rendered":"<p><strong>Tehni\u010dke karakteristike proizvoda:<\/strong><\/p>\n<ul>\n<li><strong>Akumulatorski udarni odvija\u010d 400Nm 20v (CIWLI20401)<\/strong><\/li>\n<li><strong>Brushless<\/strong>\u00a0(motor bez \u010detkica)<\/li>\n<li>Kvadratni pogon: 1\/2\u2033<\/li>\n<li>Brzina bez opterec\u0301enja: 0-1600\/0-1900\/0-2300 o\/min<\/li>\n<li>Stopa uticaja: 0-2100\/0-2500\/0-2900 otkucaja u minuti<\/li>\n<li>Moment pri\u010dvr\u0161c\u0301ivanja: 400 Nm<\/li>\n<li>Obrtni moment razbijanja matice: 550 Nm<\/li>\n<li><strong>Akumulatorska bu\u0161ilica 20V (CIDLI206681)<\/strong><\/li>\n<li><strong>Brushless<\/strong>\u00a0(motor bez \u010detkica)<\/li>\n<li>Brzina bez optere\u0107enja: 0-500\/0- 2000 o\/min<\/li>\n<li>Maksimalni obrtni moment: 66 Nm<\/li>\n<li>Metalna glava<\/li>\n<li>Kapacitet glave: 13mm (1\/2\u201d )<\/li>\n<li>Postavke obrtnog momenta: 22+1+1<\/li>\n<li>Mehani\u010dki dvobrzinski prenos<\/li>\n<li>Funkcija zaklju\u010davanja vretena<\/li>\n<li>Automatska bravica bez klju\u010da<\/li>\n<li>Integrisano LED svetlo za rad<\/li>\n<li><strong>Akumulatorska \u010dekic\u0301 bu\u0161ilica 20V (CRHLI20268)<\/strong><\/li>\n<li><strong>Brushless<\/strong>\u00a0(motor bez \u010detkica)<\/li>\n<li>Brzina bez opterec\u0301enja: 0-1100 o\/min<\/li>\n<li>Brzina udarca: 0-5000 o\/min<\/li>\n<li>Energetska snaga udara: 2,5J<\/li>\n<li>Maksimalni kapacitet bu\u0161enja:<\/li>\n<li>Beton: 26 mm<\/li>\n<li>\u010celik: 13 mm<\/li>\n<li>Drvo: 30 mm<\/li>\n<li>SDS plus sistem stezne glave<\/li>\n<li>Integrisano LED radno svetlo<\/li>\n<li><strong>Akumulatorska ugaona brusilica 20V 115mm (CAGLI27153 )<\/strong><\/li>\n<li><strong>Brushless<\/strong>\u00a0(motor bez \u010detkica)<\/li>\n<li>Maksimalna ulazna snaga: 1000W<\/li>\n<li>Brzina bez opterec\u0301enja: 3000\/6000\/9000 o\/min<\/li>\n<li>Pre\u010dnik diska: 115 mm<\/li>\n<li>Navoj vretena: M14<\/li>\n<li><strong>Akumulatorska radna lampa 270 lumena 20v (CVLI2038)<\/strong><\/li>\n<li>Napon: 20V<\/li>\n<li>LED rasipanje snage: 5V<\/li>\n<li>Lumeni: 270\u00b110%<\/li>\n<li>Te\u017eina seta: 15,5 kg.<\/li>\n<\/ul>\n<p><strong>Obim isporuke proizvoda:<\/strong><\/p>\n<ul>\n<li>SUPER INGCO Akumulatorski set alata CKLI2059E 20V 2\u00d74,0Ah<\/li>\n<li>Uputstvo za upotrebu proizvoda<\/li>\n<li>Transportna torba za alat na to\u010dkovima 20\u2033 HRRTB2002-2<\/li>\n<\/ul>\n<p><strong>Garancija 3 godine<\/strong><\/p>\n<table class=\"woocommerce-product-attributes shop_attributes\" aria-label=\"Product Details\">\n<tbody>\n<tr class=\"woocommerce-product-attributes-item woocommerce-product-attributes-item--attribute_pa_proizvodjac\">\n<th class=\"woocommerce-product-attributes-item__label\" scope=\"row\">Proizvodja\u010d<\/th>\n<td class=\"woocommerce-product-attributes-item__value\"><a href=\"https:\/\/koncarelektro.rs\/proizvodjac\/ingco\/\" rel=\"tag\">INGCO \u2013 SUPER INGCO<\/a><\/td>\n<\/tr>\n<tr class=\"woocommerce-product-attributes-item woocommerce-product-attributes-item--attribute_pa_uvoznik\">\n<th class=\"woocommerce-product-attributes-item__label\" scope=\"row\">Uvoznik<\/th>\n<td class=\"woocommerce-product-attributes-item__value\"><a href=\"https:\/\/koncarelektro.rs\/uvoznik\/na-deklaraciji-proizvoda\/\" rel=\"tag\">NA DEKLARACIJI PROIZVODA<\/a><\/td>\n<\/tr>\n<tr class=\"woocommerce-product-attributes-item woocommerce-product-attributes-item--attribute_pa_zemlja-porekla\">\n<th class=\"woocommerce-product-attributes-item__label\" scope=\"row\">Zemlja porekla<\/th>\n<td class=\"woocommerce-product-attributes-item__value\"><a href=\"https:\/\/koncarelektro.rs\/zemlja-porekla\/kina\/\" rel=\"tag\">Kina<\/a><\/td>\n<\/tr>\n<\/tbody>\n<\/table>\n","protected":false},"excerpt":{"rendered":"<p>Komplet akumulatorskog alata sadr\u017ei:<br \/>\nAkumulatorsku bu\u0161ilicu bez \u010detkica CIDLI206681, sa podesivim pode\u0161avanjima brzine i kontrolom obrtnog momenta, precizno i moc\u0301no rukuje \u0161irokim spektrom materijala i aplikacija.<br \/>\nAkumulatorski udarni odvija\u010d CIWLI20401 ovaj udarni odvija\u010d obezbe\u0111uje maksimalnu snagu, brzinu i performanse.<br \/>\nBrzina bez opterec\u0301enja 0-1600\/0-1900\/0-2300 o\/min, obrtni moment ontinuirano 400 Nm, obrtni moment otpu\u0161tanja: 550 Nm<br \/>\nAkumulatorska \u010deki\u0107 bu\u0161ilica CRHLI20268, maksimalne performanse bu\u0161enja, efikasnost i izdr\u017eljivost zahvaljujuc\u0301i udarnom mehanizmu visokih performansi.<br \/>\nUgaona brusilica CAGLI27153 115mm sa potenciometrom, svaki specijalista koji se bavi renoviranjem, zavr\u0161nim radovima ima ovu vrstu alata u svojoj radionici.<br \/>\nRadna lampa CWLI2038, svetlosni tok (osvetljenost) 270 \u00b1 10% lumena<br \/>\nGlava sa vi\u0161e pozicije (podesiv ugao do 90\u00b0 )<\/p>\n","protected":false},"featured_media":11744,"comment_status":"open","ping_status":"closed","template":"","meta":{"inline_featured_image":false},"product_brand":[],"product_cat":[396],"product_tag":[],"class_list":{"0":"post-11743","1":"product","2":"type-product","3":"status-publish","4":"has-post-thumbnail","6":"product_cat-aku-set-alata","8":"first","9":"instock","10":"sale","11":"shipping-taxable","12":"purchasable","13":"product-type-simple"},"_links":{"self":[{"href":"https:\/\/tehnikabacko.rs\/index.php\/wp-json\/wp\/v2\/product\/11743","targetHints":{"allow":["GET"]}}],"collection":[{"href":"https:\/\/tehnikabacko.rs\/index.php\/wp-json\/wp\/v2\/product"}],"about":[{"href":"https:\/\/tehnikabacko.rs\/index.php\/wp-json\/wp\/v2\/types\/product"}],"replies":[{"embeddable":true,"href":"https:\/\/tehnikabacko.rs\/index.php\/wp-json\/wp\/v2\/comments?post=11743"}],"wp:featuredmedia":[{"embeddable":true,"href":"https:\/\/tehnikabacko.rs\/index.php\/wp-json\/wp\/v2\/media\/11744"}],"wp:attachment":[{"href":"https:\/\/tehnikabacko.rs\/index.php\/wp-json\/wp\/v2\/media?parent=11743"}],"wp:term":[{"taxonomy":"product_brand","embeddable":true,"href":"https:\/\/tehnikabacko.rs\/index.php\/wp-json\/wp\/v2\/product_brand?post=11743"},{"taxonomy":"product_cat","embeddable":true,"href":"https:\/\/tehnikabacko.rs\/index.php\/wp-json\/wp\/v2\/product_cat?post=11743"},{"taxonomy":"product_tag","embeddable":true,"href":"https:\/\/tehnikabacko.rs\/index.php\/wp-json\/wp\/v2\/product_tag?post=11743"}],"curies":[{"name":"wp","href":"https:\/\/api.w.org\/{rel}","templated":true}]}}