{"id":11729,"date":"2026-01-27T15:10:36","date_gmt":"2026-01-27T15:10:36","guid":{"rendered":"https:\/\/tehnikabacko.rs\/?post_type=product&#038;p=11729"},"modified":"2026-01-27T15:10:36","modified_gmt":"2026-01-27T15:10:36","slug":"plinski-gorionik-palea-40-cm","status":"publish","type":"product","link":"https:\/\/tehnikabacko.rs\/index.php\/product\/plinski-gorionik-palea-40-cm\/","title":{"rendered":"Plinski gorionik Palea 40 cm"},"content":{"rendered":"","protected":false},"excerpt":{"rendered":"<p>Karakteristike proizvoda :<\/p>\n<ul>\n<li>Pre\u010dnik plinskog gorionika iznosi 40 cm<\/li>\n<li>Poseduje dva koncentri\u010dna plinska prstena, sa odvojenim, potpuno nezavisnim ventilima<\/li>\n<li>Unutra\u0161nji prsten pre\u010dnika je 20 cm, dok je spolja\u0161nji pre\u010dnika 40 cm<\/li>\n<li>Snaga gorionika je oko 11, 8 kW<\/li>\n<li>Potro\u0161nja gasa je oko 0, 85 kg\/ h<\/li>\n<li>Du\u017eina gorionika: 62 cm<\/li>\n<li>Visina gorionika: 10 cm<\/li>\n<\/ul>\n","protected":false},"featured_media":11730,"comment_status":"open","ping_status":"closed","template":"","meta":{"inline_featured_image":false},"product_brand":[],"product_cat":[444],"product_tag":[],"class_list":{"0":"post-11729","1":"product","2":"type-product","3":"status-publish","4":"has-post-thumbnail","6":"product_cat-gorionici","8":"first","9":"instock","10":"sale","11":"shipping-taxable","12":"purchasable","13":"product-type-simple"},"_links":{"self":[{"href":"https:\/\/tehnikabacko.rs\/index.php\/wp-json\/wp\/v2\/product\/11729","targetHints":{"allow":["GET"]}}],"collection":[{"href":"https:\/\/tehnikabacko.rs\/index.php\/wp-json\/wp\/v2\/product"}],"about":[{"href":"https:\/\/tehnikabacko.rs\/index.php\/wp-json\/wp\/v2\/types\/product"}],"replies":[{"embeddable":true,"href":"https:\/\/tehnikabacko.rs\/index.php\/wp-json\/wp\/v2\/comments?post=11729"}],"wp:featuredmedia":[{"embeddable":true,"href":"https:\/\/tehnikabacko.rs\/index.php\/wp-json\/wp\/v2\/media\/11730"}],"wp:attachment":[{"href":"https:\/\/tehnikabacko.rs\/index.php\/wp-json\/wp\/v2\/media?parent=11729"}],"wp:term":[{"taxonomy":"product_brand","embeddable":true,"href":"https:\/\/tehnikabacko.rs\/index.php\/wp-json\/wp\/v2\/product_brand?post=11729"},{"taxonomy":"product_cat","embeddable":true,"href":"https:\/\/tehnikabacko.rs\/index.php\/wp-json\/wp\/v2\/product_cat?post=11729"},{"taxonomy":"product_tag","embeddable":true,"href":"https:\/\/tehnikabacko.rs\/index.php\/wp-json\/wp\/v2\/product_tag?post=11729"}],"curies":[{"name":"wp","href":"https:\/\/api.w.org\/{rel}","templated":true}]}}