{"id":11725,"date":"2026-01-27T14:57:29","date_gmt":"2026-01-27T14:57:29","guid":{"rendered":"https:\/\/tehnikabacko.rs\/?post_type=product&#038;p=11725"},"modified":"2026-01-27T14:57:29","modified_gmt":"2026-01-27T14:57:29","slug":"indukcioni-reso-esperanza-ekh008-2-grejne-ploce","status":"publish","type":"product","link":"https:\/\/tehnikabacko.rs\/index.php\/product\/indukcioni-reso-esperanza-ekh008-2-grejne-ploce\/","title":{"rendered":"Indukcioni re\u0161o Esperanza EKH008 2 grejne plo\u010de"},"content":{"rendered":"<table border=\"1\">\n<tbody>\n<tr>\n<td>Napajanje<\/td>\n<td>220 \u2212 240V, 50 \/ 60Hz<\/td>\n<\/tr>\n<tr>\n<td>2 plo\u010de promera<\/td>\n<td>280 mm<\/td>\n<\/tr>\n<tr>\n<td>Dimenzije ure\u0111aja<\/td>\n<td>60 x 36 x 6,5 cm<\/td>\n<\/tr>\n<tr>\n<td>Du\u017eina kabla za napajanje<\/td>\n<td>100 cm<\/td>\n<\/tr>\n<tr>\n<td>Maksimalna snaga<\/td>\n<td>2000W + 2000W<\/td>\n<\/tr>\n<tr>\n<td>Mogu\u0107e je koristiti lonce promera<\/td>\n<td>\u00a012 \u2013 20 cm<\/td>\n<\/tr>\n<tr>\n<td>8 nivoa temperature kuvanja<\/td>\n<td>od 80 do 270<\/td>\n<\/tr>\n<tr>\n<td>8 nivoa snage kuvanja<\/td>\n<td>Od \u00a0200W do 2000W<\/td>\n<\/tr>\n<tr>\n<td>Ostalo<\/td>\n<td>\n<ul>\n<li>Displej prikazuje temperature kuvanja, snage kuvanja, potro\u0161nju<\/li>\n<li>Tajmer<\/li>\n<li>4 specijalno pred \u2013 programirane funkcije kuvanja: pr\u017eenje \/ kuvanje \/dinstanje \/ podgrevanje<\/li>\n<li>3 satni tajmer za funkciju kuvanja i pr\u017eenja; 24 \u010dasovno pre -setovanje za funkciju kr\u010dkanja i podgrevanja<\/li>\n<\/ul>\n<\/td>\n<\/tr>\n<\/tbody>\n<\/table>\n","protected":false},"excerpt":{"rendered":"<table>\n<tbody>\n<tr>\n<td>Model<\/td>\n<td>Indukcioni re\u0161o Esperanza EKH008 2 grejne plo\u010de<\/td>\n<\/tr>\n<tr>\n<td>Robna grupa<\/td>\n<td>Indukcione plo\u010de \/ re\u0161oi<\/td>\n<\/tr>\n<tr>\n<td>Uvoznik<\/td>\n<td>\n<div class=\"row\">\n<div class=\"col-xs-6\"><em>WESTACO DOO BEOGRAD<\/em><\/div>\n<\/div>\n<div class=\"row\"><\/div>\n<\/td>\n<\/tr>\n<tr>\n<td>Zemlja porekla<\/td>\n<td>Kina<\/td>\n<\/tr>\n<tr>\n<td>Prava potro\u0161a\u010da<\/td>\n<td>Zagarantovana sva prava kupaca po osnovu zakona o za\u0161titi potro\u0161a\u010da<\/td>\n<\/tr>\n<\/tbody>\n<\/table>\n","protected":false},"featured_media":11726,"comment_status":"open","ping_status":"closed","template":"","meta":{"inline_featured_image":false},"product_brand":[],"product_cat":[442,443],"product_tag":[],"class_list":{"0":"post-11725","1":"product","2":"type-product","3":"status-publish","4":"has-post-thumbnail","6":"product_cat-indukcioni-reso","7":"product_cat-reso","9":"first","10":"instock","11":"sale","12":"shipping-taxable","13":"purchasable","14":"product-type-simple"},"_links":{"self":[{"href":"https:\/\/tehnikabacko.rs\/index.php\/wp-json\/wp\/v2\/product\/11725","targetHints":{"allow":["GET"]}}],"collection":[{"href":"https:\/\/tehnikabacko.rs\/index.php\/wp-json\/wp\/v2\/product"}],"about":[{"href":"https:\/\/tehnikabacko.rs\/index.php\/wp-json\/wp\/v2\/types\/product"}],"replies":[{"embeddable":true,"href":"https:\/\/tehnikabacko.rs\/index.php\/wp-json\/wp\/v2\/comments?post=11725"}],"wp:featuredmedia":[{"embeddable":true,"href":"https:\/\/tehnikabacko.rs\/index.php\/wp-json\/wp\/v2\/media\/11726"}],"wp:attachment":[{"href":"https:\/\/tehnikabacko.rs\/index.php\/wp-json\/wp\/v2\/media?parent=11725"}],"wp:term":[{"taxonomy":"product_brand","embeddable":true,"href":"https:\/\/tehnikabacko.rs\/index.php\/wp-json\/wp\/v2\/product_brand?post=11725"},{"taxonomy":"product_cat","embeddable":true,"href":"https:\/\/tehnikabacko.rs\/index.php\/wp-json\/wp\/v2\/product_cat?post=11725"},{"taxonomy":"product_tag","embeddable":true,"href":"https:\/\/tehnikabacko.rs\/index.php\/wp-json\/wp\/v2\/product_tag?post=11725"}],"curies":[{"name":"wp","href":"https:\/\/api.w.org\/{rel}","templated":true}]}}