{"id":11718,"date":"2026-01-26T14:51:58","date_gmt":"2026-01-26T14:51:58","guid":{"rendered":"https:\/\/tehnikabacko.rs\/?post_type=product&#038;p=11718"},"modified":"2026-01-26T14:51:58","modified_gmt":"2026-01-26T14:51:58","slug":"mh7733tdf-slavina-sa-grejacem-montaza-na-korpus","status":"publish","type":"product","link":"https:\/\/tehnikabacko.rs\/index.php\/product\/mh7733tdf-slavina-sa-grejacem-montaza-na-korpus\/","title":{"rendered":"MH7733TDF &#8211; Slavina sa grejacem (Montaza na korpus)"},"content":{"rendered":"<h3 class=\"flex\" data-orientation=\"vertical\" data-state=\"open\"><button id=\"radix-:ri:\" class=\"flex flex-1 items-center justify-between py-1 transition-all [&amp;[data-state=open]&gt;svg]:rotate-180 font-medium text-lg w-full pb-2\" type=\"button\" aria-controls=\"radix-:rj:\" aria-expanded=\"true\" data-state=\"open\" data-orientation=\"vertical\" data-radix-collection-item=\"\">Deklaracija<br \/>\n<\/button><\/h3>\n<div id=\"radix-:rj:\" class=\"overflow-hidden text-sm data-[state=closed]:animate-accordion-up data-[state=open]:animate-accordion-down\" role=\"region\" data-state=\"open\" aria-labelledby=\"radix-:ri:\" data-orientation=\"vertical\">\n<div class=\"pb-4 pt-0\">\n<div class=\" w-full sm:flex  \">\n<div class=\"text-[14px] pl-3 flex flex-col gap-2\"><span class=\"flex gap-2 flex-wrap\">\u2022 Naziv proizvoda:<\/span><\/p>\n<h3 class=\"font-medium\">MUHLER M\u00fchler MH7733TDF &#8211; Slavina sa grejacem (Montaza na korpus)<\/h3>\n<p><span class=\"flex gap-2 flex-wrap\">\u2022 Zemlja porekla:<\/span><\/p>\n<h3 class=\"font-medium\">Kina<\/h3>\n<p><span class=\"flex gap-2 flex-wrap\">\u2022 Uvoznik:<\/span><\/p>\n<h3 class=\"font-medium\">Ta\u010dan podatak o uvozniku i zemlji porekla je naveden na deklaraciji proizvoda.<\/h3>\n<p><span class=\"flex gap-2 flex-wrap\">\u2022 Prava potro\u0161a\u010da:<\/span><\/p>\n<h3 class=\"font-medium\">Zagarantovana sva prava kupaca po osnovu zakona o za\u0161titi potro\u0161a\u010da<\/h3>\n<\/div>\n<\/div>\n<\/div>\n<\/div>\n","protected":false},"excerpt":{"rendered":"<p>M\u00fchler MH7733TDF &#8211; Slavina sa grejacem<br \/>\nPrakticno resenje za svaki dom !<br \/>\nUsteda energije i brzo zagrevanje<br \/>\nTopla voda dostupna za nekoliko sekundi (temperatura 30-60\u00b0 C)<br \/>\nModel koji radi sa niskim pritiskom vode (0.04Mpa-0.5Mpa)<br \/>\nInstaliranje u prostorijama sa okolnom temperaturom iznad 0\u00b0 C<br \/>\nKlasa zastite : IPX4<br \/>\nFlexibilno crevo<br \/>\nLED displej<br \/>\nMontaza na korpus<br \/>\nDugme za resetovanje : Zastita od previsoke temperature<br \/>\nSnaga :<br \/>\n3000-3600W<\/p>\n","protected":false},"featured_media":11719,"comment_status":"open","ping_status":"closed","template":"","meta":{"inline_featured_image":false},"product_brand":[],"product_cat":[368,440],"product_tag":[],"class_list":{"0":"post-11718","1":"product","2":"type-product","3":"status-publish","4":"has-post-thumbnail","6":"product_cat-slavine","7":"product_cat-slavine-sa-grejacem","9":"first","10":"instock","11":"sale","12":"shipping-taxable","13":"purchasable","14":"product-type-simple"},"_links":{"self":[{"href":"https:\/\/tehnikabacko.rs\/index.php\/wp-json\/wp\/v2\/product\/11718","targetHints":{"allow":["GET"]}}],"collection":[{"href":"https:\/\/tehnikabacko.rs\/index.php\/wp-json\/wp\/v2\/product"}],"about":[{"href":"https:\/\/tehnikabacko.rs\/index.php\/wp-json\/wp\/v2\/types\/product"}],"replies":[{"embeddable":true,"href":"https:\/\/tehnikabacko.rs\/index.php\/wp-json\/wp\/v2\/comments?post=11718"}],"wp:featuredmedia":[{"embeddable":true,"href":"https:\/\/tehnikabacko.rs\/index.php\/wp-json\/wp\/v2\/media\/11719"}],"wp:attachment":[{"href":"https:\/\/tehnikabacko.rs\/index.php\/wp-json\/wp\/v2\/media?parent=11718"}],"wp:term":[{"taxonomy":"product_brand","embeddable":true,"href":"https:\/\/tehnikabacko.rs\/index.php\/wp-json\/wp\/v2\/product_brand?post=11718"},{"taxonomy":"product_cat","embeddable":true,"href":"https:\/\/tehnikabacko.rs\/index.php\/wp-json\/wp\/v2\/product_cat?post=11718"},{"taxonomy":"product_tag","embeddable":true,"href":"https:\/\/tehnikabacko.rs\/index.php\/wp-json\/wp\/v2\/product_tag?post=11718"}],"curies":[{"name":"wp","href":"https:\/\/api.w.org\/{rel}","templated":true}]}}