{"id":11714,"date":"2026-01-26T13:42:14","date_gmt":"2026-01-26T13:42:14","guid":{"rendered":"https:\/\/tehnikabacko.rs\/?post_type=product&#038;p=11714"},"modified":"2026-01-26T13:42:14","modified_gmt":"2026-01-26T13:42:14","slug":"akumulatorski-set-alata-cosli250385e-16v-super-ingco","status":"publish","type":"product","link":"https:\/\/tehnikabacko.rs\/index.php\/product\/akumulatorski-set-alata-cosli250385e-16v-super-ingco\/","title":{"rendered":"Akumulatorski set alata COSLI250385E 16V SUPER INGCO"},"content":{"rendered":"<p><strong>Opis proizvoda:<\/strong><\/p>\n<p><strong>Duva\u010d li\u0161\u0107a CABLI16808E<\/strong><br \/>\nlitijum-jonski be\u017ei\u010dni duva\u010d li\u0161\u0107a visokih performansi dizajniran da obezbedi efikasne i raznovrsne moguc\u0301nosti izduvavanja vazduha.<br \/>\nOvaj akumulatorski duva\u010d nudi udobnost i slobodu kretanja bez ograni\u010denja kabla za napajanje.<br \/>\nRadi pri promenljivim brzinama od 0\u201313000 o\/min omoguc\u0301avajuc\u0301i vam da prilagodite protok vazduha u skladu sa va\u0161im specifi\u010dnim potrebama.<br \/>\n<strong>Makaze za orezivanje CSSLI16258<\/strong><br \/>\nOve akumulatorske makaze mogu da seku grane pre\u010dnika 25mm. To je jednostavan alat za pokretanje koji c\u0301e brzo postati jedan od va\u0161ih omiljenih ba\u0161tenskih alata.<br \/>\nO\u0161trice su napravljene od \u010delika sa visokim sadr\u017eajem ugljenika i dizajnirane su za dodatnu izdr\u017eljivost i dug \u017eivotni vek.<br \/>\nRu\u010dke su ergonomski dizajnirane za maksimalnu udobnost, \u010dinec\u0301i ove makaze lakim za upotrebu tokom du\u017eeg vremenskog perioda.<\/p>\n<p><strong>Tehni\u010dke karakteristike proizvoda:<\/strong><\/p>\n<ul>\n<li><strong>Brend: SUPER INGCO<\/strong><\/li>\n<li><strong>Brushless motor (bez \u010detkica)<\/strong><\/li>\n<li>Napon: 16V<\/li>\n<li>Duva\u010d li\u0161\u0107a\u00a0<strong>CABLI16808E<\/strong><\/li>\n<li>Brzina bez optere\u0107enja: 0\u201313000 o\/min<\/li>\n<li>Prose\u010dan protok vazduha: 5 m\u00b3\/min<\/li>\n<li>Maksimalna brzina vazduha: 50 m\/s<\/li>\n<li>Makaze za orezivanje\u00a0<strong>CSSLI16258<\/strong><\/li>\n<li><strong>Brushless motor (bez \u010detkica)<\/strong><\/li>\n<li>Napon: 16V<\/li>\n<li>Pre\u010dnik se\u010denja: 25mm<\/li>\n<\/ul>\n<p><strong>Obim isporuke proizvoda:<\/strong><\/p>\n<ul>\n<li>SUPER INGCO Akumulatorski set alata COSLI250385E 16V<\/li>\n<li>Uputstvo za upotrebu proizvoda<\/li>\n<li>Kartonsko pakovanje proizvoda<\/li>\n<\/ul>\n<p><strong>Garancija 3 godine<\/strong><\/p>\n","protected":false},"excerpt":{"rendered":"<table class=\"woocommerce-product-attributes shop_attributes\" aria-label=\"Product Details\">\n<tbody>\n<tr class=\"woocommerce-product-attributes-item woocommerce-product-attributes-item--attribute_pa_proizvodjac\">\n<th class=\"woocommerce-product-attributes-item__label\" scope=\"row\">Proizvodja\u010d<\/th>\n<td class=\"woocommerce-product-attributes-item__value\"><a href=\"https:\/\/koncarelektro.rs\/proizvodjac\/ingco\/\" rel=\"tag\">INGCO \u2013 SUPER INGCO<\/a><\/td>\n<\/tr>\n<tr class=\"woocommerce-product-attributes-item woocommerce-product-attributes-item--attribute_pa_uvoznik\">\n<th class=\"woocommerce-product-attributes-item__label\" scope=\"row\">Uvoznik<\/th>\n<td class=\"woocommerce-product-attributes-item__value\"><a href=\"https:\/\/koncarelektro.rs\/uvoznik\/na-deklaraciji-proizvoda\/\" rel=\"tag\">NA DEKLARACIJI PROIZVODA<\/a><\/td>\n<\/tr>\n<tr class=\"woocommerce-product-attributes-item woocommerce-product-attributes-item--attribute_pa_zemlja-porekla\">\n<th class=\"woocommerce-product-attributes-item__label\" scope=\"row\">Zemlja porekla<\/th>\n<td class=\"woocommerce-product-attributes-item__value\"><a href=\"https:\/\/koncarelektro.rs\/zemlja-porekla\/kina\/\" rel=\"tag\">Kina<\/a><\/td>\n<\/tr>\n<\/tbody>\n<\/table>\n","protected":false},"featured_media":11715,"comment_status":"open","ping_status":"closed","template":"","meta":{"inline_featured_image":false},"product_brand":[],"product_cat":[412,380,396],"product_tag":[],"class_list":{"0":"post-11714","1":"product","2":"type-product","3":"status-publish","4":"has-post-thumbnail","6":"product_cat-aku-duvac-usisivac-lisca","7":"product_cat-aku-makaze","8":"product_cat-aku-set-alata","10":"first","11":"instock","12":"sale","13":"shipping-taxable","14":"purchasable","15":"product-type-simple"},"_links":{"self":[{"href":"https:\/\/tehnikabacko.rs\/index.php\/wp-json\/wp\/v2\/product\/11714","targetHints":{"allow":["GET"]}}],"collection":[{"href":"https:\/\/tehnikabacko.rs\/index.php\/wp-json\/wp\/v2\/product"}],"about":[{"href":"https:\/\/tehnikabacko.rs\/index.php\/wp-json\/wp\/v2\/types\/product"}],"replies":[{"embeddable":true,"href":"https:\/\/tehnikabacko.rs\/index.php\/wp-json\/wp\/v2\/comments?post=11714"}],"wp:featuredmedia":[{"embeddable":true,"href":"https:\/\/tehnikabacko.rs\/index.php\/wp-json\/wp\/v2\/media\/11715"}],"wp:attachment":[{"href":"https:\/\/tehnikabacko.rs\/index.php\/wp-json\/wp\/v2\/media?parent=11714"}],"wp:term":[{"taxonomy":"product_brand","embeddable":true,"href":"https:\/\/tehnikabacko.rs\/index.php\/wp-json\/wp\/v2\/product_brand?post=11714"},{"taxonomy":"product_cat","embeddable":true,"href":"https:\/\/tehnikabacko.rs\/index.php\/wp-json\/wp\/v2\/product_cat?post=11714"},{"taxonomy":"product_tag","embeddable":true,"href":"https:\/\/tehnikabacko.rs\/index.php\/wp-json\/wp\/v2\/product_tag?post=11714"}],"curies":[{"name":"wp","href":"https:\/\/api.w.org\/{rel}","templated":true}]}}