{"id":11711,"date":"2026-01-26T13:23:18","date_gmt":"2026-01-26T13:23:18","guid":{"rendered":"https:\/\/tehnikabacko.rs\/?post_type=product&#038;p=11711"},"modified":"2026-01-26T13:23:19","modified_gmt":"2026-01-26T13:23:19","slug":"testera-makaze-za-grane-aluminijumska-drska-tp-119","status":"publish","type":"product","link":"https:\/\/tehnikabacko.rs\/index.php\/product\/testera-makaze-za-grane-aluminijumska-drska-tp-119\/","title":{"rendered":"Testera\/makaze za grane aluminijumska dr\u0161ka TP 119"},"content":{"rendered":"<table class=\"table product-attrbite-table\">\n<thead>\n<tr>\n<th>Karakteristika<\/th>\n<th>Vrednost<\/th>\n<\/tr>\n<\/thead>\n<tbody>\n<tr>\n<td>Kategorija<\/td>\n<td><a title=\"Seka\u010di grana\" href=\"https:\/\/www.agromarket.rs\/sekaci-grana\">Seka\u010di grana<\/a><\/td>\n<\/tr>\n<tr class=\"attr-table-product-weight\">\n<td>Te\u017eina pakovanja<\/td>\n<td>1.34 kg<\/td>\n<\/tr>\n<tr class=\"attr-brend\">\n<td>Brend<\/td>\n<td><a title=\"Villager\" href=\"https:\/\/www.agromarket.rs\/proizvodi\/brend-villager\">Villager<\/a><\/td>\n<\/tr>\n<tr class=\"attr-tip-alati-za-orezivanje\">\n<td>Tip &#8211; alati za orezivanje<\/td>\n<td>Teleskopske makaze<\/td>\n<\/tr>\n<tr class=\"attr-materijal-seciva\">\n<td>Materijal se\u010diva<\/td>\n<td>\u010celik 65 Mn<\/td>\n<\/tr>\n<tr class=\"attr-duzina-alati-za-orezivanje\">\n<td>Du\u017eina &#8211; alati za orezivanje<\/td>\n<td>1520-2600 mm<\/td>\n<\/tr>\n<tr class=\"attr-materijal-rukohvata\">\n<td>Materijal rukohvata<\/td>\n<td>Aluminijum<\/td>\n<\/tr>\n<tr class=\"attr-precnik-secenja-alati-za-orezivanje\">\n<td>Pre\u010dnik se\u010denja &#8211; alati za orezivanje<\/td>\n<td>20 mm<\/td>\n<\/tr>\n<tr class=\"attr-rukohvat\">\n<td>Rukohvat<\/td>\n<td>Teleskopski<\/td>\n<\/tr>\n<\/tbody>\n<\/table>\n","protected":false},"excerpt":{"rendered":"<div class=\"block product-details-info\">\n<div class=\"description  read-more-text\" data-characters=\"320\" data-characters-mobile=\"250\" data-lesstext=\"Manje detalja\" data-moretext=\"Detaljnije\"><span class=\"morecontent\"><span class=\"full-content content-full\">Makaze za orezivanje i se\u010denje grana su vrste makaza koje se koriste za biljke. Dovoljno su sna\u017ene da orezuju tvrde grane drve\u0107a i \u017ebunja, ponekad i do 3cm debljine. Koriste se u ba\u0161tovanstvu, poljoprivredi, odgoju biljaka, ratarstvu, aran\u017eiranju cve\u0107a i o\u010duvanju prirode, gde je neophodno fino odr\u017eavanje stani\u0161ta.<\/span><\/span><\/div>\n<\/div>\n<div class=\"block product-details-price\">\n<div class=\"clearfix \"><\/div>\n<\/div>\n","protected":false},"featured_media":11712,"comment_status":"open","ping_status":"closed","template":"","meta":{"inline_featured_image":false},"product_brand":[],"product_cat":[351,439],"product_tag":[],"class_list":{"0":"post-11711","1":"product","2":"type-product","3":"status-publish","4":"has-post-thumbnail","6":"product_cat-makaze","7":"product_cat-makaze-za-grane","9":"first","10":"instock","11":"sale","12":"shipping-taxable","13":"purchasable","14":"product-type-simple"},"_links":{"self":[{"href":"https:\/\/tehnikabacko.rs\/index.php\/wp-json\/wp\/v2\/product\/11711","targetHints":{"allow":["GET"]}}],"collection":[{"href":"https:\/\/tehnikabacko.rs\/index.php\/wp-json\/wp\/v2\/product"}],"about":[{"href":"https:\/\/tehnikabacko.rs\/index.php\/wp-json\/wp\/v2\/types\/product"}],"replies":[{"embeddable":true,"href":"https:\/\/tehnikabacko.rs\/index.php\/wp-json\/wp\/v2\/comments?post=11711"}],"wp:featuredmedia":[{"embeddable":true,"href":"https:\/\/tehnikabacko.rs\/index.php\/wp-json\/wp\/v2\/media\/11712"}],"wp:attachment":[{"href":"https:\/\/tehnikabacko.rs\/index.php\/wp-json\/wp\/v2\/media?parent=11711"}],"wp:term":[{"taxonomy":"product_brand","embeddable":true,"href":"https:\/\/tehnikabacko.rs\/index.php\/wp-json\/wp\/v2\/product_brand?post=11711"},{"taxonomy":"product_cat","embeddable":true,"href":"https:\/\/tehnikabacko.rs\/index.php\/wp-json\/wp\/v2\/product_cat?post=11711"},{"taxonomy":"product_tag","embeddable":true,"href":"https:\/\/tehnikabacko.rs\/index.php\/wp-json\/wp\/v2\/product_tag?post=11711"}],"curies":[{"name":"wp","href":"https:\/\/api.w.org\/{rel}","templated":true}]}}