{"id":11702,"date":"2026-01-23T14:15:17","date_gmt":"2026-01-23T14:15:17","guid":{"rendered":"https:\/\/tehnikabacko.rs\/?post_type=product&#038;p=11702"},"modified":"2026-01-23T14:15:18","modified_gmt":"2026-01-23T14:15:18","slug":"benzinski-busac-rupa-gtd5202-52cm3-1-45-kw-32833-adk","status":"publish","type":"product","link":"https:\/\/tehnikabacko.rs\/index.php\/product\/benzinski-busac-rupa-gtd5202-52cm3-1-45-kw-32833-adk\/","title":{"rendered":"Benzinski bu\u0161a\u010d rupa GTD5202 52cm3 \/ 1.45 kW (32833) ADK"},"content":{"rendered":"<p><strong>Tehni\u010dke karakteristike proizvoda:<\/strong><\/p>\n<ul>\n<li>Brend: ADK<\/li>\n<li>Model: GTD5202<\/li>\n<li>Tip motora: Dvotaktni, jednocilindra\u010dni<\/li>\n<li>Snaga motora: 1.45kW<\/li>\n<li>Zapremina: 52cc<\/li>\n<li>Te\u017eina: 10,5 kg.<\/li>\n<\/ul>\n<p><strong>Obim isporuke proizvoda:<\/strong><\/p>\n<ul>\n<li>GTD5202 Benzinski bu\u0161a\u010d rupa 52cm3 \/ 1.45 kW (32833) ADK<\/li>\n<li>Svrdlo za zemlju 100mm<\/li>\n<li>Svrdlo za zemlju 150mm<\/li>\n<li>Svrdlo za zemlju 200mm<\/li>\n<li>Uputstvo za upotrebu proizvoda<\/li>\n<\/ul>\n<p><strong>Saobraznost 24 meseci<\/strong><\/p>\n","protected":false},"excerpt":{"rendered":"<p>Oslobodite svoju radnu snagu s na\u0161im sna\u017enim bu\u0161a\u010dem rupa za zemlju branda ADK, opremljenim dvotaktnim, jednocilindri\u010dnim motorom.<br \/>\nSa snagom od 1,97 KS i impresivnom zapreminom od 52 cc, ovaj bu\u0161a\u010d osigurava u\u010dinkovito bu\u0161enje bez napora.<br \/>\nZahvaljuju\u0107i funkciji EASY START, pokretanje je brzo i jednostavno.<br \/>\nUz to, komplet dolazi s razli\u010ditim svrdlima promjera 100 mm, 150 mm i 200 mm, pru\u017eaju\u0107i vam sve \u0161to vam je potrebno za razli\u010dite zadatke bu\u0161enja.<br \/>\nUz ovaj prakti\u010dni alat, bu\u0161enje rupa nikada nije bilo lak\u0161e ili u\u010dinkovitije.<\/p>\n","protected":false},"featured_media":11703,"comment_status":"open","ping_status":"closed","template":"","meta":{"inline_featured_image":false},"product_brand":[],"product_cat":[407],"product_tag":[],"class_list":{"0":"post-11702","1":"product","2":"type-product","3":"status-publish","4":"has-post-thumbnail","6":"product_cat-busac-rupa","8":"first","9":"instock","10":"sale","11":"shipping-taxable","12":"purchasable","13":"product-type-simple"},"_links":{"self":[{"href":"https:\/\/tehnikabacko.rs\/index.php\/wp-json\/wp\/v2\/product\/11702","targetHints":{"allow":["GET"]}}],"collection":[{"href":"https:\/\/tehnikabacko.rs\/index.php\/wp-json\/wp\/v2\/product"}],"about":[{"href":"https:\/\/tehnikabacko.rs\/index.php\/wp-json\/wp\/v2\/types\/product"}],"replies":[{"embeddable":true,"href":"https:\/\/tehnikabacko.rs\/index.php\/wp-json\/wp\/v2\/comments?post=11702"}],"wp:featuredmedia":[{"embeddable":true,"href":"https:\/\/tehnikabacko.rs\/index.php\/wp-json\/wp\/v2\/media\/11703"}],"wp:attachment":[{"href":"https:\/\/tehnikabacko.rs\/index.php\/wp-json\/wp\/v2\/media?parent=11702"}],"wp:term":[{"taxonomy":"product_brand","embeddable":true,"href":"https:\/\/tehnikabacko.rs\/index.php\/wp-json\/wp\/v2\/product_brand?post=11702"},{"taxonomy":"product_cat","embeddable":true,"href":"https:\/\/tehnikabacko.rs\/index.php\/wp-json\/wp\/v2\/product_cat?post=11702"},{"taxonomy":"product_tag","embeddable":true,"href":"https:\/\/tehnikabacko.rs\/index.php\/wp-json\/wp\/v2\/product_tag?post=11702"}],"curies":[{"name":"wp","href":"https:\/\/api.w.org\/{rel}","templated":true}]}}