{"id":11695,"date":"2026-01-21T12:12:02","date_gmt":"2026-01-21T12:12:02","guid":{"rendered":"https:\/\/tehnikabacko.rs\/?post_type=product&#038;p=11695"},"modified":"2026-01-26T12:56:52","modified_gmt":"2026-01-26T12:56:52","slug":"akumulatorska-mini-brusilica-cagli76012-1x20ah-super-ingco","status":"publish","type":"product","link":"https:\/\/tehnikabacko.rs\/index.php\/product\/akumulatorska-mini-brusilica-cagli76012-1x20ah-super-ingco\/","title":{"rendered":"Akumulatorska mini brusilica CAGLI76012 1\u00d72,0Ah SUPER INGCO"},"content":{"rendered":"<p><strong>Tehni\u010dke karakteristike proizvoda:<\/strong><\/p>\n<ul>\n<li>Brend: SUPER INGCO<\/li>\n<li>Model: CAGLI76012<\/li>\n<li>Napon punjenja: 220-240V~50\/60Hz<\/li>\n<li>Napon: 20V<\/li>\n<li>Brzina praznog hoda: 19.500 o\/min<\/li>\n<li>Pre\u010dnik diska: 76 mm (3\u2033 )<\/li>\n<li>Navoj vretena: M6<\/li>\n<li>Te\u017eina: 1,2kg.<\/li>\n<\/ul>\n<p><strong>Obim isporuke proizvoda:<\/strong><\/p>\n<ul>\n<li>CAGLI76012 Akumulatorska mini brusilica 1\u00d72,0Ah SUPER INGCO<\/li>\n<li>4 kom. 76mm disk za se\u010denje metala<\/li>\n<li>2 kom. 76mm disk za bru\u0161enje metala<\/li>\n<li>1 kom. 76mm dijamantski disk<\/li>\n<li>1 kom. HEX klju\u010d<\/li>\n<li>1 kom. baterija od 2.0Ah (FBLI20011)<\/li>\n<li>1 kom. punja\u010d (FCLI2001)<\/li>\n<li>Uputstvo za upotrebu proizvoda<\/li>\n<li>Plasti\u010dni transporni kofer<\/li>\n<\/ul>\n<p><strong>Garancija 3 godi<\/strong><\/p>\n<table class=\"woocommerce-product-attributes shop_attributes\" aria-label=\"Product Details\">\n<tbody>\n<tr class=\"woocommerce-product-attributes-item woocommerce-product-attributes-item--attribute_pa_proizvodjac\">\n<th class=\"woocommerce-product-attributes-item__label\" scope=\"row\">Proizvodja\u010d<\/th>\n<td class=\"woocommerce-product-attributes-item__value\"><a href=\"https:\/\/koncarelektro.rs\/proizvodjac\/ingco\/\" rel=\"tag\">INGCO \u2013 SUPER INGCO<\/a><\/td>\n<\/tr>\n<tr class=\"woocommerce-product-attributes-item woocommerce-product-attributes-item--attribute_pa_uvoznik\">\n<th class=\"woocommerce-product-attributes-item__label\" scope=\"row\">Uvoznik<\/th>\n<td class=\"woocommerce-product-attributes-item__value\"><a href=\"https:\/\/koncarelektro.rs\/uvoznik\/na-deklaraciji-proizvoda\/\" rel=\"tag\">NA DEKLARACIJI PROIZVODA<\/a><\/td>\n<\/tr>\n<tr class=\"woocommerce-product-attributes-item woocommerce-product-attributes-item--attribute_pa_zemlja-porekla\">\n<th class=\"woocommerce-product-attributes-item__label\" scope=\"row\">Zemlja porekla<\/th>\n<td class=\"woocommerce-product-attributes-item__value\"><a href=\"https:\/\/koncarelektro.rs\/zemlja-porekla\/kina\/\" rel=\"tag\">Kina<\/a><\/td>\n<\/tr>\n<\/tbody>\n<\/table>\n","protected":false},"excerpt":{"rendered":"<p>Ugaone brusilice su veoma popularni alati zbog \u0161irokog spektra primene.<br \/>\nSvaki specijalista koji se bavi renoviranjem, zavr\u0161nim radovima ima ovu vrstu alata u svojoj radionici.<br \/>\nUgaona brusilica SUPER INGCO modela CAGLI76012 je visokokvalitetni akumulatorski alat dizajniran za se\u010denje, poliranje i bru\u0161enje materijala.<br \/>\nNapon 20V i brzinu bez opterec\u0301enja od 19.500 o\/min, \u0161to ga \u010dini idealnim za poslove velike potra\u017enje.<br \/>\nPre\u010dnik diska mu je 76 mm, a navoj za pode\u0161avanje je M6.<\/p>\n","protected":false},"featured_media":11696,"comment_status":"open","ping_status":"closed","template":"","meta":{"inline_featured_image":false},"product_brand":[],"product_cat":[299,297],"product_tag":[],"class_list":{"0":"post-11695","1":"product","2":"type-product","3":"status-publish","4":"has-post-thumbnail","6":"product_cat-aku-brusilica","7":"product_cat-brusilice","9":"first","10":"instock","11":"sale","12":"shipping-taxable","13":"purchasable","14":"product-type-simple"},"_links":{"self":[{"href":"https:\/\/tehnikabacko.rs\/index.php\/wp-json\/wp\/v2\/product\/11695","targetHints":{"allow":["GET"]}}],"collection":[{"href":"https:\/\/tehnikabacko.rs\/index.php\/wp-json\/wp\/v2\/product"}],"about":[{"href":"https:\/\/tehnikabacko.rs\/index.php\/wp-json\/wp\/v2\/types\/product"}],"replies":[{"embeddable":true,"href":"https:\/\/tehnikabacko.rs\/index.php\/wp-json\/wp\/v2\/comments?post=11695"}],"wp:featuredmedia":[{"embeddable":true,"href":"https:\/\/tehnikabacko.rs\/index.php\/wp-json\/wp\/v2\/media\/11696"}],"wp:attachment":[{"href":"https:\/\/tehnikabacko.rs\/index.php\/wp-json\/wp\/v2\/media?parent=11695"}],"wp:term":[{"taxonomy":"product_brand","embeddable":true,"href":"https:\/\/tehnikabacko.rs\/index.php\/wp-json\/wp\/v2\/product_brand?post=11695"},{"taxonomy":"product_cat","embeddable":true,"href":"https:\/\/tehnikabacko.rs\/index.php\/wp-json\/wp\/v2\/product_cat?post=11695"},{"taxonomy":"product_tag","embeddable":true,"href":"https:\/\/tehnikabacko.rs\/index.php\/wp-json\/wp\/v2\/product_tag?post=11695"}],"curies":[{"name":"wp","href":"https:\/\/api.w.org\/{rel}","templated":true}]}}