{"id":11688,"date":"2026-01-21T09:55:37","date_gmt":"2026-01-21T09:55:37","guid":{"rendered":"https:\/\/tehnikabacko.rs\/?post_type=product&#038;p=11688"},"modified":"2026-01-21T09:59:55","modified_gmt":"2026-01-21T09:59:55","slug":"boss-company-elektricni-kalorifer-bc6","status":"publish","type":"product","link":"https:\/\/tehnikabacko.rs\/index.php\/product\/boss-company-elektricni-kalorifer-bc6\/","title":{"rendered":"BOSS COMPANY Elektri\u010dni kalorifer BC6"},"content":{"rendered":"<table id=\"prodspec\" class=\"table table-bordered table-hover table-striped\">\n<tbody>\n<tr>\n<td class=\"st\">Tip<\/td>\n<td class=\"sc\">Elektri\u010dni kalorifer 6KW<\/td>\n<\/tr>\n<tr>\n<td class=\"st\">Boja<\/td>\n<td class=\"sc\">Crvena sa crnom re\u0161etkom<\/td>\n<\/tr>\n<tr>\n<td class=\"st\">Snaga<\/td>\n<td class=\"sc\">6000W<\/td>\n<\/tr>\n<tr>\n<td class=\"st\">Opis<\/td>\n<td class=\"sc\">\n<div>Model: BC6<\/div>\n<div>Napajanje: Trofazni 400V 3N~ \/ 50Hz<\/div>\n<div>Masa: 13,7 kg<\/div>\n<div>Dimenzije: 397x356x356 mm<\/div>\n<div>Materijal ku\u0107i\u0161ta: Metal<\/div>\n<div>Monta\u017ea: Samostoje\u0107i<\/div>\n<div>Termostat Da \u2013 sobni sa prekida\u010dem<\/div>\n<div>Zagreva prostorije do 45m2 sna\u017enim izduvavanjem toplote, be\u0161umna sklopka, isporu\u010duje se sa priklju\u010dnim kablom du\u017eine 1,5m i sobnim termostatom<\/div>\n<div>Zemlja porekla: Srbija, Valjevo<\/div>\n<\/td>\n<\/tr>\n<tr>\n<td class=\"st\">Zakonska saobraznost<\/td>\n<td class=\"sc\">Garantni rok 25 meseci<\/td>\n<\/tr>\n<\/tbody>\n<\/table>\n","protected":false},"excerpt":{"rendered":"<table id=\"prodspec\" class=\"table table-bordered table-hover table-striped\">\n<tbody>\n<tr>\n<td class=\"sc\">Elektri\u010dni kalorifer 6KW<\/td>\n<\/tr>\n<tr>\n<td class=\"st\">Boja<\/td>\n<td class=\"sc\">Crvena sa crnom re\u0161etkom<\/td>\n<\/tr>\n<tr>\n<td class=\"st\">Snaga<\/td>\n<td class=\"sc\">6000W<\/td>\n<\/tr>\n<\/tbody>\n<\/table>\n","protected":false},"featured_media":11685,"comment_status":"open","ping_status":"closed","template":"","meta":{"inline_featured_image":false},"product_brand":[],"product_cat":[312,438],"product_tag":[],"class_list":{"0":"post-11688","1":"product","2":"type-product","3":"status-publish","4":"has-post-thumbnail","6":"product_cat-grejalice","7":"product_cat-kaloriferi","9":"first","10":"instock","11":"sale","12":"shipping-taxable","13":"purchasable","14":"product-type-simple"},"_links":{"self":[{"href":"https:\/\/tehnikabacko.rs\/index.php\/wp-json\/wp\/v2\/product\/11688","targetHints":{"allow":["GET"]}}],"collection":[{"href":"https:\/\/tehnikabacko.rs\/index.php\/wp-json\/wp\/v2\/product"}],"about":[{"href":"https:\/\/tehnikabacko.rs\/index.php\/wp-json\/wp\/v2\/types\/product"}],"replies":[{"embeddable":true,"href":"https:\/\/tehnikabacko.rs\/index.php\/wp-json\/wp\/v2\/comments?post=11688"}],"wp:featuredmedia":[{"embeddable":true,"href":"https:\/\/tehnikabacko.rs\/index.php\/wp-json\/wp\/v2\/media\/11685"}],"wp:attachment":[{"href":"https:\/\/tehnikabacko.rs\/index.php\/wp-json\/wp\/v2\/media?parent=11688"}],"wp:term":[{"taxonomy":"product_brand","embeddable":true,"href":"https:\/\/tehnikabacko.rs\/index.php\/wp-json\/wp\/v2\/product_brand?post=11688"},{"taxonomy":"product_cat","embeddable":true,"href":"https:\/\/tehnikabacko.rs\/index.php\/wp-json\/wp\/v2\/product_cat?post=11688"},{"taxonomy":"product_tag","embeddable":true,"href":"https:\/\/tehnikabacko.rs\/index.php\/wp-json\/wp\/v2\/product_tag?post=11688"}],"curies":[{"name":"wp","href":"https:\/\/api.w.org\/{rel}","templated":true}]}}