{"id":11674,"date":"2026-01-15T16:09:39","date_gmt":"2026-01-15T16:09:39","guid":{"rendered":"https:\/\/tehnikabacko.rs\/?post_type=product&#038;p=11674"},"modified":"2026-01-15T16:09:39","modified_gmt":"2026-01-15T16:09:39","slug":"akumulatorski-set-alata-ckli20275e-20v-super-ingco","status":"publish","type":"product","link":"https:\/\/tehnikabacko.rs\/index.php\/product\/akumulatorski-set-alata-ckli20275e-20v-super-ingco\/","title":{"rendered":"Akumulatorski set alata CKLI20275E 20V SUPER INGCO"},"content":{"rendered":"<p><strong>Tehni\u010dke karakteristike proizvoda:<\/strong><\/p>\n<ul>\n<li>Brend: SUPER INGCO<\/li>\n<li>Model: CKLI20275E<\/li>\n<li>Udarna bu\u0161ilica \u2013 \u0161rafilica\u00a0<strong>CIDLI206681<\/strong><\/li>\n<li><strong>Brushless (motor bez \u010detkica)<\/strong><\/li>\n<li>Brzina bez optere\u0107enja: 0-500\/0- 2000 o\/min<\/li>\n<li>Maksimalni obrtni moment: 66 Nm<\/li>\n<li>Metalna glava<\/li>\n<li>Kapacitet glave: 13mm (1\/2\u201d )<\/li>\n<li>Postavke obrtnog momenta: 22+1+1<\/li>\n<li>Udarni odvija\u010d\u00a0<strong>CIWLI20401<\/strong><\/li>\n<li><strong>Brushless (motor bez \u010detkica)<\/strong><\/li>\n<li>Brzina bez opterec\u0301enja: 0-1600\/0-1900\/0-2300 o\/min<\/li>\n<li>Otkucaji: 0-2100\/0-2500\/0-2900 bpm<\/li>\n<li>Obrtni moment: Kontinuirano 400 Nm<\/li>\n<li>Obrtni moment otpu\u0161tanja: 550 Nm<\/li>\n<li>Prihvat alata: 1\/2\u2033<\/li>\n<li>Te\u017eina seta: 4,5 kg.<\/li>\n<\/ul>\n<p><strong>Obim isporuke proizvoda:<\/strong><\/p>\n<ul>\n<li>CKLI20275E Akumulatorski set alata 20V SUPER INGCO<\/li>\n<li>1 kom 20V punja\u010d (FCLI2001E)<\/li>\n<li>2 kom baterije 2,0Ah (FBLI2001)<\/li>\n<li>47 kom dodatne opreme<\/li>\n<li>3 kom nasadnih klju\u010deva (17, 19, 21 mm)<\/li>\n<li>Uputstvo za upotrebu proizvoda<\/li>\n<li>Plasti\u010dni transportni kofer<\/li>\n<\/ul>\n<p><strong>Garancija 3 godine<\/strong><\/p>\n<table class=\"woocommerce-product-attributes shop_attributes\" aria-label=\"Product Details\">\n<tbody>\n<tr class=\"woocommerce-product-attributes-item woocommerce-product-attributes-item--attribute_pa_proizvodjac\">\n<th class=\"woocommerce-product-attributes-item__label\" scope=\"row\">Proizvodja\u010d<\/th>\n<td class=\"woocommerce-product-attributes-item__value\"><a href=\"https:\/\/koncarelektro.rs\/proizvodjac\/ingco\/\" rel=\"tag\">INGCO \u2013 SUPER INGCO<\/a><\/td>\n<\/tr>\n<tr class=\"woocommerce-product-attributes-item woocommerce-product-attributes-item--attribute_pa_uvoznik\">\n<th class=\"woocommerce-product-attributes-item__label\" scope=\"row\">Uvoznik<\/th>\n<td class=\"woocommerce-product-attributes-item__value\"><a href=\"https:\/\/koncarelektro.rs\/uvoznik\/na-deklaraciji-proizvoda\/\" rel=\"tag\">NA DEKLARACIJI PROIZVODA<\/a><\/td>\n<\/tr>\n<tr class=\"woocommerce-product-attributes-item woocommerce-product-attributes-item--attribute_pa_zemlja-porekla\">\n<th class=\"woocommerce-product-attributes-item__label\" scope=\"row\">Zemlja porekla<\/th>\n<td class=\"woocommerce-product-attributes-item__value\"><a href=\"https:\/\/koncarelektro.rs\/zemlja-porekla\/kina\/\" rel=\"tag\">Kina<\/a><\/td>\n<\/tr>\n<\/tbody>\n<\/table>\n","protected":false},"excerpt":{"rendered":"<p>Komplet akumulatorskog alata sadr\u017ei:<br \/>\nAkumulatorska udarna bu\u0161ilica 66Nm sa brushless motorom bez \u010detkica koji pru\u017ea povec\u0301anu efikasnost i du\u017ei vek alata.<br \/>\nBrzina u praznom hodu 0-500\/0- 2000 o\/min za raznovrsne zadatke bu\u0161enja, sa maksimalnim obrtnim momentom od 66 Nm koji obezbedjuje sna\u017ene performanse.<br \/>\nSa metalnom steznom glavom 13 mm sa automatskim zaklju\u010davanjem za brzu i laku promenu nastavka.<br \/>\nAkumulatorski udarni odvija\u010d CIWLI20401 ovaj udarni odvija\u010d obezbe\u0111uje maksimalnu snagu, brzinu i performanse.<br \/>\nBrzina bez opterec\u0301enja 0-1600\/0-1900\/0-2300 o\/min, obrtni moment ontinuirano 400 Nm, obrtni moment otpu\u0161tanja 550 Nm<\/p>\n","protected":false},"featured_media":11675,"comment_status":"open","ping_status":"closed","template":"","meta":{"inline_featured_image":false},"product_brand":[],"product_cat":[396],"product_tag":[],"class_list":{"0":"post-11674","1":"product","2":"type-product","3":"status-publish","4":"has-post-thumbnail","6":"product_cat-aku-set-alata","8":"first","9":"instock","10":"sale","11":"shipping-taxable","12":"purchasable","13":"product-type-simple"},"_links":{"self":[{"href":"https:\/\/tehnikabacko.rs\/index.php\/wp-json\/wp\/v2\/product\/11674","targetHints":{"allow":["GET"]}}],"collection":[{"href":"https:\/\/tehnikabacko.rs\/index.php\/wp-json\/wp\/v2\/product"}],"about":[{"href":"https:\/\/tehnikabacko.rs\/index.php\/wp-json\/wp\/v2\/types\/product"}],"replies":[{"embeddable":true,"href":"https:\/\/tehnikabacko.rs\/index.php\/wp-json\/wp\/v2\/comments?post=11674"}],"wp:featuredmedia":[{"embeddable":true,"href":"https:\/\/tehnikabacko.rs\/index.php\/wp-json\/wp\/v2\/media\/11675"}],"wp:attachment":[{"href":"https:\/\/tehnikabacko.rs\/index.php\/wp-json\/wp\/v2\/media?parent=11674"}],"wp:term":[{"taxonomy":"product_brand","embeddable":true,"href":"https:\/\/tehnikabacko.rs\/index.php\/wp-json\/wp\/v2\/product_brand?post=11674"},{"taxonomy":"product_cat","embeddable":true,"href":"https:\/\/tehnikabacko.rs\/index.php\/wp-json\/wp\/v2\/product_cat?post=11674"},{"taxonomy":"product_tag","embeddable":true,"href":"https:\/\/tehnikabacko.rs\/index.php\/wp-json\/wp\/v2\/product_tag?post=11674"}],"curies":[{"name":"wp","href":"https:\/\/api.w.org\/{rel}","templated":true}]}}