{"id":11672,"date":"2026-01-15T16:04:58","date_gmt":"2026-01-15T16:04:58","guid":{"rendered":"https:\/\/tehnikabacko.rs\/?post_type=product&#038;p=11672"},"modified":"2026-01-15T16:04:58","modified_gmt":"2026-01-15T16:04:58","slug":"akumulatorski-udarni-odvrtac-1050nm-20v-2x50ah-kofer-super-ingco-ciwli20105e","status":"publish","type":"product","link":"https:\/\/tehnikabacko.rs\/index.php\/product\/akumulatorski-udarni-odvrtac-1050nm-20v-2x50ah-kofer-super-ingco-ciwli20105e\/","title":{"rendered":"Akumulatorski udarni odvrta\u010d 1050Nm; 20V 2&#215;5,0Ah + kofer Super INGCO CIWLI20105E"},"content":{"rendered":"<p><strong>Tehni\u010dke karakteristike proizvoda:<\/strong><\/p>\n<ul>\n<li>Brend: SUPER INGCO<\/li>\n<li>Model: CIWLI20105E<\/li>\n<li><strong>Brushless motor\u00a0 (bez \u010detkica )<\/strong><\/li>\n<li>Napon: 20V<\/li>\n<li>Kvadratni pogon: 3\/4\u2033<\/li>\n<li>Brzina bez opterec\u0301enja: 0-1200\/0-1600\/0-2100 o\/min<\/li>\n<li>Brzina udaraca: 0-1800\/0-2000\/0-2200 o\/min<\/li>\n<li>Obrtni moment kontinuirano: 1050Nm<\/li>\n<li>Obrtni moment otpu\u0161tanja: 1200Nm<\/li>\n<li>Integrisano LED radno svetlo<\/li>\n<li>Te\u017eina alata 3,9 kg.<\/li>\n<\/ul>\n<p><strong>Obim isporuke proizvoda:<\/strong><\/p>\n<ul>\n<li>CIWLI20105E Akumulatorski udarni odvija\u010d 1050Nm 2\u00d75,0Ah<\/li>\n<li>5 kom. dubokih nastavnih gedora (24, 27, 30, 32, 33mm)<\/li>\n<li>1 kom. kop\u010da za kai\u0161<\/li>\n<li>2 kom. baterije od 5,0Ah (FBLI2003)<\/li>\n<li>1 kom. punja\u010d (FCLI20411E)<\/li>\n<li>\n<h4>Deklaracije<\/h4>\n<table id=\"product-attribute-specs-table\" class=\"data table additional-attributes\">\n<caption class=\"table-caption\">Vi\u0161e informacija<\/caption>\n<tbody>\n<tr id=\"decl-attribute-no-1\" class=\"decl-attribute decl-attribute-no-1\">\n<th class=\"col label\" scope=\"row\">Uvoznik<\/th>\n<td class=\"col data\" data-th=\"Uvoznik\">Sim d.o.o. \u2013 Novi Sad<\/td>\n<\/tr>\n<tr id=\"decl-attribute-no-2\" class=\"decl-attribute decl-attribute-no-2\">\n<th class=\"col label\" scope=\"row\">Zemlja porekla<\/th>\n<td class=\"col data\" data-th=\"Zemlja porekla\">Kina<\/td>\n<\/tr>\n<tr id=\"decl-attribute-no-3\" class=\"decl-attribute decl-attribute-no-3\">\n<th class=\"col label\" scope=\"row\">Naziv, vrsta robe i model<\/th>\n<td class=\"col data\" data-th=\"Naziv, vrsta robe i model\">Akumulatorski udarni odvija\u010d CIWLI20105E 3\/4\u2033 1050Nm 2\u00d75,0Ah SUPER INGCO<\/td>\n<\/tr>\n<tr id=\"decl-attribute-no-4\" class=\"decl-attribute decl-attribute-no-4\">\n<th class=\"col label\" scope=\"row\">Koli\u010dina izra\u017eena u jedinici mere<\/th>\n<td class=\"col data\" data-th=\"Koli\u010dina izra\u017eena u jedinici mere\">Kom<\/td>\n<\/tr>\n<\/tbody>\n<\/table>\n<\/li>\n<\/ul>\n","protected":false},"excerpt":{"rendered":"<p>SUPER INGCO akumulatorski udarni odvija\u010d je dizajniran da se koristi za aplikacije vezane za automatsku popravku ili odr\u017eavanje ure\u0111aja.<br \/>\nNapravljen je dovoljno jak da obavlja te\u0161ke zadatke i poma\u017ee u lakim poslovima na domac\u0301em nivou i na taj na\u010din se pokazao kao proizvod od velike upotrebe za razli\u010dite primene.<br \/>\nErgonomski dizajniran da pru\u017ei najbolju podr\u0161ku i udobnost korisniku.<br \/>\nDizajn omoguc\u0301ava korisniku da radi duge sate bez mnogo nelagodnosti i umora<br \/>\nOvaj udarni odvija\u010d obezbe\u0111uje maksimalnu snagu, brzinu i performanse.<br \/>\nRobusna konstrukcija \u010dini ga pogodnim za mnoge poslove bez straha od o\u0161tec\u0301enja.<br \/>\nBaterija obezbe\u0111uje dug \u017eivotni vek proizvoda.<\/p>\n","protected":false},"featured_media":11673,"comment_status":"open","ping_status":"closed","template":"","meta":{"inline_featured_image":false},"product_brand":[],"product_cat":[386],"product_tag":[],"class_list":{"0":"post-11672","1":"product","2":"type-product","3":"status-publish","4":"has-post-thumbnail","6":"product_cat-aku-udarni-odvijac","8":"first","9":"instock","10":"sale","11":"shipping-taxable","12":"purchasable","13":"product-type-simple"},"_links":{"self":[{"href":"https:\/\/tehnikabacko.rs\/index.php\/wp-json\/wp\/v2\/product\/11672","targetHints":{"allow":["GET"]}}],"collection":[{"href":"https:\/\/tehnikabacko.rs\/index.php\/wp-json\/wp\/v2\/product"}],"about":[{"href":"https:\/\/tehnikabacko.rs\/index.php\/wp-json\/wp\/v2\/types\/product"}],"replies":[{"embeddable":true,"href":"https:\/\/tehnikabacko.rs\/index.php\/wp-json\/wp\/v2\/comments?post=11672"}],"wp:featuredmedia":[{"embeddable":true,"href":"https:\/\/tehnikabacko.rs\/index.php\/wp-json\/wp\/v2\/media\/11673"}],"wp:attachment":[{"href":"https:\/\/tehnikabacko.rs\/index.php\/wp-json\/wp\/v2\/media?parent=11672"}],"wp:term":[{"taxonomy":"product_brand","embeddable":true,"href":"https:\/\/tehnikabacko.rs\/index.php\/wp-json\/wp\/v2\/product_brand?post=11672"},{"taxonomy":"product_cat","embeddable":true,"href":"https:\/\/tehnikabacko.rs\/index.php\/wp-json\/wp\/v2\/product_cat?post=11672"},{"taxonomy":"product_tag","embeddable":true,"href":"https:\/\/tehnikabacko.rs\/index.php\/wp-json\/wp\/v2\/product_tag?post=11672"}],"curies":[{"name":"wp","href":"https:\/\/api.w.org\/{rel}","templated":true}]}}