{"id":11670,"date":"2026-01-15T15:58:33","date_gmt":"2026-01-15T15:58:33","guid":{"rendered":"https:\/\/tehnikabacko.rs\/?post_type=product&#038;p=11670"},"modified":"2026-01-15T15:58:33","modified_gmt":"2026-01-15T15:58:33","slug":"akumulatorska-udarna-busilica-cidli201668e-20v-2x50ah-super-ingco","status":"publish","type":"product","link":"https:\/\/tehnikabacko.rs\/index.php\/product\/akumulatorska-udarna-busilica-cidli201668e-20v-2x50ah-super-ingco\/","title":{"rendered":"Akumulatorska udarna bu\u0161ilica CIDLI201668E 20V 2\u00d75,0Ah SUPER INGCO"},"content":{"rendered":"<p><strong>Tehni\u010dke karakteristike proizvoda:<\/strong><\/p>\n<ul>\n<li>Brend: SUPER INGCO<\/li>\n<li>Model: CIDLI20768E<\/li>\n<li><strong>BL ( motor bez \u010detkica )<\/strong><\/li>\n<li>Napon: 20V<\/li>\n<li>Brzina bez opterec\u0301enja: 0-550\/0-2100 o\/min<\/li>\n<li>Maksimalna brzina udara: 31500 o\/min<\/li>\n<li>Maksimalni obrtni moment: 166Nm<\/li>\n<li>Jakobs metalna stezna glava<\/li>\n<li>Kapacitet stezne glave: 13mm<\/li>\n<li>Pode\u0161avanja obrtnog momenta: 23+1+1<\/li>\n<li>Mehani\u010dki menja\u010d sa 2 brzine<\/li>\n<li>Funkcija zaklju\u010davanja vretena<\/li>\n<li>Integrisano LED radno svetlo<\/li>\n<li>LED indikator napunjenosti baterije<\/li>\n<li>Te\u017eina seta: 4,0 kg.<\/li>\n<\/ul>\n<p><strong>Obim isporuke proizvoda:<\/strong><\/p>\n<ul>\n<li>CIDLI201668E\u00a0<a href=\"https:\/\/koncarelektro.rs\/prodavnica\/ponuda\/akumulatorska-udarna-busilica-cidli201668e-20v-2x50ah-super-ingco\/\">Akumulatorska udarna bu\u0161ilica<\/a>\u00a02x5Ah SUPER Ingco<\/li>\n<li>2 kom. baterije od 5.0Ah (FBLI2003)<\/li>\n<li>1 kom. punja\u010d (FCLI20411E)<\/li>\n<li>3 kom. ravnih burgija za drvo (16,19,22mm)<\/li>\n<li>3 kom. burgija za zid (5,6,8mm)<\/li>\n<li>3 kom. HSS burgija (4,5,6mm)<\/li>\n<li>2 kom. udarnog odvija\u010da 65mm bitovi (PH2+PH2, PH2+SL6)<\/li>\n<li>1 kom. pomoc\u0301na ru\u010dka<\/li>\n<li>Uputstvo za upotrebu proizvoda<\/li>\n<li>Plasti\u010dni transportni kofer<\/li>\n<\/ul>\n<p><strong>Garancija 3 godine<\/strong><\/p>\n<table class=\"woocommerce-product-attributes shop_attributes\" aria-label=\"Product Details\">\n<tbody>\n<tr class=\"woocommerce-product-attributes-item woocommerce-product-attributes-item--attribute_pa_proizvodjac\">\n<th class=\"woocommerce-product-attributes-item__label\" scope=\"row\">Proizvodja\u010d<\/th>\n<td class=\"woocommerce-product-attributes-item__value\"><a href=\"https:\/\/koncarelektro.rs\/proizvodjac\/ingco\/\" rel=\"tag\">INGCO \u2013 SUPER INGCO<\/a><\/td>\n<\/tr>\n<tr class=\"woocommerce-product-attributes-item woocommerce-product-attributes-item--attribute_pa_uvoznik\">\n<th class=\"woocommerce-product-attributes-item__label\" scope=\"row\">Uvoznik<\/th>\n<td class=\"woocommerce-product-attributes-item__value\"><a href=\"https:\/\/koncarelektro.rs\/uvoznik\/na-deklaraciji-proizvoda\/\" rel=\"tag\">NA DEKLARACIJI PROIZVODA<\/a><\/td>\n<\/tr>\n<tr class=\"woocommerce-product-attributes-item woocommerce-product-attributes-item--attribute_pa_zemlja-porekla\">\n<th class=\"woocommerce-product-attributes-item__label\" scope=\"row\">Zemlja porekla<\/th>\n<td class=\"woocommerce-product-attributes-item__value\"><a href=\"https:\/\/koncarelektro.rs\/zemlja-porekla\/kina\/\" rel=\"tag\">Kina<\/a><\/td>\n<\/tr>\n<\/tbody>\n<\/table>\n","protected":false},"excerpt":{"rendered":"<p>Motor bez \u010detkica pru\u017ea povec\u0301anu efikasnost i du\u017ei vek alata.<br \/>\nNapon 20V za pouzdan i moc\u0301an rad.<br \/>\nBrzina u praznom hodu: : 0-500\/0- 2100 o\/min za raznovrsne zadatke bu\u0161enja.<br \/>\nMaksimalni obrtni moment 166 Nm obezbe\u0111uje sna\u017ene performanse.<br \/>\nMetalna stezna glava kapaciteta 13 mm za izdr\u017eljivost i svestranost.<br \/>\nStezna glava bez klju\u010da sa automatskim zaklju\u010davanjem za brzu i laku promenu nastavka<br \/>\nPode\u0161avanja obrtnog momenta 23+1 +1 pode\u0161avanja za preciznu kontrolu obrtnog momenta.<br \/>\nKompaktan i izdr\u017eljiv dizajn za udobnu i dugotrajnu upotrebu.<\/p>\n","protected":false},"featured_media":11671,"comment_status":"open","ping_status":"closed","template":"","meta":{"inline_featured_image":false},"product_brand":[],"product_cat":[232],"product_tag":[],"class_list":{"0":"post-11670","1":"product","2":"type-product","3":"status-publish","4":"has-post-thumbnail","6":"product_cat-aku-alati","8":"first","9":"instock","10":"sale","11":"shipping-taxable","12":"purchasable","13":"product-type-simple"},"_links":{"self":[{"href":"https:\/\/tehnikabacko.rs\/index.php\/wp-json\/wp\/v2\/product\/11670","targetHints":{"allow":["GET"]}}],"collection":[{"href":"https:\/\/tehnikabacko.rs\/index.php\/wp-json\/wp\/v2\/product"}],"about":[{"href":"https:\/\/tehnikabacko.rs\/index.php\/wp-json\/wp\/v2\/types\/product"}],"replies":[{"embeddable":true,"href":"https:\/\/tehnikabacko.rs\/index.php\/wp-json\/wp\/v2\/comments?post=11670"}],"wp:featuredmedia":[{"embeddable":true,"href":"https:\/\/tehnikabacko.rs\/index.php\/wp-json\/wp\/v2\/media\/11671"}],"wp:attachment":[{"href":"https:\/\/tehnikabacko.rs\/index.php\/wp-json\/wp\/v2\/media?parent=11670"}],"wp:term":[{"taxonomy":"product_brand","embeddable":true,"href":"https:\/\/tehnikabacko.rs\/index.php\/wp-json\/wp\/v2\/product_brand?post=11670"},{"taxonomy":"product_cat","embeddable":true,"href":"https:\/\/tehnikabacko.rs\/index.php\/wp-json\/wp\/v2\/product_cat?post=11670"},{"taxonomy":"product_tag","embeddable":true,"href":"https:\/\/tehnikabacko.rs\/index.php\/wp-json\/wp\/v2\/product_tag?post=11670"}],"curies":[{"name":"wp","href":"https:\/\/api.w.org\/{rel}","templated":true}]}}