{"id":11668,"date":"2026-01-15T15:52:31","date_gmt":"2026-01-15T15:52:31","guid":{"rendered":"https:\/\/tehnikabacko.rs\/?post_type=product&#038;p=11668"},"modified":"2026-01-15T15:52:32","modified_gmt":"2026-01-15T15:52:32","slug":"akumulatorski-set-alata-cosli240968-16v-2x20ah-super-ingco","status":"publish","type":"product","link":"https:\/\/tehnikabacko.rs\/index.php\/product\/akumulatorski-set-alata-cosli240968-16v-2x20ah-super-ingco\/","title":{"rendered":"Akumulatorski set alata COSLI240968 16V 2\u00d72,0Ah SUPER INGCO"},"content":{"rendered":"<p><strong>Tehni\u010dke karakteristike proizvoda:<\/strong><\/p>\n<ul>\n<li>Brend: SUPER INGCO<\/li>\n<li>Model: COSLI240968<\/li>\n<li>Akumulatorska \u0161rafilica\u00a0<strong>CDLI16681<\/strong><\/li>\n<li><strong>Brushless motor<\/strong><\/li>\n<li>Napon: 16V<\/li>\n<li>Brzina praznog hoda: 0-550\/0-2000rpm<\/li>\n<li>Maksimalni obrtni moment: 60Nm<\/li>\n<li>Kapacitet stezne glave: 13mm<\/li>\n<li>Pode\u0161avanja obrtnog momenta: 22+1<\/li>\n<li>Auto-zaklju\u010davanje stezne glave bez klju\u010da<\/li>\n<li>Mehani\u010dki 2-brzinski menja\u010d<\/li>\n<li>Integrisana LED radna lampa<\/li>\n<li>Akumulatorski odvija\u010d\u00a0<strong>CIRLI161781<\/strong><\/li>\n<li><strong>Brushless motor<\/strong><\/li>\n<li>Napon: 16V<\/li>\n<li>\u0160estougaoni priklju\u010dak: 6,35mm<\/li>\n<li>Brzina bez opterec\u0301enja: 0-2700 o\/min<\/li>\n<li>Brzina udaraca: 0-3500 o\/min<\/li>\n<li>Maksimalni obrtni moment: 170Nm<\/li>\n<li>Integrisano LED radno svetlo<\/li>\n<\/ul>\n<p><strong>Obim isporuke proizvoda:<\/strong><\/p>\n<ul>\n<li>COSLI240968 Akumulatorski set alata 16V SUPER INGCO<\/li>\n<li>Uputstvo za upotrebu proizvoda<\/li>\n<li>2 x baterije 16V 2,0Ah<\/li>\n<li>1 x punja\u010d<\/li>\n<li>Plasti\u010dni transportni kofer<\/li>\n<\/ul>\n<p><strong>Garancija 3 godine<\/strong><\/p>\n<table class=\"woocommerce-product-attributes shop_attributes\" aria-label=\"Product Details\">\n<tbody>\n<tr class=\"woocommerce-product-attributes-item woocommerce-product-attributes-item--attribute_pa_proizvodjac\">\n<th class=\"woocommerce-product-attributes-item__label\" scope=\"row\">Proizvodja\u010d<\/th>\n<td class=\"woocommerce-product-attributes-item__value\"><a href=\"https:\/\/koncarelektro.rs\/proizvodjac\/ingco\/\" rel=\"tag\">INGCO \u2013 SUPER INGCO<\/a><\/td>\n<\/tr>\n<tr class=\"woocommerce-product-attributes-item woocommerce-product-attributes-item--attribute_pa_uvoznik\">\n<th class=\"woocommerce-product-attributes-item__label\" scope=\"row\">Uvoznik<\/th>\n<td class=\"woocommerce-product-attributes-item__value\"><a href=\"https:\/\/koncarelektro.rs\/uvoznik\/na-deklaraciji-proizvoda\/\" rel=\"tag\">NA DEKLARACIJI PROIZVODA<\/a><\/td>\n<\/tr>\n<tr class=\"woocommerce-product-attributes-item woocommerce-product-attributes-item--attribute_pa_zemlja-porekla\">\n<th class=\"woocommerce-product-attributes-item__label\" scope=\"row\">Zemlja porekla<\/th>\n<td class=\"woocommerce-product-attributes-item__value\"><a href=\"https:\/\/koncarelektro.rs\/zemlja-porekla\/kina\/\" rel=\"tag\">Kina<\/a><\/td>\n<\/tr>\n<\/tbody>\n<\/table>\n","protected":false},"excerpt":{"rendered":"<p>Komplet akumulatorskog alata sadr\u017ei:<br \/>\nAkumulatorska bu\u0161ilica CDLI16681 je opremljena BL motorom,ima maksimalni obrtni moment od 60 Nm, mo\u017ee sa lakoc\u0301om da se nosi sa raznim zadacima bu\u0161enja i pri\u010dvr\u0161c\u0301ivanja.<br \/>\nPromenljiva brzina 2-brzinski menja\u010d (0-550 o\/min i 0-2000 o\/min) nudi fleksibilnost za razli\u010dite primene, od zadataka visokog obrtnog momenta do brzog bu\u0161enja.<br \/>\nMetalna stezna glava od 13 mm obezbe\u0111uje sigurno dr\u017eanje nastavka i izdr\u017eava te\u0161ku upotrebu.<br \/>\nPode\u0161avanja obrtnog momenta 22+1 omoguc\u0301avaju preciznu kontrolu za razli\u010dite materijale i aplikacije, stezna glava za bu\u0161enje bez klju\u010da sa automatskim zaklju\u010davanjem omoguc\u0301ava brzu i laku promenu burgije bez dodatnih alata.<br \/>\nAkumulatorski odvija\u010d CIRLI161781 za zadatke pri\u010dvr\u0161c\u0301ivanja i uvijanja sa impresivnih 170 Nm obrtnog momenta, ovaj kompaktni, ali moc\u0301an alat je dizajniran da sa lakoc\u0301om obavlja te\u0161ke poslove.<br \/>\nObezbe\u0111uje produ\u017eeno vreme rada i efikasnost kako za profesionalce, tako i za entuzijaste \u201euradi sam\u201c projektore.<br \/>\nSa integrisanim LED radnim svetlom, preciznim \u0161estougaonim pritiskom i radom velike brzine, ovaj alat garantuje performanse, izdr\u017eljivost i prakti\u010dnost.<\/p>\n","protected":false},"featured_media":11669,"comment_status":"open","ping_status":"closed","template":"","meta":{"inline_featured_image":false},"product_brand":[],"product_cat":[232,396,386],"product_tag":[],"class_list":{"0":"post-11668","1":"product","2":"type-product","3":"status-publish","4":"has-post-thumbnail","6":"product_cat-aku-alati","7":"product_cat-aku-set-alata","8":"product_cat-aku-udarni-odvijac","10":"first","11":"instock","12":"sale","13":"shipping-taxable","14":"purchasable","15":"product-type-simple"},"_links":{"self":[{"href":"https:\/\/tehnikabacko.rs\/index.php\/wp-json\/wp\/v2\/product\/11668","targetHints":{"allow":["GET"]}}],"collection":[{"href":"https:\/\/tehnikabacko.rs\/index.php\/wp-json\/wp\/v2\/product"}],"about":[{"href":"https:\/\/tehnikabacko.rs\/index.php\/wp-json\/wp\/v2\/types\/product"}],"replies":[{"embeddable":true,"href":"https:\/\/tehnikabacko.rs\/index.php\/wp-json\/wp\/v2\/comments?post=11668"}],"wp:featuredmedia":[{"embeddable":true,"href":"https:\/\/tehnikabacko.rs\/index.php\/wp-json\/wp\/v2\/media\/11669"}],"wp:attachment":[{"href":"https:\/\/tehnikabacko.rs\/index.php\/wp-json\/wp\/v2\/media?parent=11668"}],"wp:term":[{"taxonomy":"product_brand","embeddable":true,"href":"https:\/\/tehnikabacko.rs\/index.php\/wp-json\/wp\/v2\/product_brand?post=11668"},{"taxonomy":"product_cat","embeddable":true,"href":"https:\/\/tehnikabacko.rs\/index.php\/wp-json\/wp\/v2\/product_cat?post=11668"},{"taxonomy":"product_tag","embeddable":true,"href":"https:\/\/tehnikabacko.rs\/index.php\/wp-json\/wp\/v2\/product_tag?post=11668"}],"curies":[{"name":"wp","href":"https:\/\/api.w.org\/{rel}","templated":true}]}}