{"id":11663,"date":"2026-01-15T15:37:32","date_gmt":"2026-01-15T15:37:32","guid":{"rendered":"https:\/\/tehnikabacko.rs\/?post_type=product&#038;p=11663"},"modified":"2026-01-15T15:37:32","modified_gmt":"2026-01-15T15:37:32","slug":"set-baterija-20v-cosli240464e-2x50ah-super-ingco","status":"publish","type":"product","link":"https:\/\/tehnikabacko.rs\/index.php\/product\/set-baterija-20v-cosli240464e-2x50ah-super-ingco\/","title":{"rendered":"Set baterija 20V COSLI240464E 2\u00d75,0Ah SUPER INGCO"},"content":{"rendered":"<p><strong>Tehni\u010dke karakteristike proizvoda:<\/strong><\/p>\n<ul>\n<li>Brend: SUPER INGCO<\/li>\n<li>Model: COSLI240464E<\/li>\n<li>Ulazni napon: 220-240V~50\/60Hz<\/li>\n<li><strong>Set sadr\u017ei:<\/strong><\/li>\n<li>2 komada litijum-jonskog baterijskog paketa (FBLI2003)<\/li>\n<li>LED indikator napajanja baterije<\/li>\n<li>Jedna baterija odgovara svim P20S alatima<\/li>\n<li>te\u017eina seta: 1,3 kg.<\/li>\n<\/ul>\n<p><strong>Obim isporuke proizvoda:<\/strong><\/p>\n<ul>\n<li>SUPER INGCO Set baterija 2\u00d75,0Ah 20V COSLI240464E<\/li>\n<li>Uputstvo za upotrebu proizvoda<\/li>\n<li>Blister pakovanje<\/li>\n<\/ul>\n<p><strong>Saobraznost 24 meseci<\/strong><\/p>\n<table class=\"woocommerce-product-attributes shop_attributes\" aria-label=\"Product Details\">\n<tbody>\n<tr class=\"woocommerce-product-attributes-item woocommerce-product-attributes-item--attribute_pa_proizvodjac\">\n<th class=\"woocommerce-product-attributes-item__label\" scope=\"row\">Proizvodja\u010d<\/th>\n<td class=\"woocommerce-product-attributes-item__value\"><a href=\"https:\/\/koncarelektro.rs\/proizvodjac\/ingco\/\" rel=\"tag\">INGCO \u2013 SUPER INGCO<\/a><\/td>\n<\/tr>\n<tr class=\"woocommerce-product-attributes-item woocommerce-product-attributes-item--attribute_pa_uvoznik\">\n<th class=\"woocommerce-product-attributes-item__label\" scope=\"row\">Uvoznik<\/th>\n<td class=\"woocommerce-product-attributes-item__value\"><a href=\"https:\/\/koncarelektro.rs\/uvoznik\/na-deklaraciji-proizvoda\/\" rel=\"tag\">NA DEKLARACIJI PROIZVODA<\/a><\/td>\n<\/tr>\n<tr class=\"woocommerce-product-attributes-item woocommerce-product-attributes-item--attribute_pa_zemlja-porekla\">\n<th class=\"woocommerce-product-attributes-item__label\" scope=\"row\">Zemlja porekla<\/th>\n<td class=\"woocommerce-product-attributes-item__value\"><a href=\"https:\/\/koncarelektro.rs\/zemlja-porekla\/kina\/\" rel=\"tag\">Kina<\/a><\/td>\n<\/tr>\n<\/tbody>\n<\/table>\n","protected":false},"excerpt":{"rendered":"<p>Set se sastoji od 2 Ingco baterije od 5,0 Ah<br \/>\nLED indikator napunjenosti<br \/>\nOva baterija \u2013 akumulator se mo\u017ee koristiti na Ingco P20S ure\u0111ajima, bilo da su u pitanju alati ili ba\u0161tenski program<br \/>\nKompatibilne sa 20V + 20V tehnologijom gde ure\u0111aji primaju 2 Ingco baterije od 20V<\/p>\n","protected":false},"featured_media":11664,"comment_status":"open","ping_status":"closed","template":"","meta":{"inline_featured_image":false},"product_brand":[],"product_cat":[436],"product_tag":[],"class_list":{"0":"post-11663","1":"product","2":"type-product","3":"status-publish","4":"has-post-thumbnail","6":"product_cat-baterije-za-aku-program","8":"first","9":"instock","10":"sale","11":"shipping-taxable","12":"purchasable","13":"product-type-simple"},"_links":{"self":[{"href":"https:\/\/tehnikabacko.rs\/index.php\/wp-json\/wp\/v2\/product\/11663","targetHints":{"allow":["GET"]}}],"collection":[{"href":"https:\/\/tehnikabacko.rs\/index.php\/wp-json\/wp\/v2\/product"}],"about":[{"href":"https:\/\/tehnikabacko.rs\/index.php\/wp-json\/wp\/v2\/types\/product"}],"replies":[{"embeddable":true,"href":"https:\/\/tehnikabacko.rs\/index.php\/wp-json\/wp\/v2\/comments?post=11663"}],"wp:featuredmedia":[{"embeddable":true,"href":"https:\/\/tehnikabacko.rs\/index.php\/wp-json\/wp\/v2\/media\/11664"}],"wp:attachment":[{"href":"https:\/\/tehnikabacko.rs\/index.php\/wp-json\/wp\/v2\/media?parent=11663"}],"wp:term":[{"taxonomy":"product_brand","embeddable":true,"href":"https:\/\/tehnikabacko.rs\/index.php\/wp-json\/wp\/v2\/product_brand?post=11663"},{"taxonomy":"product_cat","embeddable":true,"href":"https:\/\/tehnikabacko.rs\/index.php\/wp-json\/wp\/v2\/product_cat?post=11663"},{"taxonomy":"product_tag","embeddable":true,"href":"https:\/\/tehnikabacko.rs\/index.php\/wp-json\/wp\/v2\/product_tag?post=11663"}],"curies":[{"name":"wp","href":"https:\/\/api.w.org\/{rel}","templated":true}]}}