{"id":11661,"date":"2026-01-15T15:31:19","date_gmt":"2026-01-15T15:31:19","guid":{"rendered":"https:\/\/tehnikabacko.rs\/?post_type=product&#038;p=11661"},"modified":"2026-01-15T15:31:19","modified_gmt":"2026-01-15T15:31:19","slug":"akumulatorska-ugaona-brusilica-cagli27153-solo-super-ingco","status":"publish","type":"product","link":"https:\/\/tehnikabacko.rs\/index.php\/product\/akumulatorska-ugaona-brusilica-cagli27153-solo-super-ingco\/","title":{"rendered":"Akumulatorska ugaona brusilica CAGLI27153 Solo SUPER INGCO"},"content":{"rendered":"<p><strong>Tehni\u010dke karakteristike proizvoda:<\/strong><\/p>\n<ul>\n<li>Brend: SUPER INGCO<\/li>\n<li>Model: CAGLI27153<\/li>\n<li>Motor bez \u010detkica<\/li>\n<li>Napon:20V<\/li>\n<li>Maksimalna ulazna snaga: 1000W<\/li>\n<li>Brzina bez opterec\u0301enja: 3000\/6000\/9000 o\/min<\/li>\n<li>Pre\u010dnik diska: 115 mm<\/li>\n<li>Navoj vretena: M14<\/li>\n<\/ul>\n<p><strong>Obim isporuke proizvoda:<\/strong><\/p>\n<ul>\n<li><a href=\"https:\/\/koncarelektro.rs\/prodavnica\/ponuda\/akumulatorska-ugaona-brusilica-cagli27153-solo-super-ingco\/\">CAGLI27153 Akumulatorska ugaona brusilica<\/a>\u00a0Solo SUPER INGCO<\/li>\n<li>Uputstvo zu upotrebu proizvoda<\/li>\n<li>Kartonsko pakovanje<\/li>\n<li><strong>Bez baterije i punja\u010da<\/strong><\/li>\n<\/ul>\n<p><strong>Garancija 3 godine<\/strong><\/p>\n<table class=\"woocommerce-product-attributes shop_attributes\" aria-label=\"Product Details\">\n<tbody>\n<tr class=\"woocommerce-product-attributes-item woocommerce-product-attributes-item--attribute_pa_proizvodjac\">\n<th class=\"woocommerce-product-attributes-item__label\" scope=\"row\">Proizvodja\u010d<\/th>\n<td class=\"woocommerce-product-attributes-item__value\"><a href=\"https:\/\/koncarelektro.rs\/proizvodjac\/ingco\/\" rel=\"tag\">INGCO \u2013 SUPER INGCO<\/a><\/td>\n<\/tr>\n<tr class=\"woocommerce-product-attributes-item woocommerce-product-attributes-item--attribute_pa_uvoznik\">\n<th class=\"woocommerce-product-attributes-item__label\" scope=\"row\">Uvoznik<\/th>\n<td class=\"woocommerce-product-attributes-item__value\"><a href=\"https:\/\/koncarelektro.rs\/uvoznik\/na-deklaraciji-proizvoda\/\" rel=\"tag\">NA DEKLARACIJI PROIZVODA<\/a><\/td>\n<\/tr>\n<tr class=\"woocommerce-product-attributes-item woocommerce-product-attributes-item--attribute_pa_zemlja-porekla\">\n<th class=\"woocommerce-product-attributes-item__label\" scope=\"row\">Zemlja porekla<\/th>\n<td class=\"woocommerce-product-attributes-item__value\"><a href=\"https:\/\/koncarelektro.rs\/zemlja-porekla\/kina\/\" rel=\"tag\">Kina<\/a><\/td>\n<\/tr>\n<\/tbody>\n<\/table>\n","protected":false},"excerpt":{"rendered":"<p>Opremljena BL motorom bez \u010detkica<br \/>\nBL motor stvara manje akumulacije toplote i idealan je za dugotrajnu upotrebu u aplikacijama visoke proizvodnje.<br \/>\nElektronski kontrolisan da optimizuje potro\u0161nju energije baterije za do 50% du\u017ee vreme rada po punjenju, elimini\u0161e ugljene \u010detke, omoguc\u0301avajuc\u0301i BL motoru da radi hladnije i efikasnije za du\u017ei vek.<br \/>\nUgaone brusilice su veoma popularni alati zbog \u0161irokog spektra primene.<br \/>\nSvaki specijalista koji se bavi renoviranjem, zavr\u0161nim radovima ima ovu vrstu alata u svojoj radionici.<\/p>\n","protected":false},"featured_media":11662,"comment_status":"open","ping_status":"closed","template":"","meta":{"inline_featured_image":false},"product_brand":[],"product_cat":[299],"product_tag":[],"class_list":{"0":"post-11661","1":"product","2":"type-product","3":"status-publish","4":"has-post-thumbnail","6":"product_cat-aku-brusilica","8":"first","9":"instock","10":"sale","11":"shipping-taxable","12":"purchasable","13":"product-type-simple"},"_links":{"self":[{"href":"https:\/\/tehnikabacko.rs\/index.php\/wp-json\/wp\/v2\/product\/11661","targetHints":{"allow":["GET"]}}],"collection":[{"href":"https:\/\/tehnikabacko.rs\/index.php\/wp-json\/wp\/v2\/product"}],"about":[{"href":"https:\/\/tehnikabacko.rs\/index.php\/wp-json\/wp\/v2\/types\/product"}],"replies":[{"embeddable":true,"href":"https:\/\/tehnikabacko.rs\/index.php\/wp-json\/wp\/v2\/comments?post=11661"}],"wp:featuredmedia":[{"embeddable":true,"href":"https:\/\/tehnikabacko.rs\/index.php\/wp-json\/wp\/v2\/media\/11662"}],"wp:attachment":[{"href":"https:\/\/tehnikabacko.rs\/index.php\/wp-json\/wp\/v2\/media?parent=11661"}],"wp:term":[{"taxonomy":"product_brand","embeddable":true,"href":"https:\/\/tehnikabacko.rs\/index.php\/wp-json\/wp\/v2\/product_brand?post=11661"},{"taxonomy":"product_cat","embeddable":true,"href":"https:\/\/tehnikabacko.rs\/index.php\/wp-json\/wp\/v2\/product_cat?post=11661"},{"taxonomy":"product_tag","embeddable":true,"href":"https:\/\/tehnikabacko.rs\/index.php\/wp-json\/wp\/v2\/product_tag?post=11661"}],"curies":[{"name":"wp","href":"https:\/\/api.w.org\/{rel}","templated":true}]}}