{"id":11653,"date":"2026-01-10T07:56:18","date_gmt":"2026-01-10T07:56:18","guid":{"rendered":"https:\/\/tehnikabacko.rs\/?post_type=product&#038;p=11653"},"modified":"2026-01-10T07:56:18","modified_gmt":"2026-01-10T07:56:18","slug":"motorni-cistac-snega-villager-vst-120","status":"publish","type":"product","link":"https:\/\/tehnikabacko.rs\/index.php\/product\/motorni-cistac-snega-villager-vst-120\/","title":{"rendered":"Motorni \u010dista\u010d snega Villager VST 120"},"content":{"rendered":"<div class=\"block product-details-info\">\n<div class=\"description  read-more-text\" data-characters=\"320\" data-characters-mobile=\"250\" data-lesstext=\"Manje detalja\" data-moretext=\"Detaljnije\"><span class=\"morecontent\"><span class=\"full-content content-full\">VIllager \u010dista\u010de snega pokre\u0107u mo\u0107ni 4-taktni motori koju pru\u017eaju maksimum performansi koje su potrebne za rad u te\u0161kim zimskim uslovima. Poseban sistem elektri\u010dnog paljenja olak\u0161ava startovanje motora pri niskim temperaturama. \u010cista\u010di snega su projektovani tako da se mogu lako koristiti pri svim vemenskim uslovima.<\/span><\/span><\/div>\n<\/div>\n<div class=\"block product-details-price\">\n<div class=\"clearfix \"><\/div>\n<\/div>\n","protected":false},"excerpt":{"rendered":"<ul>\n<li>Tip motora:\u010cetvorotaktni<\/li>\n<li>Snaga motora:8,8kW<\/li>\n<li>Broj obrtaja:3600 rpm<\/li>\n<li>Zapremina motora:375cm\u00b3<\/li>\n<li>Domet:5\u201315m<\/li>\n<li>Radna dubina:510 mm<\/li>\n<li>Broj brzina (napred\/nazad):6 napred,2 nazad<\/li>\n<li>Pre\u010dnik to\u010dka:406mm<\/li>\n<li>Radna \u0161irina:863mm<\/li>\n<li>Tip transmisije:Frikcioni disk\/Diferencijal<\/li>\n<li>Kapacitet rezervoara za gorivo:4,0l<\/li>\n<li>Kapacitet rezervoara za ulje:0,6l<\/li>\n<li>Pogonsko gorivo:Bezolovno gorivo<\/li>\n<li>Te\u017eina:127kg<\/li>\n<\/ul>\n","protected":false},"featured_media":11654,"comment_status":"open","ping_status":"closed","template":"","meta":{"inline_featured_image":false},"product_brand":[],"product_cat":[15],"product_tag":[],"class_list":{"0":"post-11653","1":"product","2":"type-product","3":"status-publish","4":"has-post-thumbnail","6":"product_cat-uncategorized","8":"first","9":"instock","10":"sale","11":"shipping-taxable","12":"purchasable","13":"product-type-simple"},"_links":{"self":[{"href":"https:\/\/tehnikabacko.rs\/index.php\/wp-json\/wp\/v2\/product\/11653","targetHints":{"allow":["GET"]}}],"collection":[{"href":"https:\/\/tehnikabacko.rs\/index.php\/wp-json\/wp\/v2\/product"}],"about":[{"href":"https:\/\/tehnikabacko.rs\/index.php\/wp-json\/wp\/v2\/types\/product"}],"replies":[{"embeddable":true,"href":"https:\/\/tehnikabacko.rs\/index.php\/wp-json\/wp\/v2\/comments?post=11653"}],"wp:featuredmedia":[{"embeddable":true,"href":"https:\/\/tehnikabacko.rs\/index.php\/wp-json\/wp\/v2\/media\/11654"}],"wp:attachment":[{"href":"https:\/\/tehnikabacko.rs\/index.php\/wp-json\/wp\/v2\/media?parent=11653"}],"wp:term":[{"taxonomy":"product_brand","embeddable":true,"href":"https:\/\/tehnikabacko.rs\/index.php\/wp-json\/wp\/v2\/product_brand?post=11653"},{"taxonomy":"product_cat","embeddable":true,"href":"https:\/\/tehnikabacko.rs\/index.php\/wp-json\/wp\/v2\/product_cat?post=11653"},{"taxonomy":"product_tag","embeddable":true,"href":"https:\/\/tehnikabacko.rs\/index.php\/wp-json\/wp\/v2\/product_tag?post=11653"}],"curies":[{"name":"wp","href":"https:\/\/api.w.org\/{rel}","templated":true}]}}