{"id":11650,"date":"2026-01-08T16:21:52","date_gmt":"2026-01-08T16:21:52","guid":{"rendered":"https:\/\/tehnikabacko.rs\/?post_type=product&#038;p=11650"},"modified":"2026-01-08T16:21:52","modified_gmt":"2026-01-08T16:21:52","slug":"elektricni-laser-za-nivelisanje-kll-g16-tqs-kzubr","status":"publish","type":"product","link":"https:\/\/tehnikabacko.rs\/index.php\/product\/elektricni-laser-za-nivelisanje-kll-g16-tqs-kzubr\/","title":{"rendered":"Elektri\u010dni laser za nivelisanje KLL-G16-TQS Kzubr"},"content":{"rendered":"<h2>Opis proizvoda<\/h2>\n<p>Model lasera: 4Dx360<\/p>\n<p>Domet: 100m<\/p>\n<p>Talasna du\u017eina: 505-520mm<\/p>\n<p>Vertikalna preciznost: \u00b1 1mm (5m)<\/p>\n<p>Horizontalna preciznost: \u00b1 1mm (5m)<\/p>\n<p>Radna temperatura: -20~+60\u00b0C<\/p>\n","protected":false},"excerpt":{"rendered":"<p>4D laser KLL-G16 TQS pru\u017ea potpunu pokrivenost sa rotacijom od 360\u00b0, idealan za precizno nivelisanje u gra\u0111evinarstvu i instalacijama. Omogu\u0107ava postavljanje vertikalnih i horizontalnih linija sa maksimalnom precizno\u0161\u0107u, a stabilan stalak od 1.2 m omogu\u0107ava jednostavno i sigurno kori\u0161\u0107enje.<\/p>\n","protected":false},"featured_media":11651,"comment_status":"open","ping_status":"closed","template":"","meta":{"inline_featured_image":false},"product_brand":[],"product_cat":[434],"product_tag":[],"class_list":{"0":"post-11650","1":"product","2":"type-product","3":"status-publish","4":"has-post-thumbnail","6":"product_cat-laserski-nivelator","8":"first","9":"instock","10":"sale","11":"shipping-taxable","12":"purchasable","13":"product-type-simple"},"_links":{"self":[{"href":"https:\/\/tehnikabacko.rs\/index.php\/wp-json\/wp\/v2\/product\/11650","targetHints":{"allow":["GET"]}}],"collection":[{"href":"https:\/\/tehnikabacko.rs\/index.php\/wp-json\/wp\/v2\/product"}],"about":[{"href":"https:\/\/tehnikabacko.rs\/index.php\/wp-json\/wp\/v2\/types\/product"}],"replies":[{"embeddable":true,"href":"https:\/\/tehnikabacko.rs\/index.php\/wp-json\/wp\/v2\/comments?post=11650"}],"wp:featuredmedia":[{"embeddable":true,"href":"https:\/\/tehnikabacko.rs\/index.php\/wp-json\/wp\/v2\/media\/11651"}],"wp:attachment":[{"href":"https:\/\/tehnikabacko.rs\/index.php\/wp-json\/wp\/v2\/media?parent=11650"}],"wp:term":[{"taxonomy":"product_brand","embeddable":true,"href":"https:\/\/tehnikabacko.rs\/index.php\/wp-json\/wp\/v2\/product_brand?post=11650"},{"taxonomy":"product_cat","embeddable":true,"href":"https:\/\/tehnikabacko.rs\/index.php\/wp-json\/wp\/v2\/product_cat?post=11650"},{"taxonomy":"product_tag","embeddable":true,"href":"https:\/\/tehnikabacko.rs\/index.php\/wp-json\/wp\/v2\/product_tag?post=11650"}],"curies":[{"name":"wp","href":"https:\/\/api.w.org\/{rel}","templated":true}]}}