{"id":11646,"date":"2026-01-08T16:12:31","date_gmt":"2026-01-08T16:12:31","guid":{"rendered":"https:\/\/tehnikabacko.rs\/?post_type=product&#038;p=11646"},"modified":"2026-01-08T16:12:31","modified_gmt":"2026-01-08T16:12:31","slug":"vibraciona-brusilica-te-os-2520-e","status":"publish","type":"product","link":"https:\/\/tehnikabacko.rs\/index.php\/product\/vibraciona-brusilica-te-os-2520-e\/","title":{"rendered":"Vibraciona brusilica TE-OS 2520 E"},"content":{"rendered":"<div class=\"content-item module-headline-paragraph headline paragraph -color-headline-black\">\n<h2 class=\"heading delta\">Tehni\u010dke specifikacije<\/h2>\n<\/div>\n<div class=\"content-item module-table -styling-beta -div-based\">\n<div class=\"table__table table\">\n<div class=\"tbody\">\n<div class=\"-show tr tr-odd\">\n<div class=\"td\"><span class=\"bold\">Broj brusnog papira granulacije 120<\/span><\/div>\n<div class=\"td\">1 pcs<\/div>\n<\/div>\n<div class=\"-show tr tr-even\">\n<div class=\"td\"><span class=\"bold\">Broj brusnog papira granulacije 60<\/span><\/div>\n<div class=\"td\">0 pcs<\/div>\n<\/div>\n<div class=\"-show tr tr-odd\">\n<div class=\"td\"><span class=\"bold\">Broj brusnog papira granulacije 80<\/span><\/div>\n<div class=\"td\">0 pcs<\/div>\n<\/div>\n<div class=\"-show tr tr-even\">\n<div class=\"td\"><span class=\"bold\">Du\u017eina brusnog papira<\/span><\/div>\n<div class=\"td\">230 mm<\/div>\n<\/div>\n<div class=\"-show tr tr-odd\">\n<div class=\"td\"><span class=\"bold\">Du\u017eina naponskog kabla<\/span><\/div>\n<div class=\"td\">3 m<\/div>\n<\/div>\n<div class=\"-show tr tr-even\">\n<div class=\"td\"><span class=\"bold\">Maks. u\u010destalost vibracija<\/span><\/div>\n<div class=\"td\">24000 min^-1<\/div>\n<\/div>\n<div class=\"-show tr tr-odd\">\n<div class=\"td\"><span class=\"bold\">Min. u\u010destalost vibracija<\/span><\/div>\n<div class=\"td\">14000 min^-1<\/div>\n<\/div>\n<div class=\"-show tr tr-even\">\n<div class=\"td\"><span class=\"bold\">Pre\u010dnik adaptera za usisavanje<\/span><\/div>\n<div class=\"td\">35 mm<\/div>\n<\/div>\n<div class=\"-show tr tr-odd\">\n<div class=\"td\"><span class=\"bold\">Te\u017eina proizvoda<\/span><\/div>\n<div class=\"td\">1.9 Kg<\/div>\n<\/div>\n<div class=\"-show tr tr-even\">\n<div class=\"td\"><span class=\"bold\">Vibracioni krug<\/span><\/div>\n<div class=\"td\">2 mm<\/div>\n<\/div>\n<div class=\"-show tr tr-odd\">\n<div class=\"td\"><span class=\"bold\">\u0160irina brusnog papira<\/span><\/div>\n<div class=\"td\">115 mm<\/div>\n<div><span class=\"heading gamma\">Opis artikla<\/span>Vibraciona brusilica TE-OS 2520 E je visokokvalitetan, moc\u0301an alat koji je idealan izbor za bru\u0161enje velikih povr\u0161ina drveta, plastike ili metala. Elektronska kontrola brzine osigurava da se snaga mo\u017ee ta\u010dno prilagoditi zahtevima za zavr\u0161nu obradu odre\u0111enog materijala. Mehanizam za stezanje i mikro-\u010di\u010dak podloga na alatu daju korisniku slobodan izbor abraziva koji se mo\u017ee brzo i lako promeniti. Ergonomski dizajn i meke povr\u0161ine prianjanja osiguravaju da se TE-OS 2520 E vibraciona brusilica savr\u0161eno uklapa u ruku. Specijalni prigu\u0161iva\u010di vibracija su dizajnirani za dodatnu udobnost korisnika. Aktivno izbacivanje pra\u0161ine sa filterom odr\u017eava radno podru\u010dje \u010distim. Usisiva\u010d se mo\u017ee pri\u010dvrstiti direktno na adapter usisiva\u010da radi trenutnog uklanjanja pra\u0161ine tokom bru\u0161enja. Brusni papir je uklju\u010den i mo\u017ee se odmah koristiti, a isporu\u010duje se i prakti\u010dna kutija za no\u0161enje i skladi\u0161tenje.<\/p>\n<\/div>\n<\/div>\n<\/div>\n<\/div>\n<\/div>\n","protected":false},"excerpt":{"rendered":"<ul>\n<li class=\" meta\">\u010cvrsta, sna\u017ena ekscentri\u010dna brusilica<\/li>\n<li class=\" meta\">Savr\u0161eno za bru\u0161enje velikih povr\u0161ina<\/li>\n<li class=\" meta\">Alat se mo\u017ee podesiti na idealnu brzinu u odnosu na radni materijal<\/li>\n<li class=\" meta\">Laka i brza promena abrazivnog papira pomoc\u0301u mikro velkro pri\u010dvr\u0161c\u0301enja<\/li>\n<li class=\" meta\">Tako\u0111e je pogodan za brusni papir bez \u010di\u010dak trake<\/li>\n<li class=\"-marked meta\">Specijalni prigu\u0161iva\u010di vibracija smanjuju vibracije na minimum<\/li>\n<li class=\"-marked meta\">Robustan, izdr\u017eljiv aluminijski ram osnove<\/li>\n<li class=\"-marked meta\">Ergonomske meke ru\u010dke<\/li>\n<li class=\"-marked meta\">Aktivno izbacivanje pra\u0161ine odr\u017eava radno podru\u010dje \u010distim<\/li>\n<li class=\"-marked meta\">FIlter sakuplja pra\u0161inu od bru\u0161enja<\/li>\n<li class=\"-marked meta\">Mo\u017ee se pri\u010dvrstiti usisiva\u010d kako bi radna povr\u0161ina bila \u010dista<\/li>\n<li class=\"-marked meta\">Uklj. 1 brusni list papira tako da mo\u017eete odmah po\u010deti<\/li>\n<li class=\"-marked meta\">Isporu\u010deno u prakti\u010dnom koferu<\/li>\n<\/ul>\n","protected":false},"featured_media":11647,"comment_status":"open","ping_status":"closed","template":"","meta":{"inline_featured_image":false},"product_brand":[],"product_cat":[304],"product_tag":[],"class_list":{"0":"post-11646","1":"product","2":"type-product","3":"status-publish","4":"has-post-thumbnail","6":"product_cat-vibraciona-brusilica","8":"first","9":"instock","10":"sale","11":"shipping-taxable","12":"purchasable","13":"product-type-simple"},"_links":{"self":[{"href":"https:\/\/tehnikabacko.rs\/index.php\/wp-json\/wp\/v2\/product\/11646","targetHints":{"allow":["GET"]}}],"collection":[{"href":"https:\/\/tehnikabacko.rs\/index.php\/wp-json\/wp\/v2\/product"}],"about":[{"href":"https:\/\/tehnikabacko.rs\/index.php\/wp-json\/wp\/v2\/types\/product"}],"replies":[{"embeddable":true,"href":"https:\/\/tehnikabacko.rs\/index.php\/wp-json\/wp\/v2\/comments?post=11646"}],"wp:featuredmedia":[{"embeddable":true,"href":"https:\/\/tehnikabacko.rs\/index.php\/wp-json\/wp\/v2\/media\/11647"}],"wp:attachment":[{"href":"https:\/\/tehnikabacko.rs\/index.php\/wp-json\/wp\/v2\/media?parent=11646"}],"wp:term":[{"taxonomy":"product_brand","embeddable":true,"href":"https:\/\/tehnikabacko.rs\/index.php\/wp-json\/wp\/v2\/product_brand?post=11646"},{"taxonomy":"product_cat","embeddable":true,"href":"https:\/\/tehnikabacko.rs\/index.php\/wp-json\/wp\/v2\/product_cat?post=11646"},{"taxonomy":"product_tag","embeddable":true,"href":"https:\/\/tehnikabacko.rs\/index.php\/wp-json\/wp\/v2\/product_tag?post=11646"}],"curies":[{"name":"wp","href":"https:\/\/api.w.org\/{rel}","templated":true}]}}