{"id":11643,"date":"2026-01-08T16:06:14","date_gmt":"2026-01-08T16:06:14","guid":{"rendered":"https:\/\/tehnikabacko.rs\/?post_type=product&#038;p=11643"},"modified":"2026-01-08T16:06:14","modified_gmt":"2026-01-08T16:06:14","slug":"kzubr-elektricno-tocilo-za-ostrenje-kbg-200","status":"publish","type":"product","link":"https:\/\/tehnikabacko.rs\/index.php\/product\/kzubr-elektricno-tocilo-za-ostrenje-kbg-200\/","title":{"rendered":"KZUBR elektri\u010dno tocilo za o\u0161trenje KBG-200"},"content":{"rendered":"<p><strong>KZUBR elektri\u010dno tocilo za o\u0161trenje KBG-200\u00a0<\/strong>je prakti\u010dna i pouzdana alatka namenjena preciznom o\u0161trenju razli\u010ditih alata. Sa ulaznom snagom od 350W i brzinom bez optere\u0107enja od 2950 obrtaja u minuti, omogu\u0107ava stabilan i efikasan rad. Tocilo radi na naponu od 220 V do 230 V uz frekvenciju od 50\/60 Hz, \u0161to ga \u010dini pogodnim za upotrebu u svim standardnim radionicama. Opremljeno je diskom dimenzija 200 x 20 x 12.7 mm, koji obezbe\u0111uje dovoljno radne povr\u0161ine za precizno i ravnomerno bru\u0161enje. KBG-200 je odli\u010dan izbor za korisnike koji tra\u017ee izdr\u017eljivo i efikasno re\u0161enje za svakodnevno o\u0161trenje alata.<br \/>\n<strong>Napon<\/strong>: 220 V ~ 230 V<br \/>\n<strong>Frekvencija<\/strong>: 50\/60 Hz<br \/>\n<strong>Ulazna snaga<\/strong>: 350 W<br \/>\n<strong>Brzina bez optere\u0107enja<\/strong>: 2950 r\/min<br \/>\n<strong>Dimenzije diska<\/strong>: 200 x 20 x 12.7 mm<\/p>\n","protected":false},"excerpt":{"rendered":"<div class=\"product-detail--declaration-row\">\n<div class=\"product-detail--declaration-title\">edinica mere:<\/div>\n<div class=\"product-detail--declaration-data\">kom<\/div>\n<\/div>\n<div class=\"product-detail--declaration-row\">\n<div class=\"product-detail--declaration-title\">Transportno pakovanje:<\/div>\n<div class=\"product-detail--declaration-data\">5 kg<\/div>\n<\/div>\n<div class=\"product-detail--declaration-row\">\n<div class=\"product-detail--declaration-title\">Naziv<\/div>\n<div class=\"product-detail--declaration-data\">KZUBR elektri\u010dno tocilo za o\u0161trenje KBG-200<\/div>\n<\/div>\n<div class=\"product-detail--declaration-row\">\n<div class=\"product-detail--declaration-title\">Zemlja proizvodnje<\/div>\n<div class=\"product-detail--declaration-data\">Kina<\/div>\n<\/div>\n<div class=\"product-detail--declaration-row\">\n<div class=\"product-detail--declaration-title\">Uvoznik<\/div>\n<div class=\"product-detail--declaration-data\">WSD Tools<\/div>\n<\/div>\n","protected":false},"featured_media":11644,"comment_status":"open","ping_status":"closed","template":"","meta":{"inline_featured_image":false},"product_brand":[],"product_cat":[433],"product_tag":[],"class_list":{"0":"post-11643","1":"product","2":"type-product","3":"status-publish","4":"has-post-thumbnail","6":"product_cat-tocilo-elektricno","8":"first","9":"instock","10":"sale","11":"shipping-taxable","12":"purchasable","13":"product-type-simple"},"_links":{"self":[{"href":"https:\/\/tehnikabacko.rs\/index.php\/wp-json\/wp\/v2\/product\/11643","targetHints":{"allow":["GET"]}}],"collection":[{"href":"https:\/\/tehnikabacko.rs\/index.php\/wp-json\/wp\/v2\/product"}],"about":[{"href":"https:\/\/tehnikabacko.rs\/index.php\/wp-json\/wp\/v2\/types\/product"}],"replies":[{"embeddable":true,"href":"https:\/\/tehnikabacko.rs\/index.php\/wp-json\/wp\/v2\/comments?post=11643"}],"wp:featuredmedia":[{"embeddable":true,"href":"https:\/\/tehnikabacko.rs\/index.php\/wp-json\/wp\/v2\/media\/11644"}],"wp:attachment":[{"href":"https:\/\/tehnikabacko.rs\/index.php\/wp-json\/wp\/v2\/media?parent=11643"}],"wp:term":[{"taxonomy":"product_brand","embeddable":true,"href":"https:\/\/tehnikabacko.rs\/index.php\/wp-json\/wp\/v2\/product_brand?post=11643"},{"taxonomy":"product_cat","embeddable":true,"href":"https:\/\/tehnikabacko.rs\/index.php\/wp-json\/wp\/v2\/product_cat?post=11643"},{"taxonomy":"product_tag","embeddable":true,"href":"https:\/\/tehnikabacko.rs\/index.php\/wp-json\/wp\/v2\/product_tag?post=11643"}],"curies":[{"name":"wp","href":"https:\/\/api.w.org\/{rel}","templated":true}]}}