{"id":11636,"date":"2025-12-26T07:18:33","date_gmt":"2025-12-26T07:18:33","guid":{"rendered":"https:\/\/tehnikabacko.rs\/?post_type=product&#038;p=11636"},"modified":"2025-12-26T07:18:33","modified_gmt":"2025-12-26T07:18:33","slug":"aparat-za-gasno-zavarivanje-tc-gw-190-d","status":"publish","type":"product","link":"https:\/\/tehnikabacko.rs\/index.php\/product\/aparat-za-gasno-zavarivanje-tc-gw-190-d\/","title":{"rendered":"Aparat za gasno zavarivanje TC-GW 190 D"},"content":{"rendered":"<div class=\"content-item module-headline-paragraph headline paragraph -color-headline-black\">\n<h2 class=\"heading delta\">Tehni\u010dke specifikacije<\/h2>\n<\/div>\n<div class=\"content-item module-table -styling-beta -div-based\">\n<div class=\"table__table table\">\n<div class=\"tbody\">\n<div class=\"-show tr tr-odd\">\n<div class=\"td\"><span class=\"bold\">Napajanje<\/span><\/div>\n<div class=\"td\">230\/400 V | 50 Hz<\/div>\n<\/div>\n<div class=\"-show tr tr-even\">\n<div class=\"td\"><span class=\"bold\">Struja zavarivanja<\/span><\/div>\n<div class=\"td\">25 A &#8211; 160 A<\/div>\n<\/div>\n<div class=\"-show tr tr-odd\">\n<div class=\"td\"><span class=\"bold\">Regulacija struje zavarivanja<\/span><\/div>\n<div class=\"td\">6 settings<\/div>\n<\/div>\n<div class=\"-show tr tr-even\">\n<div class=\"td\"><span class=\"bold\">Napon bez opterec\u0301enja<\/span><\/div>\n<div class=\"td\">36 V<\/div>\n<\/div>\n<div class=\"-show tr tr-odd\">\n<div class=\"td\"><span class=\"bold\">Osigura\u010d<\/span><\/div>\n<div class=\"td\">16 A<\/div>\n<\/div>\n<div class=\"-show tr tr-even\">\n<div class=\"td\"><span class=\"bold\">Dimenzije \u017eice za zavarivanje<\/span><\/div>\n<div class=\"td\">0.6 mm &#8211; 1 mm<\/div>\n<\/div>\n<div class=\"-show tr tr-odd\">\n<div class=\"td\"><span class=\"bold\">Napajanje \u017eicom<\/span><\/div>\n<div class=\"td\">Continuously<\/div>\n<\/div>\n<div class=\"-show tr tr-even\">\n<div class=\"td\"><span class=\"bold\">Kalem \u017eice za zavarivanje<\/span><\/div>\n<div class=\"td\">5 kg<\/div>\n<\/div>\n<div class=\"-show tr tr-odd\">\n<div class=\"td\"><span class=\"bold\">Du\u017eina pakovanja creva<\/span><\/div>\n<div class=\"td\">1.4 m<\/div>\n<div><span class=\"heading gamma\">Opis artikla<\/span>Einhell TC-GW 190 D aparat za gasno zavarivanje dizajniran za trajno spajanje metalnih elemenata i konstrukcija pomoc\u0301u MAG metode. Zahvaljujuc\u0301i svojim sveobuhvatnim karakteristikama nema kraja njegovoj potencijalnoj upotrebi. Ure\u0111aj ima sistem ventilatorskog hla\u0111enja, tako da se mo\u017ee koristiti za duge sesije rada, na primer, i termi\u010dka za\u0161tita od preopterec\u0301enja sa lampom obezbe\u0111uje potrebnu bezbednost. Za sigurno pri\u010dvr\u0161c\u0301ivanje gasnih cilindara postoji lanac. Postoji dvanaest pode\u0161avanja za struju zavarivanja, od 25 do 160 A. I paket creva (du\u017eine 1,4 metra) sa plamenikom za zavarivanje i kabl za uzemljenje sa uzemljenjem su trajno povezani sa zavariva\u010dem. Mobilni aparat za gasno zavarivanje je jednostavan za transport. Za nesmetan rad, ure\u0111aj ima beskona\u010dno podesivu 2- valjanu \u017eicu (pre\u010dnik od 0,6 mm do 1 mm). Proizvod se isporu\u010duje sa za\u0161titnim crevom za gas, reduktorom pritiska sa dva mera\u010da pritiska, adapter kablom i ekranom za zavarivanje.<\/p>\n<\/div>\n<\/div>\n<\/div>\n<\/div>\n<\/div>\n","protected":false},"excerpt":{"rendered":"<ul>\n<li class=\" meta\">Regulacija struje zavarivanja u 12 koraka<\/li>\n<li class=\" meta\">Beskona\u010dno podesivo napajanje sa dve \u017eice<\/li>\n<li class=\" meta\">Mobilni<\/li>\n<li class=\" meta\">Ventilatorsko hla\u0111enje<\/li>\n<li class=\" meta\">Termi\u010dka za\u0161tita od preopterec\u0301enja sa indikatorom<\/li>\n<li class=\"-marked meta\">Paket creva uklju\u010duju\u0107i gorionik za zavarivanje<\/li>\n<li class=\"-marked meta\">Kabl za uzemljenje uklju\u010dujuc\u0301i i terminal za uzemljenje<\/li>\n<li class=\"-marked meta\">Lanac za pri\u010dvr\u0161c\u0301ivanje plinske boce<\/li>\n<li class=\"-marked meta\">Crevo za za\u0161titni gas<\/li>\n<li class=\"-marked meta\">Reduktor pritiska sa 2 manometra<\/li>\n<li class=\"-marked meta\">Adapter za kabl<\/li>\n<li class=\"-marked meta\">Ekran za zavarivanje<\/li>\n<\/ul>\n","protected":false},"featured_media":11637,"comment_status":"open","ping_status":"closed","template":"","meta":{"inline_featured_image":false},"product_brand":[],"product_cat":[242],"product_tag":[],"class_list":{"0":"post-11636","1":"product","2":"type-product","3":"status-publish","4":"has-post-thumbnail","6":"product_cat-aparati-za-varenje","8":"first","9":"instock","10":"sale","11":"shipping-taxable","12":"purchasable","13":"product-type-simple"},"_links":{"self":[{"href":"https:\/\/tehnikabacko.rs\/index.php\/wp-json\/wp\/v2\/product\/11636","targetHints":{"allow":["GET"]}}],"collection":[{"href":"https:\/\/tehnikabacko.rs\/index.php\/wp-json\/wp\/v2\/product"}],"about":[{"href":"https:\/\/tehnikabacko.rs\/index.php\/wp-json\/wp\/v2\/types\/product"}],"replies":[{"embeddable":true,"href":"https:\/\/tehnikabacko.rs\/index.php\/wp-json\/wp\/v2\/comments?post=11636"}],"wp:featuredmedia":[{"embeddable":true,"href":"https:\/\/tehnikabacko.rs\/index.php\/wp-json\/wp\/v2\/media\/11637"}],"wp:attachment":[{"href":"https:\/\/tehnikabacko.rs\/index.php\/wp-json\/wp\/v2\/media?parent=11636"}],"wp:term":[{"taxonomy":"product_brand","embeddable":true,"href":"https:\/\/tehnikabacko.rs\/index.php\/wp-json\/wp\/v2\/product_brand?post=11636"},{"taxonomy":"product_cat","embeddable":true,"href":"https:\/\/tehnikabacko.rs\/index.php\/wp-json\/wp\/v2\/product_cat?post=11636"},{"taxonomy":"product_tag","embeddable":true,"href":"https:\/\/tehnikabacko.rs\/index.php\/wp-json\/wp\/v2\/product_tag?post=11636"}],"curies":[{"name":"wp","href":"https:\/\/api.w.org\/{rel}","templated":true}]}}