{"id":11631,"date":"2025-12-22T12:44:32","date_gmt":"2025-12-22T12:44:32","guid":{"rendered":"https:\/\/tehnikabacko.rs\/?post_type=product&#038;p=11631"},"modified":"2025-12-22T12:44:32","modified_gmt":"2025-12-22T12:44:32","slug":"neto-ckli20273e-aku-set-brusilica-busilica-66nm-super-ingco","status":"publish","type":"product","link":"https:\/\/tehnikabacko.rs\/index.php\/product\/neto-ckli20273e-aku-set-brusilica-busilica-66nm-super-ingco\/","title":{"rendered":"NETO CKLI20273E AKU SET (BRUSILICA + BU\u0160ILICA 66NM) SUPER INGCO"},"content":{"rendered":"<p data-end=\"14\" data-start=\"0\"><strong data-end=\"14\" data-start=\"0\">Napon: 20V<\/strong><\/p>\n<p data-end=\"32\" data-start=\"16\"><strong data-end=\"30\" data-start=\"16\">Uklju\u010duje:<\/strong><\/p>\n<ul data-end=\"167\" data-start=\"33\">\n<li data-end=\"88\" data-start=\"33\">\n<p data-end=\"88\" data-start=\"35\">1 kom litijum-jonsku ugaonu brusilicu (CAGLI27153E)<\/p>\n<\/li>\n<li data-end=\"167\" data-start=\"89\">\n<p data-end=\"167\" data-start=\"91\">1 kom kompaktnu be\u017ei\u010dnu udarnu bu\u0161ilicu sa motorom bez \u010detkica (CIDLI206681)<\/p>\n<\/li>\n<\/ul>\n<p data-end=\"221\" data-start=\"169\"><strong data-end=\"219\" data-start=\"169\">Litijum-jonska ugaona brusilica (CAGLI27153E):<\/strong><\/p>\n<ul data-end=\"360\" data-start=\"222\">\n<li data-end=\"243\" data-start=\"222\">\n<p data-end=\"243\" data-start=\"224\">Motor bez \u010detkica<\/p>\n<\/li>\n<li data-end=\"258\" data-start=\"244\">\n<p data-end=\"258\" data-start=\"246\">Napon: 20V<\/p>\n<\/li>\n<li data-end=\"311\" data-start=\"259\">\n<p data-end=\"311\" data-start=\"261\">Brzina bez optere\u0107enja: 3000 \/ 6000 \/ 9000 o\/min<\/p>\n<\/li>\n<li data-end=\"337\" data-start=\"312\">\n<p data-end=\"337\" data-start=\"314\">Pre\u010dnik diska: 115 mm<\/p>\n<\/li>\n<li data-end=\"360\" data-start=\"338\">\n<p data-end=\"360\" data-start=\"340\">Navoj vretena: M14<\/p>\n<\/li>\n<\/ul>\n<p data-end=\"454\" data-start=\"362\"><strong data-end=\"452\" data-start=\"362\">Litijum-jonska kompaktna be\u017ei\u010dna udarna bu\u0161ilica sa motorom bez \u010detkica (CIDLI206681):<\/strong><\/p>\n<ul data-end=\"802\" data-start=\"455\">\n<li data-end=\"476\" data-start=\"455\">\n<p data-end=\"476\" data-start=\"457\">Motor bez \u010detkica<\/p>\n<\/li>\n<li data-end=\"491\" data-start=\"477\">\n<p data-end=\"491\" data-start=\"479\">Napon: 20V<\/p>\n<\/li>\n<li data-end=\"540\" data-start=\"492\">\n<p data-end=\"540\" data-start=\"494\">Brzina bez optere\u0107enja: 0\u2013500 \/ 0\u20132000 o\/min<\/p>\n<\/li>\n<li data-end=\"576\" data-start=\"541\">\n<p data-end=\"576\" data-start=\"543\">Maks. broj udara: 30.000 ud\/min<\/p>\n<\/li>\n<li data-end=\"607\" data-start=\"577\">\n<p data-end=\"607\" data-start=\"579\">Maks. obrtni moment: 66 Nm<\/p>\n<\/li>\n<li data-end=\"632\" data-start=\"608\">\n<p data-end=\"632\" data-start=\"610\">Metalna stezna glava<\/p>\n<\/li>\n<li data-end=\"666\" data-start=\"633\">\n<p data-end=\"666\" data-start=\"635\">Kapacitet stezne glave: 13 mm<\/p>\n<\/li>\n<li data-end=\"710\" data-start=\"667\">\n<p data-end=\"710\" data-start=\"669\">Pode\u0161avanje obrtnog momenta: 22 + 1 + 1<\/p>\n<\/li>\n<li data-end=\"743\" data-start=\"711\">\n<p data-end=\"743\" data-start=\"713\">Mehani\u010dki menja\u010d sa 2 brzine<\/p>\n<\/li>\n<li data-end=\"772\" data-start=\"744\">\n<p data-end=\"772\" data-start=\"746\">Funkcija blokade vretena<\/p>\n<\/li>\n<li data-end=\"802\" data-start=\"773\">\n<p data-end=\"802\" data-start=\"775\">Ugra\u0111eno LED radno svetlo<\/p>\n<\/li>\n<\/ul>\n","protected":false},"excerpt":{"rendered":"<p data-end=\"821\" data-start=\"804\"><strong data-end=\"819\" data-start=\"804\">U kompletu:<\/strong><\/p>\n<ul data-end=\"1055\" data-start=\"822\">\n<li data-end=\"870\" data-start=\"822\">\n<p data-end=\"870\" data-start=\"824\">1 set reznih plo\u010da za metal \u00d8115 mm (10 kom)<\/p>\n<\/li>\n<li data-end=\"896\" data-start=\"871\">\n<p data-end=\"896\" data-start=\"873\">47 kom dodatne opreme<\/p>\n<\/li>\n<li data-end=\"932\" data-start=\"897\">\n<p data-end=\"932\" data-start=\"899\">2 kom baterije 4,0Ah (FBLI2002)<\/p>\n<\/li>\n<li data-end=\"1020\" data-start=\"933\">\n<p data-end=\"981\" data-start=\"935\">1 kom P20S litijum-jonski punja\u010d (FCLI2001E)<\/p>\n<ul data-end=\"1020\" data-start=\"984\">\n<li data-end=\"1020\" data-start=\"984\">\n<p data-end=\"1020\" data-start=\"986\">Ulazni napon: 220\u2013240V ~ 50\/60Hz<\/p>\n<\/li>\n<\/ul>\n<\/li>\n<li data-end=\"1055\" data-start=\"1021\">\n<p data-end=\"1055\" data-start=\"1023\">Pakovano u transportnom koferu<\/p>\n<\/li>\n<\/ul>\n","protected":false},"featured_media":11632,"comment_status":"open","ping_status":"closed","template":"","meta":{"inline_featured_image":false},"product_brand":[],"product_cat":[299,232,396],"product_tag":[],"class_list":{"0":"post-11631","1":"product","2":"type-product","3":"status-publish","4":"has-post-thumbnail","6":"product_cat-aku-brusilica","7":"product_cat-aku-alati","8":"product_cat-aku-set-alata","10":"first","11":"instock","12":"sale","13":"shipping-taxable","14":"purchasable","15":"product-type-simple"},"_links":{"self":[{"href":"https:\/\/tehnikabacko.rs\/index.php\/wp-json\/wp\/v2\/product\/11631","targetHints":{"allow":["GET"]}}],"collection":[{"href":"https:\/\/tehnikabacko.rs\/index.php\/wp-json\/wp\/v2\/product"}],"about":[{"href":"https:\/\/tehnikabacko.rs\/index.php\/wp-json\/wp\/v2\/types\/product"}],"replies":[{"embeddable":true,"href":"https:\/\/tehnikabacko.rs\/index.php\/wp-json\/wp\/v2\/comments?post=11631"}],"wp:featuredmedia":[{"embeddable":true,"href":"https:\/\/tehnikabacko.rs\/index.php\/wp-json\/wp\/v2\/media\/11632"}],"wp:attachment":[{"href":"https:\/\/tehnikabacko.rs\/index.php\/wp-json\/wp\/v2\/media?parent=11631"}],"wp:term":[{"taxonomy":"product_brand","embeddable":true,"href":"https:\/\/tehnikabacko.rs\/index.php\/wp-json\/wp\/v2\/product_brand?post=11631"},{"taxonomy":"product_cat","embeddable":true,"href":"https:\/\/tehnikabacko.rs\/index.php\/wp-json\/wp\/v2\/product_cat?post=11631"},{"taxonomy":"product_tag","embeddable":true,"href":"https:\/\/tehnikabacko.rs\/index.php\/wp-json\/wp\/v2\/product_tag?post=11631"}],"curies":[{"name":"wp","href":"https:\/\/api.w.org\/{rel}","templated":true}]}}