{"id":11605,"date":"2025-12-02T14:18:52","date_gmt":"2025-12-02T14:18:52","guid":{"rendered":"https:\/\/tehnikabacko.rs\/?post_type=product&#038;p=11605"},"modified":"2025-12-02T14:18:53","modified_gmt":"2025-12-02T14:18:53","slug":"kzubr-akumulatorska-srafilica-kbleid-21v-10","status":"publish","type":"product","link":"https:\/\/tehnikabacko.rs\/index.php\/product\/kzubr-akumulatorska-srafilica-kbleid-21v-10\/","title":{"rendered":"KZUBR akumulatorska \u0161rafilica KBLEID-21V-10"},"content":{"rendered":"<div class=\"product-detail__description\">\n<p><strong>Ulazni napon<\/strong>: 100\u2013240V AC, 50\/60Hz<br \/>\n<strong>Izlazni napon<\/strong>: DC 21V \/ 2.0Ah<br \/>\n<strong>Napon<\/strong>: 21V<br \/>\n<strong>Brzina bez optere\u0107enja<\/strong>: 0 \u2013 400 \/ 0 \u2013 1400 obrtaja u minuti<br \/>\n<strong>Maksimalni obrtni moment<\/strong>: 60 Nm<br \/>\n<strong>Kapacitet stezne glave<\/strong>: 1 \u2013 10 mm<br \/>\n<strong>Kapacitet bu\u0161enja u \u010delik<\/strong>: 10 mm<br \/>\n<strong>Kapacitet bu\u0161enja u drvo<\/strong>: 30 mm<\/p>\n<\/div>\n<div class=\"product-detail--sizes\"><\/div>\n<div class=\"product-detail--declaration\">\n<div class=\"product-detail--declaration-trigger accordion-active\" data-trigger=\"product-detail-declaration\">Deklaracija<\/div>\n<div class=\"product-detail--declaration-content accordion-panel\">\n<div class=\"product-detail--declaration-content-inner\">\n<div class=\"product-detail--declaration-row\">\n<div class=\"product-detail--declaration-title\">Jedinica mere:<\/div>\n<div class=\"product-detail--declaration-data\">kom<\/div>\n<\/div>\n<div class=\"product-detail--declaration-row\">\n<div class=\"product-detail--declaration-title\">Transportno pakovanje:<\/div>\n<div class=\"product-detail--declaration-data\">5 kg<\/div>\n<\/div>\n<div class=\"product-detail--declaration-row\">\n<div class=\"product-detail--declaration-title\">Naziv<\/div>\n<div class=\"product-detail--declaration-data\">KZUBR akumulatorska \u0161rafilica KBLEID-21V-10<\/div>\n<\/div>\n<div class=\"product-detail--declaration-row\">\n<div class=\"product-detail--declaration-title\">Zemlja proizvodnje<\/div>\n<div class=\"product-detail--declaration-data\">Kina<\/div>\n<\/div>\n<div class=\"product-detail--declaration-row\">\n<div class=\"product-detail--declaration-title\">Uvoznik<\/div>\n<div class=\"product-detail--declaration-data\">WSD TOOLS DOO<\/div>\n<\/div>\n<\/div>\n<\/div>\n<\/div>\n","protected":false},"excerpt":{"rendered":"<p><strong>KZUBR akumulatorska \u0161rafilica KBLEID-21V-10\u00a0<\/strong>je sna\u017ean i pouzdan alat namenjen za razne vrste ku\u0107nih i profesionalnih radova. Opremljena je motorom koji omogu\u0107ava rad pri naponu od 21V, a napaja se putem litijum-jonske baterije kapaciteta 2.0Ah. Zahvaljuju\u0107i dvostepenoj brzini bez optere\u0107enja (od 0 do 400 i od 0 do 1400 obrtaja u minuti), \u0161rafilica omogu\u0107ava precizno prilago\u0111avanje brzine u zavisnosti od vrste posla. Maksimalni obrtni moment od 60 Nm pru\u017ea dovoljno snage za zavrtanje i bu\u0161enje u razli\u010dite materijale. Stezna glava prihvata burgije i nastavke dimenzija od 1 do 10 mm, \u0161to omogu\u0107ava svestranost u radu. Kapacitet bu\u0161enja iznosi do 10 mm u \u010deliku i do 30 mm u drvetu, \u0161to ovu \u0161rafilicu \u010dini odli\u010dnim izborom za \u0161irok spektar zadataka \u2013 od jednostavnih monta\u017ea name\u0161taja, do ozbiljnijih gra\u0111evinskih i zanatskih zahvata. Uz \u0161iroki ulazni napon (100\u2013240V AC, 50\/60Hz), ure\u0111aj je prilago\u0111en za upotrebu u razli\u010ditim uslovima i na razli\u010ditim lokacijama.<\/p>\n","protected":false},"featured_media":11606,"comment_status":"open","ping_status":"closed","template":"","meta":{"inline_featured_image":false},"product_brand":[],"product_cat":[232,298],"product_tag":[],"class_list":{"0":"post-11605","1":"product","2":"type-product","3":"status-publish","4":"has-post-thumbnail","6":"product_cat-aku-alati","7":"product_cat-busilica","9":"first","10":"instock","11":"sale","12":"shipping-taxable","13":"purchasable","14":"product-type-simple"},"_links":{"self":[{"href":"https:\/\/tehnikabacko.rs\/index.php\/wp-json\/wp\/v2\/product\/11605","targetHints":{"allow":["GET"]}}],"collection":[{"href":"https:\/\/tehnikabacko.rs\/index.php\/wp-json\/wp\/v2\/product"}],"about":[{"href":"https:\/\/tehnikabacko.rs\/index.php\/wp-json\/wp\/v2\/types\/product"}],"replies":[{"embeddable":true,"href":"https:\/\/tehnikabacko.rs\/index.php\/wp-json\/wp\/v2\/comments?post=11605"}],"wp:featuredmedia":[{"embeddable":true,"href":"https:\/\/tehnikabacko.rs\/index.php\/wp-json\/wp\/v2\/media\/11606"}],"wp:attachment":[{"href":"https:\/\/tehnikabacko.rs\/index.php\/wp-json\/wp\/v2\/media?parent=11605"}],"wp:term":[{"taxonomy":"product_brand","embeddable":true,"href":"https:\/\/tehnikabacko.rs\/index.php\/wp-json\/wp\/v2\/product_brand?post=11605"},{"taxonomy":"product_cat","embeddable":true,"href":"https:\/\/tehnikabacko.rs\/index.php\/wp-json\/wp\/v2\/product_cat?post=11605"},{"taxonomy":"product_tag","embeddable":true,"href":"https:\/\/tehnikabacko.rs\/index.php\/wp-json\/wp\/v2\/product_tag?post=11605"}],"curies":[{"name":"wp","href":"https:\/\/api.w.org\/{rel}","templated":true}]}}