{"id":11601,"date":"2025-12-02T14:06:42","date_gmt":"2025-12-02T14:06:42","guid":{"rendered":"https:\/\/tehnikabacko.rs\/?post_type=product&#038;p=11601"},"modified":"2025-12-02T14:06:42","modified_gmt":"2025-12-02T14:06:42","slug":"elektricni-udarni-odvijac-kiw900-1-2","status":"publish","type":"product","link":"https:\/\/tehnikabacko.rs\/index.php\/product\/elektricni-udarni-odvijac-kiw900-1-2\/","title":{"rendered":"ELEKTRI\u010cNI UDARNI ODVIJA\u010c KIW900-1\/2"},"content":{"rendered":"<p data-start=\"612\" data-end=\"639\"><strong data-start=\"612\" data-end=\"639\">ehni\u010dke specifikacije:<\/strong><\/p>\n<ul data-start=\"641\" data-end=\"919\">\n<li data-start=\"641\" data-end=\"666\">\n<p data-start=\"643\" data-end=\"666\"><strong data-start=\"643\" data-end=\"653\">Model:<\/strong>\u00a0KIW900-1\/2<\/p>\n<\/li>\n<li data-start=\"667\" data-end=\"694\">\n<p data-start=\"669\" data-end=\"694\"><strong data-start=\"669\" data-end=\"686\">Ulazna snaga:<\/strong>\u00a0900 W<\/p>\n<\/li>\n<li data-start=\"695\" data-end=\"730\">\n<p data-start=\"697\" data-end=\"730\"><strong data-start=\"697\" data-end=\"717\">Brzina rotacije:<\/strong>\u00a02300 o\/min<\/p>\n<\/li>\n<li data-start=\"731\" data-end=\"771\">\n<p data-start=\"733\" data-end=\"771\"><strong data-start=\"733\" data-end=\"762\">Maksimalni obrtni moment:<\/strong>\u00a0300 Nm<\/p>\n<\/li>\n<li data-start=\"772\" data-end=\"806\">\n<p data-start=\"774\" data-end=\"806\"><strong data-start=\"774\" data-end=\"799\">Pogon (Square drive):<\/strong>\u00a01\/2\u2033<\/p>\n<\/li>\n<li data-start=\"807\" data-end=\"866\">\n<p data-start=\"809\" data-end=\"866\"><strong data-start=\"809\" data-end=\"837\">Nasadni klju\u010devi u setu:<\/strong>\u00a017 mm, 19 mm, 21 mm, 22 mm<\/p>\n<\/li>\n<li data-start=\"867\" data-end=\"919\">\n<p data-start=\"869\" data-end=\"919\"><strong data-start=\"869\" data-end=\"890\">Rezervne \u010detkice:<\/strong>\u00a0Da (uklju\u010dene u pakovanje)<\/p>\n<\/li>\n<\/ul>\n","protected":false},"excerpt":{"rendered":"<p><strong data-start=\"238\" data-end=\"252\">KIW900-1\/2<\/strong>\u00a0je elektri\u010dni udarni odvija\u010d visokih performansi, namenjen za brzo i sna\u017eno odvrtanje i zavrtanje matica i \u0161rafova. Sa snagom od\u00a0<strong data-start=\"382\" data-end=\"390\">900W<\/strong>\u00a0i obrtnim momentom od\u00a0<strong data-start=\"413\" data-end=\"423\">300 Nm<\/strong>, idealan je za rad u auto-servisima, gara\u017eama i doma\u0107instvu. Ure\u0111aj dolazi sa prakti\u010dnim setom nasadnih klju\u010deva i rezervnim \u010detkicama, \u0161to omogu\u0107ava dugotrajnu i pouzdanu upotrebu.<\/p>\n","protected":false},"featured_media":11602,"comment_status":"open","ping_status":"closed","template":"","meta":{"inline_featured_image":false},"product_brand":[],"product_cat":[357,430],"product_tag":[],"class_list":{"0":"post-11601","1":"product","2":"type-product","3":"status-publish","4":"has-post-thumbnail","6":"product_cat-elektricni-alat","7":"product_cat-udarni-odvijac-elektricni","9":"first","10":"instock","11":"sale","12":"shipping-taxable","13":"purchasable","14":"product-type-simple"},"_links":{"self":[{"href":"https:\/\/tehnikabacko.rs\/index.php\/wp-json\/wp\/v2\/product\/11601","targetHints":{"allow":["GET"]}}],"collection":[{"href":"https:\/\/tehnikabacko.rs\/index.php\/wp-json\/wp\/v2\/product"}],"about":[{"href":"https:\/\/tehnikabacko.rs\/index.php\/wp-json\/wp\/v2\/types\/product"}],"replies":[{"embeddable":true,"href":"https:\/\/tehnikabacko.rs\/index.php\/wp-json\/wp\/v2\/comments?post=11601"}],"wp:featuredmedia":[{"embeddable":true,"href":"https:\/\/tehnikabacko.rs\/index.php\/wp-json\/wp\/v2\/media\/11602"}],"wp:attachment":[{"href":"https:\/\/tehnikabacko.rs\/index.php\/wp-json\/wp\/v2\/media?parent=11601"}],"wp:term":[{"taxonomy":"product_brand","embeddable":true,"href":"https:\/\/tehnikabacko.rs\/index.php\/wp-json\/wp\/v2\/product_brand?post=11601"},{"taxonomy":"product_cat","embeddable":true,"href":"https:\/\/tehnikabacko.rs\/index.php\/wp-json\/wp\/v2\/product_cat?post=11601"},{"taxonomy":"product_tag","embeddable":true,"href":"https:\/\/tehnikabacko.rs\/index.php\/wp-json\/wp\/v2\/product_tag?post=11601"}],"curies":[{"name":"wp","href":"https:\/\/api.w.org\/{rel}","templated":true}]}}