{"id":11589,"date":"2025-11-28T12:01:16","date_gmt":"2025-11-28T12:01:16","guid":{"rendered":"https:\/\/tehnikabacko.rs\/?post_type=product&#038;p=11589"},"modified":"2025-11-28T12:02:33","modified_gmt":"2025-11-28T12:02:33","slug":"exide-premium-ea770-12v-77ahakumulator","status":"publish","type":"product","link":"https:\/\/tehnikabacko.rs\/index.php\/product\/exide-premium-ea770-12v-77ahakumulator\/","title":{"rendered":"Exide Premium EA770 12V 77Ah,AKUMULATOR"},"content":{"rendered":"<div id=\"description\" class=\"product-content__block product-content__block--description\" aria-labelledby=\"description_tab\">\n<p><strong>-Carbon Boost<\/strong>\u00a0tehnologija \u2013 dodatak od Carbona koji ubrzava prijem struje i samim tim br\u017ee punjenje akumulatora u vozilima<\/p>\n<p><strong>-Idealno za vozila koja se koriste na kratkim relacijama, prete\u017eno u gradu<\/strong><\/p>\n<p>-Velika startna sposobnost i pouzdanost u svim vremeskim uslovima, i pored ve\u0107eg broja startovanja motora<\/p>\n<p>-Ekstremno visoka snaga pri hladnom pokretanju (+30%)<\/p>\n<p>-Ca-Ca akumulator, sa\u00a0<strong>\u201eCarbon Boost\u201c<\/strong>\u00a0tehnologijom<\/p>\n<p>-Nikakvo odr\u017eavanje nije potrebno<\/p>\n<p>-Hermeti\u010dki zatvoren (nemogu\u0107e ga je otvoriti)<\/p>\n<p>-Lavirintni zaptiva\u010d kombinovan sa membranom<\/p>\n<p>-Za dizel vozila i za ve\u0107a vozila sa benzinskim motorom<\/p>\n<p>-Testiran \u010dak na -30 stepeni<\/p>\n<p>-10,000 garantovanih paljenja (klasi\u010dni akumulatori imaju 4,000)<\/p>\n<p>-Produ\u017eeni \u017eivotni vek u pore\u0111enju sa standardnim akumulatorima<\/p>\n<p>-Ve\u0107i rezervni kapacitet usled kori\u0161\u0107enja debljih plo\u010da<\/p>\n<p><strong>-Namena: Za novije modele VW-a, Seat, \u0160koda, BMW, Audi\u2026itd (Bez Start&amp;Stop sistema)<\/strong><\/p>\n<p><strong>Garancija 40 meseci<\/strong><\/p>\n<\/div>\n<div id=\"details\" class=\"product-content__block product-content__block--details\" aria-labelledby=\"details_tab\">\n<h2 class=\"product-content__block-heading\">Informacije<\/h2>\n<div class=\"product-details\">\n<div class=\"product-attributes\">\n<div class=\"product-attributes__item product-attributes__item--odd\">\n<div class=\"product-attributes__label\">SKU<\/div>\n<div class=\"product-attributes__value\">1324<\/div>\n<\/div>\n<div class=\"product-attributes__item product-attributes__item--even\">\n<div class=\"product-attributes__label\">Kategorije<\/div>\n<div class=\"product-attributes__value\"><a href=\"https:\/\/www.akumulator-shop.rs\/akumulatori-za-automobile\">Akumulatori za automobile<\/a>,\u00a0<a href=\"https:\/\/www.akumulator-shop.rs\/putnicka-vozila\">Putni\u010dka vozila<\/a>,\u00a0<a href=\"https:\/\/www.akumulator-shop.rs\/exide-premium-carbon-boost\">Exide Premium &#8211; Carbon Boost<\/a>,\u00a0<a href=\"https:\/\/www.akumulator-shop.rs\/akumulatori-za-evropska-vozila\">Akumulatori za Evropska vozila<\/a>,\u00a0<a href=\"https:\/\/www.akumulator-shop.rs\/standardni-akumulatori-visina-190mm\">Standardni akumulatori &#8211; visina 190mm<\/a>,\u00a0<a href=\"https:\/\/www.akumulator-shop.rs\/starter-akumulatori\">Starter akumulatori<\/a><\/div>\n<\/div>\n<div class=\"product-attributes__item product-attributes__item--odd\">\n<div class=\"product-attributes__label\">Te\u017eina<\/div>\n<div class=\"product-attributes__value\">18 kg<\/div>\n<\/div>\n<div class=\"product-attributes__item product-attributes__item--even\">\n<div class=\"product-attributes__label\">Proizvo\u0111a\u010d<\/div>\n<div class=\"product-attributes__value\"><a href=\"https:\/\/www.akumulator-shop.rs\/exide\">Exide<\/a><\/div>\n<\/div>\n<div class=\"product-attributes__item product-attributes__item--odd\">\n<div class=\"product-attributes__label\">Godina proizvodnje vozila<\/div>\n<div class=\"product-attributes__value\">Od 2010.<\/div>\n<\/div>\n<div class=\"product-attributes__item product-attributes__item--even\">\n<div class=\"product-attributes__label\">Tehnologija proizvodnje<\/div>\n<div class=\"product-attributes__value\">Konvencionalni<\/div>\n<\/div>\n<div class=\"product-attributes__item product-attributes__item--odd\">\n<div class=\"product-attributes__label\">Polaritet<\/div>\n<div class=\"product-attributes__value\">Desni +<\/div>\n<\/div>\n<div class=\"product-attributes__item product-attributes__item--even\">\n<div class=\"product-attributes__label\">Kapacitet(A)<\/div>\n<div class=\"product-attributes__value\">66-100<\/div>\n<\/div>\n<\/div>\n<div class=\"product-meta-fields\">\n<div class=\"product-meta-fields__item product-meta-fields__item--text product-meta-fields__item--odd\">\n<div class=\"product-meta-fields__label\">Dimenzije<\/div>\n<div class=\"product-meta-fields__value\">278.00 x 175.00 x 190.00 mm<\/div>\n<div>\n<h4>Deklaracija:<br \/>\nUvoznik: Andrea doo, Novosadska 565, 21235 Temerin, Srbija<br \/>\nProizvo\u0111a\u010d: EXIDE TECHNOLOGIES Viale Dante Alighieri, 100\/106, 24058 Romano di Lombardia, Italia<br \/>\nZemlja porekla: EU<\/h4>\n<\/div>\n<\/div>\n<\/div>\n<\/div>\n<\/div>\n","protected":false},"excerpt":{"rendered":"<p>-Oznaka modela: EA770<\/p>\n<p>-Polaritet: Desni +<\/p>\n<p>-Kapacitet: 77 Ah<\/p>\n<p>-Startna snaga: 760 A(EN)<\/p>\n","protected":false},"featured_media":11590,"comment_status":"open","ping_status":"closed","template":"","meta":{"inline_featured_image":false},"product_brand":[],"product_cat":[346],"product_tag":[],"class_list":{"0":"post-11589","1":"product","2":"type-product","3":"status-publish","4":"has-post-thumbnail","6":"product_cat-akumulatori","8":"first","9":"instock","10":"sale","11":"shipping-taxable","12":"purchasable","13":"product-type-simple"},"_links":{"self":[{"href":"https:\/\/tehnikabacko.rs\/index.php\/wp-json\/wp\/v2\/product\/11589","targetHints":{"allow":["GET"]}}],"collection":[{"href":"https:\/\/tehnikabacko.rs\/index.php\/wp-json\/wp\/v2\/product"}],"about":[{"href":"https:\/\/tehnikabacko.rs\/index.php\/wp-json\/wp\/v2\/types\/product"}],"replies":[{"embeddable":true,"href":"https:\/\/tehnikabacko.rs\/index.php\/wp-json\/wp\/v2\/comments?post=11589"}],"wp:featuredmedia":[{"embeddable":true,"href":"https:\/\/tehnikabacko.rs\/index.php\/wp-json\/wp\/v2\/media\/11590"}],"wp:attachment":[{"href":"https:\/\/tehnikabacko.rs\/index.php\/wp-json\/wp\/v2\/media?parent=11589"}],"wp:term":[{"taxonomy":"product_brand","embeddable":true,"href":"https:\/\/tehnikabacko.rs\/index.php\/wp-json\/wp\/v2\/product_brand?post=11589"},{"taxonomy":"product_cat","embeddable":true,"href":"https:\/\/tehnikabacko.rs\/index.php\/wp-json\/wp\/v2\/product_cat?post=11589"},{"taxonomy":"product_tag","embeddable":true,"href":"https:\/\/tehnikabacko.rs\/index.php\/wp-json\/wp\/v2\/product_tag?post=11589"}],"curies":[{"name":"wp","href":"https:\/\/api.w.org\/{rel}","templated":true}]}}