{"id":11587,"date":"2025-11-28T11:41:41","date_gmt":"2025-11-28T11:41:41","guid":{"rendered":"https:\/\/tehnikabacko.rs\/?post_type=product&#038;p=11587"},"modified":"2025-11-28T11:41:41","modified_gmt":"2025-11-28T11:41:41","slug":"magnum-akumulator-12v-55ah-480a-desno","status":"publish","type":"product","link":"https:\/\/tehnikabacko.rs\/index.php\/product\/magnum-akumulator-12v-55ah-480a-desno\/","title":{"rendered":"MAGNUM Akumulator 12V 55Ah 480A desno+"},"content":{"rendered":"<h4>MAGNUM &#8211; najprijatnije osve\u017eenje na tr\u017ei\u0161tu akumulatora Srbije<\/h4>\n<ul>\n<li>\n<h4>\u0160irok spektar primene za putni\u010dka i komercijalna vozila<\/h4>\n<\/li>\n<li>\n<h4>Odli\u010dan odnos izme\u0111u cene i kvaliteta<\/p>\n<p>Deklaracija:<br \/>\nUvoznik: CIAK doo, Primorska 86, 21101 Novi Sad<br \/>\nProizvo\u0111a\u010d: Autopart S.A. 39-300 Mielec, ul. Kwiatkowskiego 2a, Poland<br \/>\nZemlja porekla: EU<\/h4>\n<\/li>\n<\/ul>\n","protected":false},"excerpt":{"rendered":"<h4>Dimenzije: 242x175x190 ( D x \u0160 x V )<\/p>\n<p>Garancija: 25 meseci<\/h4>\n","protected":false},"featured_media":11588,"comment_status":"open","ping_status":"closed","template":"","meta":{"inline_featured_image":false},"product_brand":[],"product_cat":[346],"product_tag":[],"class_list":{"0":"post-11587","1":"product","2":"type-product","3":"status-publish","4":"has-post-thumbnail","6":"product_cat-akumulatori","8":"first","9":"instock","10":"sale","11":"shipping-taxable","12":"purchasable","13":"product-type-simple"},"_links":{"self":[{"href":"https:\/\/tehnikabacko.rs\/index.php\/wp-json\/wp\/v2\/product\/11587","targetHints":{"allow":["GET"]}}],"collection":[{"href":"https:\/\/tehnikabacko.rs\/index.php\/wp-json\/wp\/v2\/product"}],"about":[{"href":"https:\/\/tehnikabacko.rs\/index.php\/wp-json\/wp\/v2\/types\/product"}],"replies":[{"embeddable":true,"href":"https:\/\/tehnikabacko.rs\/index.php\/wp-json\/wp\/v2\/comments?post=11587"}],"wp:featuredmedia":[{"embeddable":true,"href":"https:\/\/tehnikabacko.rs\/index.php\/wp-json\/wp\/v2\/media\/11588"}],"wp:attachment":[{"href":"https:\/\/tehnikabacko.rs\/index.php\/wp-json\/wp\/v2\/media?parent=11587"}],"wp:term":[{"taxonomy":"product_brand","embeddable":true,"href":"https:\/\/tehnikabacko.rs\/index.php\/wp-json\/wp\/v2\/product_brand?post=11587"},{"taxonomy":"product_cat","embeddable":true,"href":"https:\/\/tehnikabacko.rs\/index.php\/wp-json\/wp\/v2\/product_cat?post=11587"},{"taxonomy":"product_tag","embeddable":true,"href":"https:\/\/tehnikabacko.rs\/index.php\/wp-json\/wp\/v2\/product_tag?post=11587"}],"curies":[{"name":"wp","href":"https:\/\/api.w.org\/{rel}","templated":true}]}}