{"id":11583,"date":"2025-11-27T11:43:28","date_gmt":"2025-11-27T11:43:28","guid":{"rendered":"https:\/\/tehnikabacko.rs\/?post_type=product&#038;p=11583"},"modified":"2025-11-27T11:43:29","modified_gmt":"2025-11-27T11:43:29","slug":"akumulatorska-mini-lancana-testera-cgsli20686-super-ingco","status":"publish","type":"product","link":"https:\/\/tehnikabacko.rs\/index.php\/product\/akumulatorska-mini-lancana-testera-cgsli20686-super-ingco\/","title":{"rendered":"Akumulatorska mini lan\u010dana testera CGSLI20686 SUPER INGCO"},"content":{"rendered":"<p><strong>Tehni\u010dke karakteristike proizvoda:<\/strong><\/p>\n<ul>\n<li>Brend: SUPER INGCO<\/li>\n<li>Model: CGSLI20686<\/li>\n<li>Napon: 20V<\/li>\n<li><strong>Brushless motor (bez \u010detkica)<\/strong><\/li>\n<li>Du\u017eina ma\u010da: 15 cm<\/li>\n<li>Brzina lanca: 11 m\/s<\/li>\n<li>Automatsko podmazivanje<\/li>\n<\/ul>\n<p><strong>Obim isporuke proizvoda:<\/strong><\/p>\n<ul>\n<li>CGSLI20686 Akumulatorska mini lan\u010dana testera SUPER INGCO<\/li>\n<li>2 x baterije 2,0 Ah (FBLI2001)<\/li>\n<li>Punja\u010d (FCLI2001E)<\/li>\n<li>Uputstvo za upotrebu proizvoda<\/li>\n<li>Plasti\u010dni transportni kofer<\/li>\n<\/ul>\n","protected":false},"excerpt":{"rendered":"<p>SUPER INGCO akumulatorska mini lan\u010dana testera CGSLI20686 idealana je za orezivanje drvec\u0301a i grmlja.<br \/>\nAkumulatorska mini lan\u010dana testera je lagan i kompaktan alat koji radi na visini i posao rezanja \u010dini posebno lakim.<br \/>\nDizajn mini aku lan\u010dane testere uklju\u010duje mnoge detalje, me\u0111u kojima se isti\u010du ergonomska ru\u010dka i odli\u010dan balans te\u017eine.<br \/>\nZbog toga ova oprema omoguc\u0301ava korisniku da brzo i efikasno radi u intenzivnim poslovima rezidbe drvec\u0301a.<br \/>\nPoseduje dugme za sigurnosno zaklju\u010davanje.<\/p>\n","protected":false},"featured_media":11584,"comment_status":"open","ping_status":"closed","template":"","meta":{"inline_featured_image":false},"product_brand":[],"product_cat":[288],"product_tag":[],"class_list":{"0":"post-11583","1":"product","2":"type-product","3":"status-publish","4":"has-post-thumbnail","6":"product_cat-akumulatorska-testera","8":"first","9":"instock","10":"sale","11":"shipping-taxable","12":"purchasable","13":"product-type-simple"},"_links":{"self":[{"href":"https:\/\/tehnikabacko.rs\/index.php\/wp-json\/wp\/v2\/product\/11583","targetHints":{"allow":["GET"]}}],"collection":[{"href":"https:\/\/tehnikabacko.rs\/index.php\/wp-json\/wp\/v2\/product"}],"about":[{"href":"https:\/\/tehnikabacko.rs\/index.php\/wp-json\/wp\/v2\/types\/product"}],"replies":[{"embeddable":true,"href":"https:\/\/tehnikabacko.rs\/index.php\/wp-json\/wp\/v2\/comments?post=11583"}],"wp:featuredmedia":[{"embeddable":true,"href":"https:\/\/tehnikabacko.rs\/index.php\/wp-json\/wp\/v2\/media\/11584"}],"wp:attachment":[{"href":"https:\/\/tehnikabacko.rs\/index.php\/wp-json\/wp\/v2\/media?parent=11583"}],"wp:term":[{"taxonomy":"product_brand","embeddable":true,"href":"https:\/\/tehnikabacko.rs\/index.php\/wp-json\/wp\/v2\/product_brand?post=11583"},{"taxonomy":"product_cat","embeddable":true,"href":"https:\/\/tehnikabacko.rs\/index.php\/wp-json\/wp\/v2\/product_cat?post=11583"},{"taxonomy":"product_tag","embeddable":true,"href":"https:\/\/tehnikabacko.rs\/index.php\/wp-json\/wp\/v2\/product_tag?post=11583"}],"curies":[{"name":"wp","href":"https:\/\/api.w.org\/{rel}","templated":true}]}}