{"id":11577,"date":"2025-11-27T11:05:11","date_gmt":"2025-11-27T11:05:11","guid":{"rendered":"https:\/\/tehnikabacko.rs\/?post_type=product&#038;p=11577"},"modified":"2025-11-27T11:05:11","modified_gmt":"2025-11-27T11:05:11","slug":"cosli250591e-aku-set-hamerbus-66nmsauber-super-ingco","status":"publish","type":"product","link":"https:\/\/tehnikabacko.rs\/index.php\/product\/cosli250591e-aku-set-hamerbus-66nmsauber-super-ingco\/","title":{"rendered":"COSLI250591E AKU SET (HAMER+BU\u0160 66NM+\u0160AUBER) SUPER INGCO"},"content":{"rendered":"<p data-end=\"16\" data-start=\"0\"><strong data-end=\"10\" data-start=\"0\">Napon:<\/strong>\u00a020V<\/p>\n<p data-end=\"31\" data-start=\"18\"><strong data-end=\"29\" data-start=\"18\">Sadr\u017ei:<\/strong><\/p>\n<ul data-end=\"323\" data-start=\"32\">\n<li data-end=\"87\" data-start=\"32\">\n<p data-end=\"87\" data-start=\"34\">Kompaktna udarna bu\u0161ilica bez \u010detkica (CIDLI206681)<\/p>\n<\/li>\n<li data-end=\"136\" data-start=\"88\">\n<p data-end=\"136\" data-start=\"90\">Akumulatorski \u0161rafilica za gips (CDSLI20428)<\/p>\n<\/li>\n<li data-end=\"182\" data-start=\"137\">\n<p data-end=\"182\" data-start=\"139\">Akumulatorski \u010deki\u0107-bu\u0161ilica (CRHLI20268)<\/p>\n<\/li>\n<li data-end=\"215\" data-start=\"183\">\n<p data-end=\"215\" data-start=\"185\">2\u00d7 baterije 4.0Ah (FBLI2002)<\/p>\n<\/li>\n<li data-end=\"239\" data-start=\"216\">\n<p data-end=\"239\" data-start=\"218\">Punja\u010d (FCLI20411E)<\/p>\n<\/li>\n<li data-end=\"301\" data-start=\"240\">\n<p data-end=\"301\" data-start=\"242\">Set od 47 delova pribora + set od 51 udarnog bit nastavka<\/p>\n<\/li>\n<li data-end=\"323\" data-start=\"302\">\n<p data-end=\"323\" data-start=\"304\">Upakovano u kofer<\/p>\n<\/li>\n<\/ul>\n<p data-end=\"354\" data-start=\"325\"><strong data-end=\"352\" data-start=\"325\">Bu\u0161ilica (CIDLI206681):<\/strong><\/p>\n<ul data-end=\"504\" data-start=\"355\">\n<li data-end=\"376\" data-start=\"355\">\n<p data-end=\"376\" data-start=\"357\">Motor bez \u010detkica<\/p>\n<\/li>\n<li data-end=\"409\" data-start=\"377\">\n<p data-end=\"409\" data-start=\"379\">Brzina: 0\u2013500 \/ 0\u20132000 o\/min<\/p>\n<\/li>\n<li data-end=\"433\" data-start=\"410\">\n<p data-end=\"433\" data-start=\"412\">Udari: 30.000 u\/min<\/p>\n<\/li>\n<li data-end=\"458\" data-start=\"434\">\n<p data-end=\"458\" data-start=\"436\">Obrtni moment: 66 Nm<\/p>\n<\/li>\n<li data-end=\"504\" data-start=\"459\">\n<p data-end=\"504\" data-start=\"461\">Metalna glava 13 mm, 2 brzine, LED svetlo<\/p>\n<\/li>\n<\/ul>\n<p data-end=\"543\" data-start=\"506\"><strong data-end=\"541\" data-start=\"506\">\u0160rafilica za gips (CDSLI20428):<\/strong><\/p>\n<ul data-end=\"622\" data-start=\"544\">\n<li data-end=\"568\" data-start=\"544\">\n<p data-end=\"568\" data-start=\"546\">Brzina: 0\u20134200 o\/min<\/p>\n<\/li>\n<li data-end=\"592\" data-start=\"569\">\n<p data-end=\"592\" data-start=\"571\">Bit: 6.35 mm (1\/4&#8243;)<\/p>\n<\/li>\n<li data-end=\"622\" data-start=\"593\">\n<p data-end=\"622\" data-start=\"595\">Max pre\u010dnik \u0161rafa: 4.2 mm<\/p>\n<\/li>\n<\/ul>\n<p data-end=\"658\" data-start=\"624\"><strong data-end=\"656\" data-start=\"624\">\u010ceki\u0107-bu\u0161ilica (CRHLI20268):<\/strong><\/p>\n<ul data-end=\"838\" data-is-last-node=\"\" data-is-only-node=\"\" data-start=\"659\">\n<li data-end=\"680\" data-start=\"659\">\n<p data-end=\"680\" data-start=\"661\">Motor bez \u010detkica<\/p>\n<\/li>\n<li data-end=\"705\" data-start=\"681\">\n<p data-end=\"705\" data-start=\"683\">Brzina: 0\u20131100 o\/min<\/p>\n<\/li>\n<li data-end=\"729\" data-start=\"706\">\n<p data-end=\"729\" data-start=\"708\">Udari: 0\u20135000 u\/min<\/p>\n<\/li>\n<li data-end=\"755\" data-start=\"730\">\n<p data-end=\"755\" data-start=\"732\">Energija udara: 2.5 J<\/p>\n<\/li>\n<li data-end=\"811\" data-start=\"756\">\n<p data-end=\"811\" data-start=\"758\">Max bu\u0161enje: beton 26 mm \/ \u010delik 13 mm \/ drvo 30 mm<\/p>\n<\/li>\n<li data-end=\"838\" data-is-last-node=\"\" data-start=\"812\">\n<p data-end=\"838\" data-is-last-node=\"\" data-start=\"814\">SDS Plus sistem prihvata<\/p>\n<\/li>\n<\/ul>\n","protected":false},"excerpt":{"rendered":"<ul>\n<li>Kompaktna udarna bu\u0161ilica bez \u010detkica (CIDLI206681)<\/li>\n<li>Akumulatorski \u0161rafilica za gips (CDSLI20428)<\/li>\n<li>Akumulatorski \u010deki\u0107-bu\u0161ilica (CRHLI20268)<\/li>\n<li>2\u00d7 baterije 4.0Ah (FBLI2002)<\/li>\n<li>Punja\u010d (FCLI20411E)<\/li>\n<li>Set od 47 delova pribora + set od 51 udarnog bit nastavka<\/li>\n<li>Upakovano u kofer<\/li>\n<\/ul>\n","protected":false},"featured_media":11578,"comment_status":"open","ping_status":"closed","template":"","meta":{"inline_featured_image":false},"product_brand":[],"product_cat":[396],"product_tag":[],"class_list":{"0":"post-11577","1":"product","2":"type-product","3":"status-publish","4":"has-post-thumbnail","6":"product_cat-aku-set-alata","8":"first","9":"instock","10":"sale","11":"shipping-taxable","12":"purchasable","13":"product-type-simple"},"_links":{"self":[{"href":"https:\/\/tehnikabacko.rs\/index.php\/wp-json\/wp\/v2\/product\/11577","targetHints":{"allow":["GET"]}}],"collection":[{"href":"https:\/\/tehnikabacko.rs\/index.php\/wp-json\/wp\/v2\/product"}],"about":[{"href":"https:\/\/tehnikabacko.rs\/index.php\/wp-json\/wp\/v2\/types\/product"}],"replies":[{"embeddable":true,"href":"https:\/\/tehnikabacko.rs\/index.php\/wp-json\/wp\/v2\/comments?post=11577"}],"wp:featuredmedia":[{"embeddable":true,"href":"https:\/\/tehnikabacko.rs\/index.php\/wp-json\/wp\/v2\/media\/11578"}],"wp:attachment":[{"href":"https:\/\/tehnikabacko.rs\/index.php\/wp-json\/wp\/v2\/media?parent=11577"}],"wp:term":[{"taxonomy":"product_brand","embeddable":true,"href":"https:\/\/tehnikabacko.rs\/index.php\/wp-json\/wp\/v2\/product_brand?post=11577"},{"taxonomy":"product_cat","embeddable":true,"href":"https:\/\/tehnikabacko.rs\/index.php\/wp-json\/wp\/v2\/product_cat?post=11577"},{"taxonomy":"product_tag","embeddable":true,"href":"https:\/\/tehnikabacko.rs\/index.php\/wp-json\/wp\/v2\/product_tag?post=11577"}],"curies":[{"name":"wp","href":"https:\/\/api.w.org\/{rel}","templated":true}]}}