{"id":11574,"date":"2025-11-26T13:56:57","date_gmt":"2025-11-26T13:56:57","guid":{"rendered":"https:\/\/tehnikabacko.rs\/?post_type=product&#038;p=11574"},"modified":"2025-11-26T13:56:57","modified_gmt":"2025-11-26T13:56:57","slug":"aparat-za-vakumiranje-ke-vs11","status":"publish","type":"product","link":"https:\/\/tehnikabacko.rs\/index.php\/product\/aparat-za-vakumiranje-ke-vs11\/","title":{"rendered":"Aparat za vakumiranje KE-VS11"},"content":{"rendered":"","protected":false},"excerpt":{"rendered":"<div dir=\"auto\">Savr\u0161en je za doma\u0107instva koja kupuju na veliko, za pripremu obroka unapred, kao i za sve ljubitelje urednog fri\u017eidera i zamrziva\u010da. Jednostavan je za kori\u0161\u0107enje \u2013 samo stavite hranu u kesu, pritisnite dugme i za par sekundi imate hermeti\u010dki zatvoreno pakovanje.<\/div>\n<div dir=\"auto\">110W 60kPa<\/div>\n<div dir=\"auto\">Vreme zavarivanja i vakumiranja 6-15 sec<\/div>\n<div dir=\"auto\">30 cm \u0161irine<\/div>\n","protected":false},"featured_media":11575,"comment_status":"open","ping_status":"closed","template":"","meta":{"inline_featured_image":false},"product_brand":[],"product_cat":[416],"product_tag":[],"class_list":{"0":"post-11574","1":"product","2":"type-product","3":"status-publish","4":"has-post-thumbnail","6":"product_cat-aparati-za-vakumiranje","8":"first","9":"instock","10":"sale","11":"shipping-taxable","12":"purchasable","13":"product-type-simple"},"_links":{"self":[{"href":"https:\/\/tehnikabacko.rs\/index.php\/wp-json\/wp\/v2\/product\/11574","targetHints":{"allow":["GET"]}}],"collection":[{"href":"https:\/\/tehnikabacko.rs\/index.php\/wp-json\/wp\/v2\/product"}],"about":[{"href":"https:\/\/tehnikabacko.rs\/index.php\/wp-json\/wp\/v2\/types\/product"}],"replies":[{"embeddable":true,"href":"https:\/\/tehnikabacko.rs\/index.php\/wp-json\/wp\/v2\/comments?post=11574"}],"wp:featuredmedia":[{"embeddable":true,"href":"https:\/\/tehnikabacko.rs\/index.php\/wp-json\/wp\/v2\/media\/11575"}],"wp:attachment":[{"href":"https:\/\/tehnikabacko.rs\/index.php\/wp-json\/wp\/v2\/media?parent=11574"}],"wp:term":[{"taxonomy":"product_brand","embeddable":true,"href":"https:\/\/tehnikabacko.rs\/index.php\/wp-json\/wp\/v2\/product_brand?post=11574"},{"taxonomy":"product_cat","embeddable":true,"href":"https:\/\/tehnikabacko.rs\/index.php\/wp-json\/wp\/v2\/product_cat?post=11574"},{"taxonomy":"product_tag","embeddable":true,"href":"https:\/\/tehnikabacko.rs\/index.php\/wp-json\/wp\/v2\/product_tag?post=11574"}],"curies":[{"name":"wp","href":"https:\/\/api.w.org\/{rel}","templated":true}]}}