{"id":11570,"date":"2025-11-26T13:31:28","date_gmt":"2025-11-26T13:31:28","guid":{"rendered":"https:\/\/tehnikabacko.rs\/?post_type=product&#038;p=11570"},"modified":"2025-11-26T13:31:28","modified_gmt":"2025-11-26T13:31:28","slug":"fuse-akumulatorska-testera-za-grane-villager-vcps-0820","status":"publish","type":"product","link":"https:\/\/tehnikabacko.rs\/index.php\/product\/fuse-akumulatorska-testera-za-grane-villager-vcps-0820\/","title":{"rendered":"Fuse akumulatorska testera za grane Villager VCPS 0820"},"content":{"rendered":"<table class=\"table product-attrbite-table\">\n<thead>\n<tr>\n<th>Karakteristika<\/th>\n<th>Vrednost<\/th>\n<\/tr>\n<\/thead>\n<tbody>\n<tr>\n<td>Kategorija<\/td>\n<td><a title=\"Fuse testere\" href=\"https:\/\/b2b.agromarket.rs\/fuse-testere\">Fuse testere<\/a><\/td>\n<\/tr>\n<tr class=\"attr-table-product-weight\">\n<td>Te\u017eina pakovanja<\/td>\n<td>4.92 kg<\/td>\n<\/tr>\n<tr class=\"attr-brend\">\n<td>Brend<\/td>\n<td><a title=\"Villager\" href=\"https:\/\/b2b.agromarket.rs\/proizvodi\/brend-villager\">Villager<\/a><\/td>\n<\/tr>\n<tr class=\"attr-tip-elektromotora\">\n<td>Tip elektromotora<\/td>\n<td>Kolektorski<\/td>\n<\/tr>\n<tr class=\"attr-tip-baterije\">\n<td>Tip baterije<\/td>\n<td>Li-ion<\/td>\n<\/tr>\n<tr class=\"attr-napon\">\n<td>Napon<\/td>\n<td>18 V<\/td>\n<\/tr>\n<tr class=\"attr-duzina-vodilice\">\n<td>Du\u017eina vodilice<\/td>\n<td>24 cm<\/td>\n<\/tr>\n<tr class=\"attr-brzina-lanca\">\n<td>Brzina lanca<\/td>\n<td>5.5 m\/s<\/td>\n<\/tr>\n<tr class=\"attr-duzina-rukohvata\">\n<td>Du\u017eina rukohvata<\/td>\n<td>190 cm \u2013 270 cm<\/td>\n<\/tr>\n<\/tbody>\n<\/table>\n<p>Vreme rada sa Fuse baterijom:<\/p>\n<p>1.5Ah \u2013 18 min<br \/>\n2Ah \u2013 25 min<br \/>\n3Ah \u2013 40 min<br \/>\n4Ah \u2013 60 min<br \/>\n6Ah \u2013 80 min<\/p>\n<p>Preporu\u010deni tipovi baterija: 3Ah, 4Ah<\/p>\n<p>Napomena: ure\u0111aj se isporu\u010duje bez punja\u010da i baterije.<\/p>\n","protected":false},"excerpt":{"rendered":"<div class=\"category\"><a title=\"Fuse testere\" href=\"https:\/\/www.villagerstore.com\/fuse-testere\">Fuse testere<\/a><\/div>\n<div class=\"code\">\n<p>\u0160ifra artikla:\u00a0060114<\/p>\n<div class=\"code\">Barkod:\u00a08605032613130<\/div>\n<\/div>\n<div class=\"product-model\">Model ure\u0111aja:\u00a0VCPS 0820<\/div>\n<div class=\"description read-more-text less\" data-characters=\"320\" data-characters-mobile=\"250\" data-lesstext=\"Manje detalja\" data-moretext=\"Detaljnije\">Fuse VCPS 0820 je aku lan\u010dana testera za grane.<br \/>\nOva alatka je vrlo korisna za orezivanje i ima \u0161iroku primenu u vo\u0107arstvu.<\/div>\n","protected":false},"featured_media":11571,"comment_status":"open","ping_status":"closed","template":"","meta":{"inline_featured_image":false},"product_brand":[],"product_cat":[422],"product_tag":[],"class_list":{"0":"post-11570","1":"product","2":"type-product","3":"status-publish","4":"has-post-thumbnail","6":"product_cat-teleskopska-testera","8":"first","9":"instock","10":"sale","11":"shipping-taxable","12":"purchasable","13":"product-type-simple"},"_links":{"self":[{"href":"https:\/\/tehnikabacko.rs\/index.php\/wp-json\/wp\/v2\/product\/11570","targetHints":{"allow":["GET"]}}],"collection":[{"href":"https:\/\/tehnikabacko.rs\/index.php\/wp-json\/wp\/v2\/product"}],"about":[{"href":"https:\/\/tehnikabacko.rs\/index.php\/wp-json\/wp\/v2\/types\/product"}],"replies":[{"embeddable":true,"href":"https:\/\/tehnikabacko.rs\/index.php\/wp-json\/wp\/v2\/comments?post=11570"}],"wp:featuredmedia":[{"embeddable":true,"href":"https:\/\/tehnikabacko.rs\/index.php\/wp-json\/wp\/v2\/media\/11571"}],"wp:attachment":[{"href":"https:\/\/tehnikabacko.rs\/index.php\/wp-json\/wp\/v2\/media?parent=11570"}],"wp:term":[{"taxonomy":"product_brand","embeddable":true,"href":"https:\/\/tehnikabacko.rs\/index.php\/wp-json\/wp\/v2\/product_brand?post=11570"},{"taxonomy":"product_cat","embeddable":true,"href":"https:\/\/tehnikabacko.rs\/index.php\/wp-json\/wp\/v2\/product_cat?post=11570"},{"taxonomy":"product_tag","embeddable":true,"href":"https:\/\/tehnikabacko.rs\/index.php\/wp-json\/wp\/v2\/product_tag?post=11570"}],"curies":[{"name":"wp","href":"https:\/\/api.w.org\/{rel}","templated":true}]}}