{"id":11566,"date":"2025-11-26T13:25:58","date_gmt":"2025-11-26T13:25:58","guid":{"rendered":"https:\/\/tehnikabacko.rs\/?post_type=product&#038;p=11566"},"modified":"2025-11-26T13:25:58","modified_gmt":"2025-11-26T13:25:58","slug":"villager-akumulatorska-lancana-testera-fuse-vbt-0520-1bsc-bateija-punjac-086674","status":"publish","type":"product","link":"https:\/\/tehnikabacko.rs\/index.php\/product\/villager-akumulatorska-lancana-testera-fuse-vbt-0520-1bsc-bateija-punjac-086674\/","title":{"rendered":"Villager \u2013 Akumulatorska lan\u010dana testera FUSE VBT 0520 -1BSC, Bateija + punja\u010d \u2013 086674"},"content":{"rendered":"<h4>Karakteristike proizvoda:<\/h4>\n<ul>\n<li>Jednostavna upotreba: Zatezanje lanca bez alata omogu\u0107ava brzo i lako pode\u0161avanje.<\/li>\n<li>Ergonomski dizajn: Mekani rukohvat pru\u017ea udobnost tokom rada.<\/li>\n<li>Mobilnost: Rad na baterije omogu\u0107ava upotrebu bez potrebe za elektri\u010dnom mre\u017eom.<\/li>\n<li>Bezbednost: Dvosistemski prekida\u010d i \u0161titnik lanca pove\u0107avaju sigurnost tokom rada<\/li>\n<\/ul>\n<h4>Specifikacija proizvoda:<\/h4>\n<ul>\n<li>Tip elektromotora: Kolektorski<\/li>\n<li>Napon: 18 V<\/li>\n<li>Broj zuba lanca: 16 zuba<\/li>\n<li>Brzina lanca: 5.6 m\/s<\/li>\n<li>Model vodilice: 1\/4, 1.3 mm<\/li>\n<li>Tip rukohvata \u2013 testere: Soft grip rukohvat<\/li>\n<li>Tip se\u010diva \u2013 testere: Vodilica i lanac<\/li>\n<\/ul>\n","protected":false},"excerpt":{"rendered":"<ul>\n<li>Akumulatorska lan\u010dana testera<\/li>\n<li>Baterija 2Ah<\/li>\n<li>Punja\u010d 2.4A<\/li>\n<li>Kofer<\/li>\n<li>\u0160titnik lanca<\/li>\n<\/ul>\n","protected":false},"featured_media":11567,"comment_status":"open","ping_status":"closed","template":"","meta":{"inline_featured_image":false},"product_brand":[],"product_cat":[288,287],"product_tag":[],"class_list":{"0":"post-11566","1":"product","2":"type-product","3":"status-publish","4":"has-post-thumbnail","6":"product_cat-akumulatorska-testera","7":"product_cat-testere","9":"first","10":"instock","11":"sale","12":"shipping-taxable","13":"purchasable","14":"product-type-simple"},"_links":{"self":[{"href":"https:\/\/tehnikabacko.rs\/index.php\/wp-json\/wp\/v2\/product\/11566","targetHints":{"allow":["GET"]}}],"collection":[{"href":"https:\/\/tehnikabacko.rs\/index.php\/wp-json\/wp\/v2\/product"}],"about":[{"href":"https:\/\/tehnikabacko.rs\/index.php\/wp-json\/wp\/v2\/types\/product"}],"replies":[{"embeddable":true,"href":"https:\/\/tehnikabacko.rs\/index.php\/wp-json\/wp\/v2\/comments?post=11566"}],"wp:featuredmedia":[{"embeddable":true,"href":"https:\/\/tehnikabacko.rs\/index.php\/wp-json\/wp\/v2\/media\/11567"}],"wp:attachment":[{"href":"https:\/\/tehnikabacko.rs\/index.php\/wp-json\/wp\/v2\/media?parent=11566"}],"wp:term":[{"taxonomy":"product_brand","embeddable":true,"href":"https:\/\/tehnikabacko.rs\/index.php\/wp-json\/wp\/v2\/product_brand?post=11566"},{"taxonomy":"product_cat","embeddable":true,"href":"https:\/\/tehnikabacko.rs\/index.php\/wp-json\/wp\/v2\/product_cat?post=11566"},{"taxonomy":"product_tag","embeddable":true,"href":"https:\/\/tehnikabacko.rs\/index.php\/wp-json\/wp\/v2\/product_tag?post=11566"}],"curies":[{"name":"wp","href":"https:\/\/api.w.org\/{rel}","templated":true}]}}